{"id":778,"date":"2018-07-16T16:25:33","date_gmt":"2018-07-16T09:25:33","guid":{"rendered":"http:\/\/vitamin.demo.xemwebmau.com\/?post_type=product&#038;p=778"},"modified":"2022-03-31T14:48:57","modified_gmt":"2022-03-31T07:48:57","slug":"pnkids-brain-power-omega-3-dha-30-vien","status":"publish","type":"product","link":"https:\/\/vitamin.webmaudep.net\/?product=pnkids-brain-power-omega-3-dha-30-vien","title":{"rendered":"PNKIDS Brain Power Omega 3 \u2013 DHA 30 vi\u00ean"},"content":{"rendered":"<p style=\"text-align: center;\"><span style=\"color: #000080;\"><strong>K\u1eb9o d\u1ebbo PNKIDS Brain Power Omega 3 \u2013 DHA<\/strong>\u00a0<strong> :T\u1eacP TRUNG CAO \u0110\u1ed8: OMEGA-3 DHA + EPA HO\u00c0N CH\u1ec8NH<\/strong><\/span><\/p>\n<p>\u0110\u01b0\u1ee3c bi\u1ebft \u0111\u1ebfn v\u1edbi l\u1ee3i \u00edch c\u1ee7a n\u00f3 trong s\u1ef1 ph\u00e1t tri\u1ec3n c\u1ee7a n\u00e3o v\u00e0 t\u1eadp trung t\u1ed1t h\u01a1n, Omega-3 DHA l\u00e0 \u0111\u1eb7c bi\u1ec7t c\u1ea7n thi\u1ebft cho con tr\u1ebb n\u01a1i n\u1ec1n t\u1ea3ng c\u1ee7a ph\u00e1t tri\u1ec3n \u1edf t\u1ed1c \u0111\u1ed9 nhanh nh\u1ea5t.<\/p>\n<p><strong>K\u1eb9o d\u1ebbo PNKIDS Brain Power Omega 3 DHA<\/strong>\u00a0b\u1ed5 sung c\u00e1c d\u01b0\u1ee1ng ch\u1ea5t c\u1ea7n thi\u1ebft nh\u01b0 Omega 3 DHA gi\u00fap h\u1ed7 tr\u1ee3 ph\u00e1t tri\u1ec3n tr\u00ed n\u00e3o cho tr\u1ebb gi\u00fap tr\u1ebb em th\u00f4ng minh v\u00e0 s\u00e1ng t\u1ea1o c\u00f9ng v\u1edbi h\u01b0\u01a1ng v\u1ecb tr\u00e1i c\u00e2y d\u1ecbu ng\u1ecdt gi\u00fap tr\u1ebb th\u00edch th\u00fa h\u01a1n khi s\u1eed d\u1ee5ng.<\/p>\n<p><img decoding=\"async\" loading=\"lazy\" class=\"wp-image-779 aligncenter\" src=\"http:\/\/vitamin.webmaudep.net\/wp-content\/uploads\/2018\/07\/Brain-Power-871x1024.png\" alt=\"\" width=\"319\" height=\"375\" srcset=\"https:\/\/vitamin.webmaudep.net\/wp-content\/uploads\/2018\/07\/Brain-Power-871x1024.png 871w, https:\/\/vitamin.webmaudep.net\/wp-content\/uploads\/2018\/07\/Brain-Power-300x353.png 300w, https:\/\/vitamin.webmaudep.net\/wp-content\/uploads\/2018\/07\/Brain-Power-600x706.png 600w, https:\/\/vitamin.webmaudep.net\/wp-content\/uploads\/2018\/07\/Brain-Power-255x300.png 255w, https:\/\/vitamin.webmaudep.net\/wp-content\/uploads\/2018\/07\/Brain-Power-768x903.png 768w, https:\/\/vitamin.webmaudep.net\/wp-content\/uploads\/2018\/07\/Brain-Power.png 1000w\" sizes=\"(max-width: 319px) 100vw, 319px\" \/><\/p>\n<p><strong><span style=\"color: #000080;\">Th\u00e0nh ph\u1ea7n<\/span>:<\/strong>\u00a0DHA, EPA, Corn syrup, \u0111\u01b0\u1eddng, n\u01b0\u1edbc, pectin, Axit Citric, H\u01b0\u01a1ng li\u1ec7u v\u00e0 m\u00e0u t\u1ef1 nhi\u00ean.<\/p>\n<p><img decoding=\"async\" loading=\"lazy\" class=\"alignnone size-medium wp-image-780 alignleft\" src=\"http:\/\/vitamin.webmaudep.net\/wp-content\/uploads\/2018\/07\/PNKids-supplement-facts_PNKids-Brain-Power-282x300.jpg\" alt=\"\" width=\"282\" height=\"300\" srcset=\"https:\/\/vitamin.webmaudep.net\/wp-content\/uploads\/2018\/07\/PNKids-supplement-facts_PNKids-Brain-Power-282x300.jpg 282w, https:\/\/vitamin.webmaudep.net\/wp-content\/uploads\/2018\/07\/PNKids-supplement-facts_PNKids-Brain-Power-300x319.jpg 300w, https:\/\/vitamin.webmaudep.net\/wp-content\/uploads\/2018\/07\/PNKids-supplement-facts_PNKids-Brain-Power.jpg 450w\" sizes=\"(max-width: 282px) 100vw, 282px\" \/><\/p>\n<p><span style=\"color: #000080;\"><strong>C\u00f4ng d\u1ee5ng PNKIDS Brain Power Omega 3 DHA<\/strong><\/span>\u00a0:\u00a0B\u1ed5 sung DHA v\u00e0 EPA gi\u00fap t\u0103ng c\u01b0\u1eddng th\u1ecb l\u1ef1c, ho\u00e0n thi\u1ec7n n\u00e3o b\u1ed9.<\/p>\n<p><span style=\"color: #000080;\"><strong>\u0110\u1ed1i t\u01b0\u1ee3ng s\u1eed d\u1ee5ng:<\/strong><\/span><\/p>\n<p>Tr\u1ebb em t\u1eeb 2 tu\u1ed5i tr\u1edf l\u00ean.<\/p>\n<p><span style=\"color: #000080;\"><strong>H\u01b0\u1edbng d\u1eabn s\u1eed d\u1ee5ng:<\/strong><\/span><\/p>\n<p>Nhai tr\u1ef1c ti\u1ebfp, 1-2 vi\u00ean\/l\u1ea7n, ng\u00e0y 2 l\u1ea7n.<\/p>\n<p><strong>B\u1ea3o qu\u1ea3n:<\/strong><\/p>\n<p>Trong l\u1ecd k\u00edn, \u0111\u1ec3 n\u01a1i kh\u00f4 r\u00e1o, tho\u00e1ng m\u00e1t, tr\u00e1nh \u00e1nh n\u1eafng tr\u1ef1c ti\u1ebfp.<\/p>\n<p><strong><em>*Th\u1ef1c ph\u1ea9m n\u00e0y kh\u00f4ng ph\u1ea3i l\u00e0 thu\u1ed1c kh\u00f4ng c\u00f3 t\u00e1c d\u1ee5ng thay th\u1ebf thu\u1ed1c ch\u1eefa b\u1ec7nh.<\/em><\/strong><\/p>\n<p style=\"text-align: center;\"><span style=\"color: #000080;\"><strong>Vai tr\u00f2 c\u1ee7a EPA v\u00e0 DHA v\u1edbi th\u1ecb l\u1ef1c<\/strong><\/span><\/p>\n<p>DHA v\u00e0 EPA l\u00e0 hai th\u00e0nh ph\u1ea7n t\u00edch c\u1ef1c ch\u1ee7 y\u1ebfu c\u1ee7a c\u00e1c axit b\u00e9o omega-3. Tuy nhi\u00ean, DHA l\u00e0 m\u1ed9t th\u00e0nh ph\u1ea7n ch\u00ednh c\u1ee7a m\u00e0ng t\u1ebf b\u00e0o th\u1ea7n kinh v\u00e0 m\u1eaft, c\u1ea7n thi\u1ebft cho ho\u1ea1t \u0111\u1ed9ng t\u00e2m tr\u00ed v\u00e0 th\u1ecb l\u1ef1c<\/p>\n<p>DHA l\u00e0 axit b\u00e9o n\u1ed5i tr\u1ed9i nh\u1ea5t trong h\u1ec7 th\u1ea7n kinh trung \u01b0\u01a1ng (n\u00e3o v\u00e0 tu\u1ef7 s\u1ed1ng), \u0111\u01b0\u1ee3c t\u00ecm th\u1ea5y trong th\u00e0nh c\u1ea5u tr\u00fac c\u1ee7a t\u1ebf b\u00e0o n\u00e3o. Th\u1eadt l\u00e0 kinh ng\u1ea1c, n\u00e3o c\u1ee7a b\u00e0o thai c\u00f3 60% lipid ho\u1eb7c m\u00f4 m\u1ee1, m\u00e0 40% trong \u0111\u00f3 l\u00e0 DHA. \u1ede trong t\u1eed cung, thai nhi \u0111\u00f2i h\u1ecfi m\u1ed9t l\u01b0\u1ee3ng t\u0103ng h\u1ea5p thu DHA l\u1edbn \u0111\u1ec3 t\u01b0\u01a1ng \u1ee9ng v\u1edbi l\u01b0\u1ee3ng DHA c\u1ee7a n\u00e3o t\u0103ng l\u00ean trong th\u1eddi k\u1ef3 mang thai v\u00e0 trong c\u00e1c th\u00e1ng sau khi sinh. \u0110i\u1ec1u n\u00e0y \u0111\u01b0\u1ee3c ch\u1ee9ng minh ngay khi sinh, tr\u1ecdng l\u01b0\u1ee3ng n\u00e3o c\u1ee7a em b\u00e9 b\u1eb1ng kho\u1ea3ng 70% tr\u1ecdng l\u01b0\u1ee3ng n\u00e3o c\u1ee7a ng\u01b0\u1eddi tr\u01b0\u1edfng th\u00e0nh, c\u00f2n 15% s\u1ef1 ph\u00e1t tri\u1ec3n c\u1ee7a n\u00e3o x\u1ea3y ra trong c\u00e1c n\u0103m th\u01a1 \u1ea5u v\u00e0 tr\u01b0\u1edbc khi t\u1edbi tr\u01b0\u1eddng.<\/p>\n<p>DHA c\u00f3 vai tr\u00f2 quan tr\u1ecdng trong su\u1ed1t qu\u00e1 tr\u00ecnh ph\u00e1t tri\u1ec3n n\u00e0y. DHA t\u1eadp trung nhi\u1ec1u h\u01a1n \u1edf v\u00f5ng m\u1ea1c, \u1edf \u0111\u00f3 n\u00f3 chi\u1ebfm t\u1edbi 60% l\u01b0\u1ee3ng axit b\u00e9o. Nghi\u00ean c\u1ee9u \u0111\u00e3 ch\u1ec9 ra r\u1eb1ng khi tr\u1ebb \u0111ang ph\u00e1t tri\u1ec3n nh\u1eadn \u0111\u01b0\u1ee3c DHA trong su\u1ed1t qu\u00e1 tr\u00ecnh mang thai v\u00e0 cho con b\u00fa, th\u00ec m\u1ee9c \u0111\u1ed9 l\u01b0u th\u00f4ng c\u1ee7a DHA cao h\u01a1n, c\u00f3 th\u1ec3 gi\u00fap nu\u00f4i d\u01b0\u1ee1ng s\u1ef1 ph\u00e1t tri\u1ec3n c\u1ee7a m\u1eaft v\u00e0 th\u1ecb l\u1ef1c t\u1ed1t.<\/p>\n<p>Ngo\u00e0i ra, DHA c\u0169ng r\u1ea5t c\u1ea7n thi\u1ebft cho s\u1ef1 ph\u00e1t tri\u1ec3n c\u1ee7a m\u1eaft v\u00e0 h\u1ec7 th\u1ea7n kinh. Th\u00ed nghi\u1ec7m nghi\u00ean c\u1ee9u tr\u00ean \u0111\u1ed9ng v\u1eadt c\u0169ng cho th\u1ea5y h\u00e0m l\u01b0\u1ee3ng DHA cao c\u00f3 trong h\u1ec7 th\u1ea7n kinh nh\u01b0 v\u00f5ng m\u1ea1c hay n\u00e3o.<\/p>\n<p>Vi\u1ec7c thi\u1ebfu DHA c\u00f3 th\u1ec3 gi\u1ea3m tr\u00ed th\u00f4ng minh \u1edf tr\u1ebb. M\u1ed9t nghi\u00ean c\u1ee9u \u1edf M\u1ef9 theo d\u00f5i tr\u1ebb nh\u1ecf t\u1eeb 8\u22129 tu\u1ed5i cho th\u1ea5y, nh\u1eefng b\u00e9 \u0111\u01b0\u1ee3c b\u00fa s\u1eefa m\u1eb9 v\u00e0 \u0111\u01b0\u1ee3c cung c\u1ea5p \u0111\u1ee7 l\u01b0\u1ee3ng DHA c\u00f3 \u0111i\u1ec3m s\u1ed1 th\u00f4ng minh cao h\u01a1n 8,3 \u0111i\u1ec3m so v\u1edbi nh\u1eefng b\u00e9 \u0111\u01b0\u1ee3c cho u\u1ed1ng s\u1eefa <span style=\"color: #000080;\"><strong>K\u1eb9o d\u1ebbo<\/strong> <strong>PNKIDS Brain Power Omega 3 DHA b\u1ed5 sung DHA v\u00e0 EPA theo li\u1ec1u khuy\u1ebfn ngh\u1ecb.<\/strong><\/span><\/p>\n<p style=\"text-align: center;\"><span style=\"color: #339966;\"><strong>L\u1ecbch s\u1eed th\u01b0\u01a1ng hi\u1ec7u PNKids \u2013 M\u1ef9<\/strong><\/span><\/p>\n<p>PNKids l\u00e0 th\u01b0\u01a1ng hi\u1ec7u b\u1ed5 sung c\u1ee7a PrincipleNutrition \u2013 m\u1ed9t th\u01b0\u01a1ng hi\u1ec7u \u0111\u00e1ng tin c\u1eady v\u1ec1 s\u1ee9c kh\u1ecfe chung v\u00e0 th\u1ef1c ph\u1ea9m ch\u1ee9c n\u0103ng. PrincipleNutrition v\u00e0 c\u00e1c th\u01b0\u01a1ng hi\u1ec7u con c\u1ee7a n\u00f3 \u0111\u1ec1u \u0111\u01b0\u1ee3c s\u1ea3n xu\u1ea5t \u1edf M\u1ef9 theo ti\u00eau chu\u1ea9n GMP c\u1ee7a FDA Hoa K\u1ef3, ho\u00e0n to\u00e0n \u0111\u1ea3m b\u1ea3o ti\u00eau chu\u1ea9n ch\u1ea5t l\u01b0\u1ee3ng cao ph\u00f9 h\u1ee3p trong m\u1ed7i chai. \u0110\u1ed1i t\u00e1c c\u1ee7a ch\u00fang t\u00f4i Crimson Pharma Inc., \u0111\u00e3 c\u00f3 m\u1eb7t tr\u00ean th\u1ecb tr\u01b0\u1eddng t\u1eeb n\u0103m 1971.<\/p>\n<p>PNKids cung c\u1ea5p m\u1ed9t lo\u1ea1t th\u1ef1c ph\u1ea9m b\u1ed5 sung cho s\u1ee9c kh\u1ecfe \u0111\u1ea1t gi\u1ea3i th\u01b0\u1edfng d\u00e0nh cho tr\u1ebb em v\u00e0 nhu c\u1ea7u dinh d\u01b0\u1ee1ng c\u1ee7a ch\u00fang. PNKids \u0111\u00e3 \u0111\u01b0\u1ee3c trao gi\u1ea3i th\u01b0\u1edfng \u201cth\u01b0\u01a1ng hi\u1ec7u h\u00e0ng \u0111\u1ea7u\u201d v\u1ec1 lo\u1ea1i th\u1ef1c ph\u1ea9m b\u1ed5 sung trong ch\u1ebf \u0111\u1ed9 \u0103n u\u1ed1ng c\u1ee7a tr\u1ebb \u1edf c\u00e1c n\u01b0\u1edbc kh\u00e1c nhau tr\u00ean to\u00e0n th\u1ebf gi\u1edbi. T\u1ea5t c\u1ea3 c\u00e1c s\u1ea3n ph\u1ea9m \u0111\u01b0\u1ee3c s\u1ea3n xu\u1ea5t ch\u1ec9 t\u1eeb c\u00e1c th\u00e0nh ph\u1ea7n cao c\u1ea5p v\u00e0 ho\u00e0n to\u00e0n kh\u00f4ng c\u00f3 h\u01b0\u01a1ng v\u1ecb nh\u00e2n t\u1ea1o v\u00e0 ph\u1ea9m m\u00e0u.<\/p>\n<p>\u0110\u1ec3 \u0111\u1ea3m b\u1ea3o mua \u0111\u01b0\u1ee3c h\u00e0ng ch\u00ednh h\u00e3ng, gi\u00e1 t\u1ed1t nh\u1ea5t th\u1ecb tr\u01b0\u1eddng th\u00ec b\u1ea1n n\u00ean t\u00ecm mua t\u1ea1i c\u00e1c \u0111\u1ecba \u0111i\u1ec3m c\u00f3 uy t\u00edn v\u00e0 th\u01b0\u01a1ng hi\u1ec7u nh\u01b0 mau1.maudep.com.vn\/tpcn &#8211; \u0110\u1ecba ch\u1ec9 chuy\u00ean cung c\u1ea5p c\u00e1c s\u1ea3n ph\u1ea9m ch\u1ea5t l\u01b0\u1ee3ng cao, an to\u00e0n v\u00e0 hi\u1ec7u qu\u1ea3. Khi mua<strong> K\u1eb9o d\u1ebbo PNKIDS Brain Power Omega 3 DHA<\/strong>\u00a0 b\u1ea1n kh\u00f4ng nh\u1eefng \u0111\u01b0\u1ee3c h\u01b0\u1edfng m\u1ee9c gi\u00e1 \u01b0u \u0111\u00e3i nh\u1ea5t m\u00e0 c\u00f2n \u0111\u01b0\u1ee3c \u0111\u1ea3m b\u1ea3o v\u1ec1 ch\u1ea5t l\u01b0\u1ee3ng s\u1ea3n ph\u1ea9m t\u1ed1t nh\u1ea5t c\u0169ng nh\u01b0 \u0111\u1ed9i ng\u0169 chuy\u00ean gia t\u01b0 v\u1ea5n l\u00e0 th\u1ea1c s\u0129, d\u01b0\u1ee3c s\u0129 trong su\u1ed1t qu\u00e1 tr\u00ecnh s\u1eed d\u1ee5ng s\u1ea3n ph\u1ea9m.<\/p>\n<p style=\"text-align: center;\"><span style=\"color: #ff6600;\"><b>QUAN S\u00c1T PNKID BRAIN POWER- B\u1ed4 SUNG DHA CHO N\u00c3O B\u1ed8<\/b><\/span><\/p>\n<p>\u00a0 \u00a0 \u00a0 \u00a0 \u00a0 \u00a0 \u00a0 \u00a0 \u00a0 \u00a0 \u00a0 \u00a0 \u00a0 \u00a0 \u00a0 \u00a0 <iframe loading=\"lazy\" title=\"YouTube video player\" src=\"https:\/\/www.youtube.com\/embed\/b75h0PLZBPo\" width=\"560\" height=\"315\" frameborder=\"0\" allowfullscreen=\"allowfullscreen\"><\/iframe><\/p>\n<p><img decoding=\"async\" loading=\"lazy\" class=\"alignnone wp-image-711 size-large\" src=\"http:\/\/vitamin.webmaudep.net\/wp-content\/uploads\/2018\/06\/cam-k\u1ebft-web-vitamin-1024x576.jpg\" alt=\"\" width=\"1000\" height=\"563\" srcset=\"https:\/\/vitamin.webmaudep.net\/wp-content\/uploads\/2018\/06\/cam-k\u1ebft-web-vitamin-1024x576.jpg 1024w, https:\/\/vitamin.webmaudep.net\/wp-content\/uploads\/2018\/06\/cam-k\u1ebft-web-vitamin-300x169.jpg 300w, https:\/\/vitamin.webmaudep.net\/wp-content\/uploads\/2018\/06\/cam-k\u1ebft-web-vitamin-600x337.jpg 600w, https:\/\/vitamin.webmaudep.net\/wp-content\/uploads\/2018\/06\/cam-k\u1ebft-web-vitamin-768x432.jpg 768w\" sizes=\"(max-width: 1000px) 100vw, 1000px\" \/><\/p>\n","protected":false},"excerpt":{"rendered":"<p style=\"margin: 0cm; margin-bottom: .0001pt; text-align: justify; line-height: 150%; background: white;\"><span style=\"color: #33cccc; font-size: 14pt;\"><strong><span style=\"line-height: 150%;\">K\u1eb9o d\u1ebbo PNKIDS Brain Power Omega 3 DHA<\/span><\/strong><\/span><span style=\"font-size: 14.0pt; line-height: 150%;\">\u00a0b\u1ed5 sung c\u00e1c d\u01b0\u1ee1ng ch\u1ea5t c\u1ea7n thi\u1ebft nh\u01b0 Omega 3 DHA gi\u00fap h\u1ed7 tr\u1ee3 ph\u00e1t tri\u1ec3n tr\u00ed n\u00e3o cho tr\u1ebb gi\u00fap tr\u1ebb em th\u00f4ng minh v\u00e0 s\u00e1ng t\u1ea1o c\u00f9ng v\u1edbi h\u01b0\u01a1ng v\u1ecb tr\u00e1i c\u00e2y d\u1ecbu ng\u1ecdt gi\u00fap tr\u1ebb th\u00edch th\u00fa h\u01a1n khi s\u1eed d\u1ee5ng.<\/span><\/p>\n","protected":false},"featured_media":779,"comment_status":"open","ping_status":"closed","template":"","meta":[],"product_cat":[762],"product_tag":[155,154,152,153,151],"_links":{"self":[{"href":"https:\/\/vitamin.webmaudep.net\/index.php?rest_route=\/wp\/v2\/product\/778"}],"collection":[{"href":"https:\/\/vitamin.webmaudep.net\/index.php?rest_route=\/wp\/v2\/product"}],"about":[{"href":"https:\/\/vitamin.webmaudep.net\/index.php?rest_route=\/wp\/v2\/types\/product"}],"replies":[{"embeddable":true,"href":"https:\/\/vitamin.webmaudep.net\/index.php?rest_route=%2Fwp%2Fv2%2Fcomments&post=778"}],"wp:featuredmedia":[{"embeddable":true,"href":"https:\/\/vitamin.webmaudep.net\/index.php?rest_route=\/wp\/v2\/media\/779"}],"wp:attachment":[{"href":"https:\/\/vitamin.webmaudep.net\/index.php?rest_route=%2Fwp%2Fv2%2Fmedia&parent=778"}],"wp:term":[{"taxonomy":"product_cat","embeddable":true,"href":"https:\/\/vitamin.webmaudep.net\/index.php?rest_route=%2Fwp%2Fv2%2Fproduct_cat&post=778"},{"taxonomy":"product_tag","embeddable":true,"href":"https:\/\/vitamin.webmaudep.net\/index.php?rest_route=%2Fwp%2Fv2%2Fproduct_tag&post=778"}],"curies":[{"name":"wp","href":"https:\/\/api.w.org\/{rel}","templated":true}]}}