{"id":774,"date":"2018-07-16T16:04:53","date_gmt":"2018-07-16T09:04:53","guid":{"rendered":"http:\/\/vitamin.demo.xemwebmau.com\/?post_type=product&#038;p=774"},"modified":"2022-04-13T16:12:54","modified_gmt":"2022-04-13T09:12:54","slug":"vien-sang-mat-pn-kids-bright-eyes-30-vien","status":"publish","type":"product","link":"https:\/\/vitamin.webmaudep.net\/?product=vien-sang-mat-pn-kids-bright-eyes-30-vien","title":{"rendered":"Vi\u00ean s\u00e1ng m\u1eaft PN Kids Bright Eyes 30 vi\u00ean"},"content":{"rendered":"<h2 style=\"text-align: center;\"><span style=\"color: #0000ff;\"><strong>PN Kids Bright Eyes<\/strong>\u00a0<strong>&#8211; TH\u1eca L\u1ef0C: VITAMIN A + 11 LO\u1ea0I DINH D\u01af\u1ee0NG KH\u00c1C<\/strong><\/span><\/h2>\n<p>&nbsp;<\/p>\n<h3><strong>Th\u00f4ng tin v\u1ec1 s\u1ea3n ph\u1ea9m:<\/strong><\/h3>\n<p>T\u00ean s\u1ea3n ph\u1ea9m:PN Kids Bright Eyes<\/p>\n<p>Quy c\u00e1ch: 30 vi\u00ean<\/p>\n<p>D\u1ea1ng: Vi\u00ean m\u1ec1m<\/p>\n<p>H\u1ea1n d\u00f9ng: 36 th\u00e1ng k\u1ec3 t\u1eeb ng\u00e0y s\u1ea3n xu\u1ea5t<\/p>\n<p>B\u1ea3o qu\u1ea3n: N\u01a1i kh\u00f4 r\u00e1o, tr\u00e1nh \u00e1nh s\u00e1ng m\u1eb7t tr\u1eddi<\/p>\n<p>Th\u01b0\u01a1ng hi\u1ec7u: PNKids<\/p>\n<p>Xu\u1ea5t x\u1ee9: VITAMEC USA<\/p>\n<p>Nghi\u00ean c\u1ee9u \u0111\u00e3 ch\u1ec9 ra r\u1eb1ng th\u1ecb l\u1ef1c t\u1ed1t h\u1ed7 tr\u1ee3 t\u00edch h\u1ecdc t\u1eadp t\u1ed1t. Tuy nhi\u00ean, s\u1eed d\u1ee5ng m\u00e1y t\u00ednh v\u00e0 \u0111i\u1ec7n tho\u1ea1i th\u00f4ng minh d\u1ec5 d\u1eabn \u0111\u1ebfn v\u1ea5n \u0111\u1ec1 v\u1ec1 m\u1eaft \u0111\u1eb7c bi\u1ec7t v\u1edbi tr\u1ebb nh\u1ecf.<\/p>\n<p>Dinh d\u01b0\u1ee1ng v\u00e0 ch\u0103m s\u00f3c th\u00edch h\u1ee3p l\u00e0 r\u1ea5t quan tr\u1ecdng \u0111\u1ec3 c\u00f3 th\u1ecb l\u1ef1c t\u1ed1t, \u0111\u1eb7c bi\u1ec7t l\u00e0 khi \u0111\u00f4i m\u1eaft c\u1ee7a tr\u1ebb em l\u00e0 trong giai \u0111o\u1ea1n ph\u00e1t tri\u1ec3n. \u0110\u1ec3 th\u00fac \u0111\u1ea9y t\u1ea7m nh\u00ecn c\u1ee7a con b\u1ea1n, PrincipleNutrition ph\u00e1t tri\u1ec3n PN Kids Bright Eyes. c\u00f4ng th\u1ee9c m\u1edbi n\u00e0y \u0111\u1eb7c bi\u1ec7t ch\u1ee9a Vitamin A -a ch\u1ea5t dinh d\u01b0\u1ee1ng gi\u00fap s\u1ea3n xu\u1ea5t s\u1eafc t\u1ed1 c\u1ee7a v\u00f5ng m\u1ea1c. Vitamin C, D, E, folic, B12 c\u0169ng \u0111\u01b0\u1ee3c t\u00ecm th\u1ea5y trong c\u00e1c vi\u00ean nhai h\u01b0\u01a1ng v\u1ecb tuy\u1ec7t v\u1eddi \u0111\u1ec3 ho\u1ea1t \u0111\u1ed9ng ch\u1ed1ng oxy h\u00f3a nh\u01b0 b\u1ea3o v\u1ec7 ch\u1ed1ng l\u1ea1i b\u1ee5i b\u1ea9n, l\u00e0m h\u01b0 h\u1ea1i \u00e1nh n\u1eafng m\u1eb7t tr\u1eddi, v\u00e0 tho\u00e1i h\u00f3a \u0111i\u1ec3m v\u00e0ng.<\/p>\n<p><img decoding=\"async\" loading=\"lazy\" class=\"aligncenter wp-image-775 size-full\" src=\"http:\/\/vitamin.webmaudep.net\/wp-content\/uploads\/2018\/07\/bright-eyes-pnkids-vien-nhai-deo-ho-tro-sang-mat.jpeg\" alt=\"\" width=\"200\" height=\"370\" srcset=\"https:\/\/vitamin.webmaudep.net\/wp-content\/uploads\/2018\/07\/bright-eyes-pnkids-vien-nhai-deo-ho-tro-sang-mat.jpeg 200w, https:\/\/vitamin.webmaudep.net\/wp-content\/uploads\/2018\/07\/bright-eyes-pnkids-vien-nhai-deo-ho-tro-sang-mat-162x300.jpeg 162w\" sizes=\"(max-width: 200px) 100vw, 200px\" \/><\/p>\n<h3><span style=\"color: #0000ff;\"><strong>Th\u00e0nh ph\u1ea7n <\/strong><strong>PN Kids Bright Eyes<\/strong><\/span><\/h3>\n<p>Vitamin A, C, D, E, B1, B2, B6, B12,\u00a0Calories, Carbohydrates, Sugar, Niacin, Folic Acid, Patothenic Acid, Biotin, Iodine, Mangnesium, Zinc, Choline, Inositol and Sodium,\u00a0Corn Syrup, Water, Sugar, Pectin, Citric Acid, Sugar coated.<\/p>\n<h4><strong>Vitamin A l\u00e0 m\u1ed9t lo\u1ea1i vitamin tan trong ch\u1ea5t b\u00e9o v\u00e0 l\u00e0 m\u1ed9t ch\u1ea5t dinh d\u01b0\u1ee1ng c\u1ea7n<\/strong><\/h4>\n<p>thi\u1ebft cho con ng\u01b0\u1eddi. N\u00f3 l\u00e0 m\u1ed9t nh\u00f3m c\u00e1c h\u1ee3p ch\u1ea5t h\u1eefu c\u01a1 bao g\u1ed3m retinol, retinal(c\u00f2n \u0111\u01b0\u1ee3c g\u1ecdi l\u00e0 retinaldehyde), axit retinoic v\u00e0 m\u1ed9t s\u1ed1 carotenoid provitamin A(\u0111\u00e1ng ch\u00fa \u00fd nh\u1ea5t l\u00e0 beta-caroteneVitamin A c\u00f3 nhi\u1ec1u ch\u1ee9c n\u0103ng: n\u00f3 c\u1ea7n thi\u1ebft cho s\u1ef1 ph\u00e1t tri\u1ec3n v\u00e0 t\u0103ng tr\u01b0\u1edfng c\u1ee7aph\u00f4i thai, \u0111\u1ec3 duy tr\u00ec h\u1ec7 th\u1ed1ng mi\u1ec5n d\u1ecbch v\u00e0 th\u1ecb l\u1ef1c, n\u01a1i n\u00f3 k\u1ebft h\u1ee3p v\u1edbi protein opsin\u0111\u1ec3 t\u1ea1o th\u00e0nh rhodopsin &#8211; ph\u00e2n t\u1eed h\u1ea5p th\u1ee5 \u00e1nh s\u00e1ng c\u1ea7n thi\u1ebft cho c\u1ea3 \u00e1nh s\u00e1ng y\u1ebfu (t\u1ea7m nh\u00ecn xa) v\u00e0 t\u1ea7m nh\u00ecn m\u00e0u s\u1eafc.<\/p>\n<h4>Vitamin A xu\u1ea5t hi\u1ec7n d\u01b0\u1edbi hai d\u1ea1ng ch\u00ednh trong th\u1ef1c ph\u1ea9m:<\/h4>\n<p>A) retinol, \u0111\u01b0\u1ee3c t\u00ecmth\u1ea5y trong th\u1ef1c ph\u1ea9m c\u00f3 ngu\u1ed3n g\u1ed1c \u0111\u1ed9ng v\u1eadt, \u1edf d\u1ea1ng retinol ho\u1eb7c li\u00ean k\u1ebft v\u1edbi axitb\u00e9o \u0111\u1ec3 tr\u1edf th\u00e0nh retinyl ester v\u00e0 B) carotenoid alpha-carotene, \u03b2-carotene, gamma -carotene v\u00e0 xanthophyll beta-cryptoxanthin (t\u1ea5t c\u1ea3 \u0111\u1ec1u ch\u1ee9a v\u00f2ng \u03b2-ionone) c\u00f3ch\u1ee9c n\u0103ng nh\u01b0 provitamin A \u1edf \u0111\u1ed9ng v\u1eadt \u0103n c\u1ecf v\u00e0 \u0103n t\u1ea1p c\u00f3 c\u00e1c enzym ph\u00e2n c\u1eaft v\u00e0chuy\u1ec3n \u0111\u1ed5i provitamin carotenoid th\u00e0nh retinal v\u00e0 sau \u0111\u00f3 th\u00e0nh retinol. M\u1ed9t s\u1ed1 lo\u00e0i\u0103n th\u1ecbt thi\u1ebfu enzym n\u00e0y. C\u00e1c carotenoid kh\u00e1c kh\u00f4ng c\u00f3 ho\u1ea1t t\u00ednh vitamin.<\/p>\n<p>Retinol trong ch\u1ebf \u0111\u1ed9 \u0103n u\u1ed1ng \u0111\u01b0\u1ee3c h\u1ea5p th\u1ee5 t\u1eeb \u0111\u01b0\u1eddng ti\u00eau h\u00f3a th\u00f4ng qua khu\u1ebfch t\u00e1nth\u1ee5 \u0111\u1ed9ng. Kh\u00f4ng gi\u1ed1ng nh\u01b0 retinol, \u03b2-carotene \u0111\u01b0\u1ee3c h\u1ea5p th\u1ee5 b\u1edfi c\u00e1c t\u1ebf b\u00e0o ru\u1ed9t b\u1edfith\u1ee5 th\u1ec3 x\u00e1c \u0111\u1ecbnh protein v\u1eadn chuy\u1ec3n m\u00e0ng B1 (SCARB1), \u0111\u01b0\u1ee3c \u0111i\u1ec1u h\u00f2a trong th\u1eddigian thi\u1ebfu vitamin A. D\u1ef1 tr\u1eef retinol n\u1eb1m trong c\u00e1c gi\u1ecdt lipid trong gan. Kh\u1ea3 n\u0103ngl\u01b0u tr\u1eef l\u00e2u d\u00e0i c\u1ee7a retinol cao c\u00f3 ngh\u0129a l\u00e0 nh\u1eefng ng\u01b0\u1eddi \u0111\u01b0\u1ee3c nu\u00f4i d\u01b0\u1ee1ng t\u1ed1t c\u00f3 th\u1ec3th\u1ef1c hi\u1ec7n ch\u1ebf \u0111\u1ed9 \u0103n thi\u1ebfu vitamin A v\u00e0 \u03b2-carotene h\u00e0ng th\u00e1ng tr\u1eddi, trong khi duy tr\u00ecn\u1ed3ng \u0111\u1ed9 trong m\u00e1u \u1edf m\u1ee9c b\u00ecnh th\u01b0\u1eddng. Ch\u1ec9 khi c\u00e1c kho d\u1ef1 tr\u1eef trong gan g\u1ea7n nh\u01b0c\u1ea1n ki\u1ec7t th\u00ec c\u00e1c d\u1ea5u hi\u1ec7u v\u00e0 tri\u1ec7u ch\u1ee9ng c\u1ee7a s\u1ef1 thi\u1ebfu h\u1ee5t m\u1edbi xu\u1ea5t hi\u1ec7n. Retinol\u0111\u01b0\u1ee3c chuy\u1ec3n \u0111\u1ed5i m\u1ed9t c\u00e1ch thu\u1eadn ngh\u1ecbch th\u00e0nh retinal, sau \u0111\u00f3 kh\u00f4ng th\u1ec3 \u0111\u1ea3o ng\u01b0\u1ee3cth\u00e0nh axit retinoic, ch\u1ea5t n\u00e0y k\u00edch ho\u1ea1t h\u00e0ng tr\u0103m gen.<\/p>\n<h4><strong>CH\u1ea4T LI\u1ec6U BAO B\u00cc V\u00c0 QUY C\u00c1CH \u0110\u00d3NG G\u00d3I<\/strong><\/h4>\n<p>Ch\u1ea5t li\u1ec7u bao b\u00ec: \u0110\u00f3ng trong h\u1ed9p nh\u1ef1a HDPE, ngo\u00e0i l\u00e0 h\u1ed9p gi\u1ea5y, ph\u00f9 h\u1ee3p v\u1edbi y\u00eauc\u1ea7u v\u1ec7 sinh an to\u00e0n th\u1ef1c ph\u1ea9m \u0111\u1ed1i v\u1edbi bao b\u00ec ch\u1ee9a th\u1ef1c ph\u1ea9m c\u1ee7a B\u1ed9 Y t\u1ebf.<\/p>\n<p>Ch\u1ea5t li\u1ec7u bao b\u00ec \u0111\u1ea1t ti\u00eau chu\u1ea9n M\u1ef9 n\u00ean an to\u00e0n v\u1edbi c\u01a1 th\u1ec3.<\/p>\n<p><strong>\u00a0<img decoding=\"async\" loading=\"lazy\" class=\"size-medium wp-image-776 alignleft\" src=\"http:\/\/vitamin.webmaudep.net\/wp-content\/uploads\/2018\/07\/PNKids-supplement-facts_PNKids-Bright-Eyes-300x281.jpg\" alt=\"\" width=\"300\" height=\"281\" srcset=\"https:\/\/vitamin.webmaudep.net\/wp-content\/uploads\/2018\/07\/PNKids-supplement-facts_PNKids-Bright-Eyes-300x281.jpg 300w, https:\/\/vitamin.webmaudep.net\/wp-content\/uploads\/2018\/07\/PNKids-supplement-facts_PNKids-Bright-Eyes.jpg 450w\" sizes=\"(max-width: 300px) 100vw, 300px\" \/><\/strong><\/p>\n<h3><span style=\"color: #0000ff;\"><strong>C\u00f4ng d\u1ee5ng <\/strong><strong>PN Kids Bright Eyes<\/strong><\/span><\/h3>\n<ul>\n<li>B\u1ed5 sung vitamin v\u00e0 kho\u00e1ng ch\u1ea5t gi\u00fap t\u0103ng c\u01b0\u1eddng s\u1ee9c \u0111\u1ec1 kh\u00e1ng v\u00e0 h\u1ed7 tr\u1ee3 b\u1ed5 m\u1eaft.<\/li>\n<li>Ch\u1ee9a Vitamin A-m\u1ed9t ch\u1ea5t dinh d\u01b0\u1ee1ng gi\u00fap s\u1ea3n xu\u1ea5t s\u1eafc t\u1ed1 v\u00f5ng m\u1ea1c.<\/li>\n<li>Vitamin C, D, E, Folic v\u00e0 B12 ch\u1ed1ng oxy h\u00f3a b\u1ea3o v\u1ec7 ch\u1ed1ng l\u1ea1i b\u1ee5i b\u1ea9n, \u00e1nh s\u00e1ng m\u1eb7t tr\u1eddi g\u00e2y thi\u1ec7t h\u1ea1i v\u00e0 tho\u00e1i h\u00f3a \u0111i\u1ec3m v\u00e0ng.<\/li>\n<li>Gi\u00fap lo\u1ea1i b\u1ecf s\u1ef1 m\u1ecfi m\u1eaft, ng\u0103n ng\u1eeba v\u00e0 h\u1ea1n ch\u1ebf m\u00f9 \u0111\u00eam, kh\u00f4 m\u1eaft.<\/li>\n<li>V\u1edbi h\u01b0\u01a1ng v\u1ecb tuy\u1ec7t v\u1eddi t\u1eeb tr\u00e1i c\u00e2y v\u00e0 h\u00ecnh d\u1ea1ng vui nh\u1ed9n s\u1ebd gi\u00fap b\u00e9 th\u00edch th\u00fa h\u01a1n.<\/li>\n<\/ul>\n<p>&nbsp;<\/p>\n<h3><strong><span style=\"color: #0000ff;\">H\u01b0\u1edbng d\u1eabn s\u1eed d\u1ee5ng v\u00e0 b\u1ea3o qu\u1ea3n<\/span><\/strong><\/h3>\n<p>S\u1eed d\u1ee5ng tr\u1ef1c ti\u1ebfp, 1-2 vi\u00ean\/ l\u1ea7n. Ng\u00e0y 2 l\u1ea7n. D\u1ea1ng k\u1eb9o gummies d\u1ec5 \u0103n th\u00edch h\u1ee3pcho c\u1ea3 ng\u01b0\u1eddi l\u1edbn v\u00e0 tr\u1ebb nh\u1ecf.<\/p>\n<h3><span style=\"color: #0000ff;\"><strong>\u0110\u1ed9 tu\u1ed5i ph\u00f9 h\u1ee3p <\/strong><strong>PN Kids Bright Eyes<\/strong><\/span><\/h3>\n<ul>\n<li>S\u1ea3n ph\u1ea9m th\u00edch h\u1ee3p cho tr\u1ebb t\u1eeb 2 tu\u1ed5i tr\u1edf l\u00ean.\u00a0D\u00f9ng cho tr\u1ebb em \u1edf l\u1ee9a tu\u1ed5i h\u1ecdc \u0111\u01b0\u1eddng v\u00e0 ng\u01b0\u1eddi l\u1edbn ph\u1ea3i l\u00e0m vi\u1ec7c nhi\u1ec1u v\u1edbi m\u00e1y t\u00ednh, ho\u1eb7c trong m\u00f4i tr\u01b0\u1eddng \u1ea3nh h\u01b0\u1edfng nhi\u1ec1u \u0111\u1ebfn m\u1eaft.<\/li>\n<\/ul>\n<ul>\n<li>Kh\u00f4ng m\u00e0u nh\u00e2n t\u1ea1o<\/li>\n<li>Kh\u00f4ng ch\u1ea5t b\u1ea3o qu\u1ea3n<\/li>\n<li>Kh\u00f4ng c\u00f3 h\u01b0\u01a1ng v\u1ecb nh\u00e2n t\u1ea1o<\/li>\n<li>Kh\u00f4ng gelatin<img decoding=\"async\" loading=\"lazy\" class=\"alignright wp-image-777\" src=\"http:\/\/vitamin.webmaudep.net\/wp-content\/uploads\/2018\/07\/timthumb-232x300.png\" alt=\"\" width=\"272\" height=\"351\" srcset=\"https:\/\/vitamin.webmaudep.net\/wp-content\/uploads\/2018\/07\/timthumb-232x300.png 232w, https:\/\/vitamin.webmaudep.net\/wp-content\/uploads\/2018\/07\/timthumb-300x387.png 300w, https:\/\/vitamin.webmaudep.net\/wp-content\/uploads\/2018\/07\/timthumb.png 430w\" sizes=\"(max-width: 272px) 100vw, 272px\" \/><\/li>\n<\/ul>\n<h3 style=\"text-align: center;\"><span style=\"color: #00ff00;\"><strong>L\u1ecbch s\u1eed th\u01b0\u01a1ng hi\u1ec7u PNKids \u2013 M\u1ef9<\/strong><\/span><\/h3>\n<p>PNKids l\u00e0 th\u01b0\u01a1ng hi\u1ec7u b\u1ed5 sung c\u1ee7a PrincipleNutrition \u2013 m\u1ed9t th\u01b0\u01a1ng hi\u1ec7u \u0111\u00e1ng tin c\u1eady v\u1ec1 s\u1ee9c kh\u1ecfe chung v\u00e0 th\u1ef1c ph\u1ea9m ch\u1ee9c n\u0103ng. PrincipleNutrition v\u00e0 c\u00e1c th\u01b0\u01a1ng hi\u1ec7u con c\u1ee7a n\u00f3 \u0111\u1ec1u \u0111\u01b0\u1ee3c s\u1ea3n xu\u1ea5t \u1edf M\u1ef9 theo ti\u00eau chu\u1ea9n GMP c\u1ee7a FDA Hoa K\u1ef3, ho\u00e0n to\u00e0n \u0111\u1ea3m b\u1ea3o ti\u00eau chu\u1ea9n ch\u1ea5t l\u01b0\u1ee3ng cao ph\u00f9 h\u1ee3p trong m\u1ed7i chai. \u0110\u1ed1i t\u00e1c c\u1ee7a ch\u00fang t\u00f4i Crimson Pharma Inc., \u0111\u00e3 c\u00f3 m\u1eb7t tr\u00ean th\u1ecb tr\u01b0\u1eddng t\u1eeb n\u0103m 1971.<\/p>\n<p>PNKids cung c\u1ea5p m\u1ed9t lo\u1ea1t th\u1ef1c ph\u1ea9m b\u1ed5 sung cho s\u1ee9c kh\u1ecfe \u0111\u1ea1t gi\u1ea3i th\u01b0\u1edfng d\u00e0nh cho tr\u1ebb em v\u00e0 nhu c\u1ea7u dinh d\u01b0\u1ee1ng c\u1ee7a ch\u00fang. PNKids \u0111\u00e3 \u0111\u01b0\u1ee3c trao gi\u1ea3i th\u01b0\u1edfng \u201cth\u01b0\u01a1ng hi\u1ec7u h\u00e0ng \u0111\u1ea7u\u201d v\u1ec1 lo\u1ea1i th\u1ef1c ph\u1ea9m b\u1ed5 sung trong ch\u1ebf \u0111\u1ed9 \u0103n u\u1ed1ng c\u1ee7a tr\u1ebb \u1edf c\u00e1c n\u01b0\u1edbc kh\u00e1c nhau tr\u00ean to\u00e0n th\u1ebf gi\u1edbi. T\u1ea5t c\u1ea3 c\u00e1c s\u1ea3n ph\u1ea9m \u0111\u01b0\u1ee3c s\u1ea3n xu\u1ea5t ch\u1ec9 t\u1eeb c\u00e1c th\u00e0nh ph\u1ea7n cao c\u1ea5p v\u00e0 ho\u00e0n to\u00e0n kh\u00f4ng c\u00f3 h\u01b0\u01a1ng v\u1ecb nh\u00e2n t\u1ea1o v\u00e0 ph\u1ea9m m\u00e0u.<\/p>\n<p>&nbsp;<\/p>\n<p>\u0110\u1ec3 \u0111\u1ea3m b\u1ea3o mua \u0111\u01b0\u1ee3c h\u00e0ng ch\u00ednh h\u00e3ng, gi\u00e1 t\u1ed1t nh\u1ea5t th\u1ecb tr\u01b0\u1eddng th\u00ec b\u1ea1n n\u00ean t\u00ecm mua t\u1ea1i c\u00e1c \u0111\u1ecba \u0111i\u1ec3m c\u00f3 uy t\u00edn v\u00e0 th\u01b0\u01a1ng hi\u1ec7u nh\u01b0 mau1.maudep.com.vn\/tpcn &#8211; \u0110\u1ecba ch\u1ec9 chuy\u00ean cung c\u1ea5p c\u00e1c s\u1ea3n ph\u1ea9m ch\u1ea5t l\u01b0\u1ee3ng cao, an to\u00e0n v\u00e0 hi\u1ec7u qu\u1ea3. Khi mua PN Kids Bright Eyes b\u1ea1n kh\u00f4ng nh\u1eefng \u0111\u01b0\u1ee3c h\u01b0\u1edfng m\u1ee9c gi\u00e1 \u01b0u \u0111\u00e3i nh\u1ea5t m\u00e0 c\u00f2n \u0111\u01b0\u1ee3c \u0111\u1ea3m b\u1ea3o v\u1ec1 ch\u1ea5t l\u01b0\u1ee3ng s\u1ea3n ph\u1ea9m t\u1ed1t nh\u1ea5t c\u0169ng nh\u01b0 \u0111\u1ed9i ng\u0169 chuy\u00ean gia t\u01b0 v\u1ea5n l\u00e0 th\u1ea1c s\u0129, d\u01b0\u1ee3c s\u0129 trong su\u1ed1t qu\u00e1 tr\u00ecnh s\u1eed d\u1ee5ng s\u1ea3n ph\u1ea9m.<\/p>\n<h4>L\u01b0u \u00fd: S\u1ea3n ph\u1ea9m kh\u00f4ng ph\u1ea3i l\u00e0 thu\u1ed1c v\u00e0 kh\u00f4ng c\u00f3 t\u00e1c d\u1ee5ng thay th\u1ebf thu\u1ed1c ch\u1eefab\u1ec7nh.<\/h4>\n<p style=\"text-align: center;\"><span style=\"color: #ff9900;\"><strong>B\u1ea0N H\u00c3Y G\u1eccI \u0110I\u1ec6N NGAY CHO CH\u00daNG T\u00d4I \u0110\u1ec2 \u0110\u01af\u1ee2C T\u01af V\u1ea4N MI\u1ec4N PH\u00cd\u00a0 &#8211; 0961 684 655<\/strong><\/span><\/p>\n<p>&nbsp;<\/p>\n<p><img decoding=\"async\" loading=\"lazy\" class=\"alignnone wp-image-711 size-large\" src=\"http:\/\/vitamin.webmaudep.net\/wp-content\/uploads\/2018\/06\/cam-k\u1ebft-web-vitamin-1024x576.jpg\" alt=\"\" width=\"1000\" height=\"563\" srcset=\"https:\/\/vitamin.webmaudep.net\/wp-content\/uploads\/2018\/06\/cam-k\u1ebft-web-vitamin-1024x576.jpg 1024w, https:\/\/vitamin.webmaudep.net\/wp-content\/uploads\/2018\/06\/cam-k\u1ebft-web-vitamin-300x169.jpg 300w, https:\/\/vitamin.webmaudep.net\/wp-content\/uploads\/2018\/06\/cam-k\u1ebft-web-vitamin-600x337.jpg 600w, https:\/\/vitamin.webmaudep.net\/wp-content\/uploads\/2018\/06\/cam-k\u1ebft-web-vitamin-768x432.jpg 768w\" sizes=\"(max-width: 1000px) 100vw, 1000px\" \/><\/p>\n","protected":false},"excerpt":{"rendered":"<p><strong>K\u1eb9o d\u1ebbo s\u00e1ng m\u1eaft\u00a0<\/strong><strong>PNKids\u00a0PN Kids Bright Eyes &#8211; 30 vi\u00ean<\/strong><\/p>\n<p>\u0110\u00f4i m\u1eaft l\u00e0 n\u01a1i tr\u1ebb c\u00f3 \u0111\u01b0\u1ee3c t\u1ea7m nh\u00ecn v\u00e0o \u0111\u1eddi,\u00a0m\u1eb9 h\u00e3y gi\u00fap tr\u1ebb\u00a0b\u1ea3o v\u1ec7 \u0111\u00f4i m\u1eaft c\u1ee7a m\u00ecnh th\u1eadt kh\u1ecfe m\u1ea1nh \u0111\u1ec3 tr\u1ebb c\u00f3 th\u1ec3 vui ch\u01a1i, kh\u00e1m ph\u00e1 th\u1ebf gi\u1edbi xung quanh b\u1eb1ng ch\u00ednh \u0111\u00f4i m\u1eaft trong s\u00e1ng c\u1ee7a m\u00ecnh<\/p>\n","protected":false},"featured_media":791,"comment_status":"open","ping_status":"closed","template":"","meta":[],"product_cat":[751],"product_tag":[149,150,147,148],"_links":{"self":[{"href":"https:\/\/vitamin.webmaudep.net\/index.php?rest_route=\/wp\/v2\/product\/774"}],"collection":[{"href":"https:\/\/vitamin.webmaudep.net\/index.php?rest_route=\/wp\/v2\/product"}],"about":[{"href":"https:\/\/vitamin.webmaudep.net\/index.php?rest_route=\/wp\/v2\/types\/product"}],"replies":[{"embeddable":true,"href":"https:\/\/vitamin.webmaudep.net\/index.php?rest_route=%2Fwp%2Fv2%2Fcomments&post=774"}],"wp:featuredmedia":[{"embeddable":true,"href":"https:\/\/vitamin.webmaudep.net\/index.php?rest_route=\/wp\/v2\/media\/791"}],"wp:attachment":[{"href":"https:\/\/vitamin.webmaudep.net\/index.php?rest_route=%2Fwp%2Fv2%2Fmedia&parent=774"}],"wp:term":[{"taxonomy":"product_cat","embeddable":true,"href":"https:\/\/vitamin.webmaudep.net\/index.php?rest_route=%2Fwp%2Fv2%2Fproduct_cat&post=774"},{"taxonomy":"product_tag","embeddable":true,"href":"https:\/\/vitamin.webmaudep.net\/index.php?rest_route=%2Fwp%2Fv2%2Fproduct_tag&post=774"}],"curies":[{"name":"wp","href":"https:\/\/api.w.org\/{rel}","templated":true}]}}