{"id":759,"date":"2018-07-15T09:21:46","date_gmt":"2018-07-15T02:21:46","guid":{"rendered":"http:\/\/vitamin.demo.xemwebmau.com\/?post_type=product&#038;p=759"},"modified":"2022-03-12T10:44:55","modified_gmt":"2022-03-12T03:44:55","slug":"pnkids-multi-vitamin-mineral-for-boys-60-vien","status":"publish","type":"product","link":"https:\/\/vitamin.webmaudep.net\/?product=pnkids-multi-vitamin-mineral-for-boys-60-vien","title":{"rendered":"PNKids Multi Vitamin + Mineral for Boys 60 vi\u00ean"},"content":{"rendered":"<p><span style=\"color: #0000ff;\">PNKids Multi Vitamin + Mineral for Boys &#8211; <strong>NH\u1eeeNG DINH D\u01af\u1ee0NG H\u1eb0NG NG\u00c0Y: 24 lo\u1ea1i Vitamin v\u00e0 kho\u00e1ng ch\u1ea5t<\/strong><\/span><\/p>\n<p>T\u1ed5ng h\u1ee3p vitamin v\u00e0 kho\u00e1ng ch\u1ea5t l\u00e0 m\u1ed9t c\u00e1ch thu\u1eadn ti\u1ec7n \u0111\u1ec3 c\u00f3 m\u1ed9t lo\u1ea1t c\u00e1c ch\u1ea5t dinh d\u01b0\u1ee1ng quan tr\u1ecdng \u0111\u1ec3 ng\u0103n ng\u1eeba thi\u1ebfu h\u1ee5t vitamin v\u00e0 \/ ho\u1eb7c kho\u00e1ng ch\u1ea5t. Tr\u1ebb em n\u00f3i chung c\u00f3 nhu c\u1ea7u \u0103n u\u1ed1ng \u0111\u1eb7c bi\u1ec7t v\u00ec t\u1ed1c \u0111\u1ed9 l\u1edbn l\u00ean v\u00e0 ph\u00e1t tri\u1ec3n trong m\u1ecdi n\u01a1i, bao g\u1ed3m x\u01b0\u01a1ng r\u0103ng, v\u00e0 c\u00e1c h\u1ec7 th\u1ed1ng n\u1ed9i ti\u1ebft t\u1ed1.<\/p>\n<p>PNKids Multi Vitamin + Mineral for Boys cung c\u1ea5p cho con b\u1ea1n c\u00e1c ch\u1ea5t dinh d\u01b0\u1ee1ng thi\u1ebft y\u1ebfu quan tr\u1ecdng m\u00e0 ch\u00fang c\u1ea7n trong nh\u1eefng giai \u0111o\u1ea1n ph\u00e1t tri\u1ec3n c\u1ee7a ch\u00fang. M\u1ed9t s\u1ef1 pha tr\u1ed9n \u0111\u1eb7c bi\u1ec7t c\u00f3 ch\u1ee9a pectin cam qu\u00fdt cho vitamin h\u1ea5p thu t\u1ed1t h\u01a1n. Th\u00eam n\u1eefa, n\u00f3 \u0111i k\u00e8m trong h\u01b0\u01a1ng v\u1ecb tr\u00e1i c\u00e2y h\u01b0\u01a1ng v\u1ecb tuy\u1ec7t v\u1eddi v\u00e0 h\u00ecnh d\u1ea1ng th\u00fa v\u1ecb m\u00e0 gi\u1eef tr\u1ebb em c\u1ee7a b\u1ea1n tr\u1edf l\u1ea1i th\u00eam!<\/p>\n<p><img decoding=\"async\" loading=\"lazy\" class=\"aligncenter wp-image-763 size-full\" src=\"http:\/\/vitamin.webmaudep.net\/wp-content\/uploads\/2018\/07\/PNKids-Multi-Vitamin-Mineral-for-Boys.jpg\" alt=\"\" width=\"600\" height=\"800\" srcset=\"https:\/\/vitamin.webmaudep.net\/wp-content\/uploads\/2018\/07\/PNKids-Multi-Vitamin-Mineral-for-Boys.jpg 600w, https:\/\/vitamin.webmaudep.net\/wp-content\/uploads\/2018\/07\/PNKids-Multi-Vitamin-Mineral-for-Boys-300x400.jpg 300w, https:\/\/vitamin.webmaudep.net\/wp-content\/uploads\/2018\/07\/PNKids-Multi-Vitamin-Mineral-for-Boys-225x300.jpg 225w\" sizes=\"(max-width: 600px) 100vw, 600px\" \/><\/p>\n<p><span style=\"color: #0000ff;\"><strong>Th\u00f4ng tin dinh d\u01b0\u1ee1ng<\/strong><\/span><\/p>\n<p><img decoding=\"async\" loading=\"lazy\" class=\"alignnone size-medium wp-image-760 alignleft\" src=\"http:\/\/vitamin.webmaudep.net\/wp-content\/uploads\/2018\/07\/PNKids-supplement-facts_PNKids-Multivitamin-Boys-300x273.jpg\" alt=\"\" width=\"300\" height=\"273\" srcset=\"https:\/\/vitamin.webmaudep.net\/wp-content\/uploads\/2018\/07\/PNKids-supplement-facts_PNKids-Multivitamin-Boys-300x273.jpg 300w, https:\/\/vitamin.webmaudep.net\/wp-content\/uploads\/2018\/07\/PNKids-supplement-facts_PNKids-Multivitamin-Boys.jpg 450w\" sizes=\"(max-width: 300px) 100vw, 300px\" \/><\/p>\n<p><strong>Nh\u1eefng th\u00e0nh ph\u1ea7n kh\u00e1c:<\/strong>\u00a0N\u01b0\u1edbc, Sucrose, Glucose, Citrus Pectin, axit citric, h\u01b0\u01a1ng t\u1ef1 nhi\u00ean.<\/p>\n<p>&nbsp;<\/p>\n<p><span style=\"color: #0000ff;\"><strong>C\u00f4ng d\u1ee5ng:<\/strong>\u00a0<\/span><\/p>\n<p>B\u1ed5 sung c\u00e1c Vitamin A, D, C, B11, B12, B2, B3, B5, B6, Biotin, Beta carotene v\u00e0 c\u00e1c kho\u00e1ng ch\u1ea5t (Zn, Mg, Se, Cu) gi\u00fap h\u1ed7 tr\u1ee3 h\u1ec7 mi\u1ec5n d\u1ecbch, b\u1ea3o v\u1ec7 duy tr\u00ec s\u1ee9c kh\u1ecfe v\u00e0 gi\u00fap tr\u1ebb \u0103n ngon mi\u1ec7ng h\u01a1n.<\/p>\n<p><strong>PNKids Multivitamin + Minerals<\/strong>\u00a0d\u00e0nh cho c\u00e1c b\u00e9 trai cung c\u1ea5p nhi\u1ec1u vitamin v\u00e0 kho\u00e1ng ch\u1ea5t ch\u1ee7 y\u1ebfu m\u00e0 c\u00e1c b\u00e9 c\u1ea7n cho s\u1ef1 ph\u00e1t tri\u1ec3n c\u1ee7a m\u00ecnh cho qu\u00e1 tr\u00ecnh ph\u00e1t tri\u1ec3n \u1edf tr\u1ebb.\u00a0Th\u00eam v\u00e0o \u0111\u00f3,\u00a0s\u1ea3n ph\u1ea9m \u0111i k\u00e8m trongh\u01b0\u01a1ng v\u1ecb tr\u00e1i c\u00e2y\u00a0h\u01b0\u01a1ng v\u1ecb tuy\u1ec7t v\u1eddi\u00a0v\u00e0 h\u00ecnh d\u1ea1ng\u00a0th\u00fa v\u1ecb,\u00a0gi\u00fap b\u00e9 lu\u00f4n th\u1ea5y ngon mi\u1ec7ng.<\/p>\n<p>&nbsp;<\/p>\n<p><span style=\"color: #0000ff;\"><strong>H\u01b0\u1edbng d\u1eabn s\u1eed d\u1ee5ng <\/strong><strong>PNKids Multi Vitamin + Mineral for Boys<\/strong><\/span><\/p>\n<p>Cho b\u00e9 \u0103n tr\u1ef1c ti\u1ebfp t\u1eeb 1-2 vi\u00ean\/ l\u1ea7n. T\u1ed1i \u0111a ng\u00e0y 4 vi\u00ean.<\/p>\n<p><span style=\"color: #0000ff;\"><strong>\u0110\u1ed9 tu\u1ed5i ph\u00f9 h\u1ee3p<\/strong><\/span><\/p>\n<p>PNKids Multi Vitamin + Mineral for Boys \u00a0Ph\u00f9 h\u1ee3p cho tr\u1ebb 2 tu\u1ed5i tr\u1edf l\u00ean<br \/>\n\u0102n 2-4 vi\u00ean m\u1ed7i l\u1ea7n. M\u1ed9t ng\u00e0y t\u1ed1i \u0111a 4 vi\u00ean.<\/p>\n<p>H\u00ecnh d\u1ea1ng v\u00e0 m\u00e0u s\u1eafc c\u1ee7a nh\u1eefng vi\u00ean nhai r\u1ea5t \u0111a d\u1ea1ng.<\/p>\n<p><strong>B\u1ea3o qu\u1ea3n:<\/strong><\/p>\n<p>Trong l\u1ecd k\u00edn, \u0111\u1ec3 n\u01a1i kh\u00f4 r\u00e1o, tho\u00e1ng m\u00e1t, tr\u00e1nh \u00e1ng s\u00e1ng m\u1eb7t tr\u1eddi tr\u1ef1c ti\u1ebfp.<\/p>\n<p><strong>Quy c\u00e1ch:<\/strong>\u00a060 vi\u00ean<\/p>\n<p><strong>Th\u01b0\u01a1ng hi\u1ec7u:<\/strong>\u00a0PNKids<\/p>\n<p><strong>Xu\u1ea5t x\u1ee9:<\/strong>\u00a0M\u1ef9<\/p>\n<p><img decoding=\"async\" loading=\"lazy\" class=\"alignnone size-medium wp-image-764\" src=\"http:\/\/vitamin.webmaudep.net\/wp-content\/uploads\/2018\/07\/PNKids-Multi-Vitamin-Mineral-for-Boys-2-270x300.jpg\" alt=\"\" width=\"270\" height=\"300\" srcset=\"https:\/\/vitamin.webmaudep.net\/wp-content\/uploads\/2018\/07\/PNKids-Multi-Vitamin-Mineral-for-Boys-2-270x300.jpg 270w, https:\/\/vitamin.webmaudep.net\/wp-content\/uploads\/2018\/07\/PNKids-Multi-Vitamin-Mineral-for-Boys-2-300x333.jpg 300w, https:\/\/vitamin.webmaudep.net\/wp-content\/uploads\/2018\/07\/PNKids-Multi-Vitamin-Mineral-for-Boys-2-600x667.jpg 600w, https:\/\/vitamin.webmaudep.net\/wp-content\/uploads\/2018\/07\/PNKids-Multi-Vitamin-Mineral-for-Boys-2.jpg 640w\" sizes=\"(max-width: 270px) 100vw, 270px\" \/><\/p>\n<p><span style=\"color: #00ff00;\"><strong>\u00a0L\u1ecbch s\u1eed th\u01b0\u01a1ng hi\u1ec7u PNKids \u2013 M\u1ef9<\/strong><\/span><\/p>\n<p>PNKids l\u00e0 th\u01b0\u01a1ng hi\u1ec7u b\u1ed5 sung c\u1ee7a PrincipleNutrition \u2013 m\u1ed9t th\u01b0\u01a1ng hi\u1ec7u \u0111\u00e1ng tin c\u1eady v\u1ec1 s\u1ee9c kh\u1ecfe chung v\u00e0 th\u1ef1c ph\u1ea9m ch\u1ee9c n\u0103ng. PrincipleNutrition v\u00e0 c\u00e1c th\u01b0\u01a1ng hi\u1ec7u con c\u1ee7a n\u00f3 \u0111\u1ec1u \u0111\u01b0\u1ee3c s\u1ea3n xu\u1ea5t \u1edf M\u1ef9 theo ti\u00eau chu\u1ea9n GMP c\u1ee7a FDA Hoa K\u1ef3, ho\u00e0n to\u00e0n \u0111\u1ea3m b\u1ea3o ti\u00eau chu\u1ea9n ch\u1ea5t l\u01b0\u1ee3ng cao ph\u00f9 h\u1ee3p trong m\u1ed7i chai. \u0110\u1ed1i t\u00e1c c\u1ee7a ch\u00fang t\u00f4i Crimson Pharma Inc., \u0111\u00e3 c\u00f3 m\u1eb7t tr\u00ean th\u1ecb tr\u01b0\u1eddng t\u1eeb n\u0103m 1971.<\/p>\n<p>PNKids cung c\u1ea5p m\u1ed9t lo\u1ea1t th\u1ef1c ph\u1ea9m b\u1ed5 sung cho s\u1ee9c kh\u1ecfe \u0111\u1ea1t gi\u1ea3i th\u01b0\u1edfng d\u00e0nh cho tr\u1ebb em v\u00e0 nhu c\u1ea7u dinh d\u01b0\u1ee1ng c\u1ee7a ch\u00fang. PNKids \u0111\u00e3 \u0111\u01b0\u1ee3c trao gi\u1ea3i th\u01b0\u1edfng \u201cth\u01b0\u01a1ng hi\u1ec7u h\u00e0ng \u0111\u1ea7u\u201d v\u1ec1 lo\u1ea1i th\u1ef1c ph\u1ea9m b\u1ed5 sung trong ch\u1ebf \u0111\u1ed9 \u0103n u\u1ed1ng c\u1ee7a tr\u1ebb \u1edf c\u00e1c n\u01b0\u1edbc kh\u00e1c nhau tr\u00ean to\u00e0n th\u1ebf gi\u1edbi. T\u1ea5t c\u1ea3 c\u00e1c s\u1ea3n ph\u1ea9m \u0111\u01b0\u1ee3c s\u1ea3n xu\u1ea5t ch\u1ec9 t\u1eeb c\u00e1c th\u00e0nh ph\u1ea7n cao c\u1ea5p v\u00e0 ho\u00e0n to\u00e0n kh\u00f4ng c\u00f3 h\u01b0\u01a1ng v\u1ecb nh\u00e2n t\u1ea1o v\u00e0 ph\u1ea9m m\u00e0u.<\/p>\n<p>\u0110\u1ec3 \u0111\u1ea3m b\u1ea3o mua \u0111\u01b0\u1ee3c h\u00e0ng ch\u00ednh h\u00e3ng, gi\u00e1 t\u1ed1t nh\u1ea5t th\u1ecb tr\u01b0\u1eddng th\u00ec b\u1ea1n n\u00ean t\u00ecm mua t\u1ea1i c\u00e1c \u0111\u1ecba \u0111i\u1ec3m c\u00f3 uy t\u00edn v\u00e0 th\u01b0\u01a1ng hi\u1ec7u nh\u01b0 mau1.maudep.com.vn\/tpcn &#8211; \u0110\u1ecba ch\u1ec9 chuy\u00ean cung c\u1ea5p c\u00e1c s\u1ea3n ph\u1ea9m ch\u1ea5t l\u01b0\u1ee3ng cao, an to\u00e0n v\u00e0 hi\u1ec7u qu\u1ea3. Khi mua<strong> PNKids Multivitamin + Minerals<\/strong>\u00a0 for boy b\u1ea1n kh\u00f4ng nh\u1eefng \u0111\u01b0\u1ee3c h\u01b0\u1edfng m\u1ee9c gi\u00e1 \u01b0u \u0111\u00e3i nh\u1ea5t m\u00e0 c\u00f2n \u0111\u01b0\u1ee3c \u0111\u1ea3m b\u1ea3o v\u1ec1 ch\u1ea5t l\u01b0\u1ee3ng s\u1ea3n ph\u1ea9m t\u1ed1t nh\u1ea5t c\u0169ng nh\u01b0 \u0111\u1ed9i ng\u0169 chuy\u00ean gia t\u01b0 v\u1ea5n l\u00e0 th\u1ea1c s\u0129, d\u01b0\u1ee3c s\u0129 trong su\u1ed1t qu\u00e1 tr\u00ecnh s\u1eed d\u1ee5ng s\u1ea3n ph\u1ea9m.<\/p>\n<p style=\"text-align: center;\"><span style=\"color: #ff0000;\"><strong>B\u1ea0N H\u00c3Y G\u1eccI \u0110I\u1ec6N NGAY CHO CH\u00daNG T\u00d4I \u0110\u1ec2 \u0110\u01af\u1ee2C T\u01af V\u1ea4N MI\u1ec4N PH\u00cd\u00a0 &#8211; 0961 684 655<\/strong><\/span><\/p>\n<p><img decoding=\"async\" loading=\"lazy\" class=\"alignnone wp-image-711 size-large\" src=\"http:\/\/vitamin.webmaudep.net\/wp-content\/uploads\/2018\/06\/cam-k\u1ebft-web-vitamin-1024x576.jpg\" alt=\"\" width=\"1000\" height=\"563\" srcset=\"https:\/\/vitamin.webmaudep.net\/wp-content\/uploads\/2018\/06\/cam-k\u1ebft-web-vitamin-1024x576.jpg 1024w, https:\/\/vitamin.webmaudep.net\/wp-content\/uploads\/2018\/06\/cam-k\u1ebft-web-vitamin-300x169.jpg 300w, https:\/\/vitamin.webmaudep.net\/wp-content\/uploads\/2018\/06\/cam-k\u1ebft-web-vitamin-600x337.jpg 600w, https:\/\/vitamin.webmaudep.net\/wp-content\/uploads\/2018\/06\/cam-k\u1ebft-web-vitamin-768x432.jpg 768w\" sizes=\"(max-width: 1000px) 100vw, 1000px\" \/><\/p>\n<p>&nbsp;<\/p>\n","protected":false},"excerpt":{"rendered":"<p><strong>PNKids Multivitamin + Minerals<\/strong>\u00a0d\u00e0nh cho c\u00e1c b\u00e9 trai cung c\u1ea5p nhi\u1ec1u vitamin v\u00e0 kho\u00e1ng ch\u1ea5t ch\u1ee7 y\u1ebfu m\u00e0 c\u00e1c b\u00e9 c\u1ea7n cho s\u1ef1 ph\u00e1t tri\u1ec3n c\u1ee7a m\u00ecnh cho qu\u00e1 tr\u00ecnh ph\u00e1t tri\u1ec3n \u1edf tr\u1ebb.\u00a0Th\u00eam v\u00e0o \u0111\u00f3,\u00a0s\u1ea3n ph\u1ea9m \u0111i k\u00e8m trongh\u01b0\u01a1ng v\u1ecb tr\u00e1i c\u00e2y\u00a0h\u01b0\u01a1ng v\u1ecb tuy\u1ec7t v\u1eddi\u00a0v\u00e0 h\u00ecnh d\u1ea1ng\u00a0th\u00fa v\u1ecb,\u00a0gi\u00fap b\u00e9 lu\u00f4n th\u1ea5y ngon mi\u1ec7ng.<\/p>\n","protected":false},"featured_media":763,"comment_status":"open","ping_status":"closed","template":"","meta":[],"product_cat":[761],"product_tag":[134,133,135,136,137],"_links":{"self":[{"href":"https:\/\/vitamin.webmaudep.net\/index.php?rest_route=\/wp\/v2\/product\/759"}],"collection":[{"href":"https:\/\/vitamin.webmaudep.net\/index.php?rest_route=\/wp\/v2\/product"}],"about":[{"href":"https:\/\/vitamin.webmaudep.net\/index.php?rest_route=\/wp\/v2\/types\/product"}],"replies":[{"embeddable":true,"href":"https:\/\/vitamin.webmaudep.net\/index.php?rest_route=%2Fwp%2Fv2%2Fcomments&post=759"}],"wp:featuredmedia":[{"embeddable":true,"href":"https:\/\/vitamin.webmaudep.net\/index.php?rest_route=\/wp\/v2\/media\/763"}],"wp:attachment":[{"href":"https:\/\/vitamin.webmaudep.net\/index.php?rest_route=%2Fwp%2Fv2%2Fmedia&parent=759"}],"wp:term":[{"taxonomy":"product_cat","embeddable":true,"href":"https:\/\/vitamin.webmaudep.net\/index.php?rest_route=%2Fwp%2Fv2%2Fproduct_cat&post=759"},{"taxonomy":"product_tag","embeddable":true,"href":"https:\/\/vitamin.webmaudep.net\/index.php?rest_route=%2Fwp%2Fv2%2Fproduct_tag&post=759"}],"curies":[{"name":"wp","href":"https:\/\/api.w.org\/{rel}","templated":true}]}}