{"id":3368,"date":"2022-04-07T14:43:56","date_gmt":"2022-04-07T07:43:56","guid":{"rendered":"http:\/\/vitamin.demo.xemwebmau.com\/?post_type=product&#038;p=3368"},"modified":"2022-04-07T14:43:56","modified_gmt":"2022-04-07T07:43:56","slug":"puritans-pride-l-carnitine-500-mg-lo-60-vien","status":"publish","type":"product","link":"https:\/\/vitamin.webmaudep.net\/?product=puritans-pride-l-carnitine-500-mg-lo-60-vien","title":{"rendered":"Puritan&#8217;s Pride L-Carnitine 500 mg, L\u1ecc 60 vi\u00ean"},"content":{"rendered":"<h2 style=\"text-align: center;\"><span style=\"color: #008000;\"><strong>Puritan&#8217;s Pride L-Carnitine 500 mg, L\u1ecc 60 vi\u00ean<\/strong><\/span><\/h2>\n<p style=\"text-align: center;\"><em><span style=\"color: #000080;\"><strong>S\u1ea3n ph\u1ea9m Gi\u1ea3m c\u00e2n hi\u1ec7u qu\u1ea3 t\u1eeb h\u00e3ng th\u1ea3o d\u01b0\u1ee3c n\u1ed5i ti\u1ebfng c\u1ee7a M\u1ef9<\/strong><\/span><\/em><\/p>\n<p style=\"text-align: justify;\">\n<h3 style=\"text-align: justify;\"><strong>Th\u00f4ng tin s\u1ea3n ph\u1ea9m:<\/strong><\/h3>\n<p style=\"text-align: justify;\">T\u00ean s\u1ea3n ph\u1ea9m: Puritan&#8217;s Pride L-Carnitine 500 mg<\/p>\n<p style=\"text-align: justify;\">Th\u01b0\u01a1ng hi\u1ec7u: Puritan \u2018s Pride<\/p>\n<p style=\"text-align: justify;\">S\u1ea3n xu\u1ea5t t\u1ea1i: M\u1ef9<\/p>\n<h3 style=\"text-align: justify;\"><strong>Gi\u1edbi thi\u1ec7u s\u1ea3n ph\u1ea9m gi\u1ea3m c\u00e2n Puritan&#8217;s Pride L-Carnitine<\/strong><\/h3>\n<p style=\"text-align: justify;\">L\u00e0m \u0111\u1eb9p l\u00e0 nhu c\u1ea7u t\u1ef1 nhi\u00ean c\u1ee7a m\u1ecdi ng\u01b0\u1eddi. Ng\u00e0y nay, truy\u1ec1n th\u00f4ng v\u00e0 m\u1ea1ng<a href=\"http:\/\/vitamin.webmaudep.net\/san-pham\/vien-uong-soy-lecithin-puritans-pride-1325mg-lo-100-vien\/\"> x\u00e3 h\u1ed9i<\/a> v\u00e0 c\u00e1c app ch\u1ee5p \u1ea3nh, quay video s\u1eeda h\u00ecnh \u1ea3nh tr\u1edf n\u00ean lung linh h\u01a1n, l\u00e0m vi\u1ec7c c\u00f3 m\u1ed9t th\u00e2n h\u00ecnh chu\u1ea9n t\u00e1c \u0111\u1ed9ng l\u00ean t\u00e2m l\u00fd r\u1ea5t nhi\u1ec1u ng\u01b0\u1eddi. V\u00ec v\u1eady, khi c\u01a1 th\u1ec3 h\u01a1i t\u0103ng c\u00e2n ch\u00fat ho\u1eb7c tr\u1edf n\u00ean qu\u00e1 kh\u1ed5 th\u00ec m\u1ecdi ng\u01b0\u1eddi ngh\u0129 \u0111\u1ebfn vi\u1ec7c gi\u1ea3m c\u00e2n ngay l\u1eadp t\u1ee9c.<\/p>\n<p style=\"text-align: justify;\">Ph\u01b0\u01a1ng ph\u00e1p gi\u1ea3m c\u00e2n t\u1ed1t nh\u1ea5t l\u00e0 gi\u1ea3m c\u00e2n b\u1eb1ng t\u1eadp luy\u1ec7n th\u1ec3 thao. Tuy nhi\u00ean v\u00ec b\u1eadn r\u1ed9n c\u00f4ng vi\u1ec7c v\u00e0 v\u00ec ng\u1ea1i t\u1eadn luy\u1ec7n kh\u1eafc kh\u1ed5 n\u00ean nhi\u1ec1u ng\u01b0\u1eddi th\u01b0\u1eddng gi\u1ea3m c\u00e2n b\u1eb1ng <a href=\"http:\/\/vitamin.webmaudep.net\/san-pham\/thuoc-hong-hac-phuc-linh\/\">nh\u1ecbn \u0103n<\/a>. Nh\u01b0ng gi\u1ea3m c\u00e2n b\u1eb1ng c\u00e1ch nh\u1ecbn \u0103n r\u1ea5t c\u00f3 h\u1ea1i cho s\u1ee9c kh\u1ecfe. L\u00fac n\u00e0y, b\u1ea1n c\u00f3 th\u1ec3 l\u1ef1a ch\u1ecdn s\u1ea3n ph\u1ea9m h\u1ed7 tr\u1ee3 gi\u1ea3m c\u00e2n m\u00e0 kh\u00f4ng qu\u00e1 ph\u1ea3i nh\u1ecbn \u0103n \u0111\u00f3 l\u00e0 Puritan&#8217;s Pride L-Carnitine, nghi\u00ean c\u1ee9u b\u1ed5 sung amino acid gi\u00fap c\u01a1 ch\u1eafc kh\u1ecfe \u0111\u1ed3ng th\u1eddi \u0111\u1ed1t ch\u00e1y m\u1ee1 hi\u1ec7u qu\u1ea3.<\/p>\n<p><img decoding=\"async\" loading=\"lazy\" class=\"wp-image-3369  aligncenter\" src=\"http:\/\/vitamin.webmaudep.net\/wp-content\/uploads\/2022\/04\/845a0289bcead5b29db4972093f9292a.jpg\" alt=\"\" width=\"556\" height=\"556\" srcset=\"https:\/\/vitamin.webmaudep.net\/wp-content\/uploads\/2022\/04\/845a0289bcead5b29db4972093f9292a.jpg 744w, https:\/\/vitamin.webmaudep.net\/wp-content\/uploads\/2022\/04\/845a0289bcead5b29db4972093f9292a-300x300.jpg 300w, https:\/\/vitamin.webmaudep.net\/wp-content\/uploads\/2022\/04\/845a0289bcead5b29db4972093f9292a-150x150.jpg 150w, https:\/\/vitamin.webmaudep.net\/wp-content\/uploads\/2022\/04\/845a0289bcead5b29db4972093f9292a-600x600.jpg 600w, https:\/\/vitamin.webmaudep.net\/wp-content\/uploads\/2022\/04\/845a0289bcead5b29db4972093f9292a-100x100.jpg 100w\" sizes=\"(max-width: 556px) 100vw, 556px\" \/><\/p>\n<h3 style=\"text-align: justify;\"><strong>L \u2013 carnitine c\u1ee7a h\u00e3ng Puritan c\u00f3 m\u1ea5y m\u1eabu?<\/strong><\/h3>\n<p style=\"text-align: justify;\">C\u0169ng nh\u01b0 c\u00e1c s\u1ea3n ph\u1ea9m kh\u00e1c, m\u1ed7i d\u00f2ng s\u1ea3n ph\u1ea9m \u0111\u1ec1u c\u00f3 nhi\u1ec1u m\u1eabu <a href=\"http:\/\/vitamin.webmaudep.net\/san-pham\/vien-giam-can-ao-dinh-hop-30-vien\/\">h\u00e0m l\u01b0\u1ee3ng<\/a> ho\u1eb7c s\u1ed1 vi\u00ean \u0111\u00f3ng chai trong 1 l\u1ecd kh\u00e1c nhau. V\u1edbi s\u1ea3n ph\u1ea9m gi\u1ea3m c\u00e2n n\u00e0y th\u00ec h\u00e3ng Puritan s\u1ea3n xu\u1ea5t c\u00e1c lo\u1ea1i l\u00e0:<\/p>\n<p style=\"text-align: justify;\">&#8211; Puritan&#8217;s pride l-carnitine 500 mg, l\u1ecd 60 vi\u00ean<\/p>\n<p style=\"text-align: justify;\">&#8211; Puritan&#8217;s pride l-carnitine 500 mg, l\u1ecd 120 vi\u00ean<\/p>\n<p style=\"text-align: justify;\">&#8211; Puritan&#8217;s pride l-carnitine 1000 mg, l\u1ecd 90 vi\u00ean<\/p>\n<h3 style=\"text-align: justify;\"><strong>Th\u00e0nh ph\u1ea7n Puritan&#8217;s Pride L-Carnitine<\/strong><\/h3>\n<p style=\"text-align: justify;\">L-Carnitine Free Form: 500 mg<\/p>\n<p style=\"text-align: justify;\">Th\u00e0nh ph\u1ea7n kh\u00e1c: Vegetable Cellulose, Food Glaze, Vegetable Stearic Acid, Silica. Contains ch\u01b0a t\u1edbi 2% of: Enteric Coating (Sodium Alginate and Stearic Acid), Natural Palm Leaf Glaze, Titanium Dioxide Color, Vegetable Magnesium Stearate.<\/p>\n<p style=\"text-align: justify;\">L-Carnitine th\u1ef1c ch\u1ea5t l\u00e0 vitamin BT, l\u00e0 m\u1ed9t d\u1ea1ng amino axit t\u1ef1 c\u01a1 th\u1ec3 s\u1ea3n xu\u1ea5t \u0111\u01b0\u1ee3c. Nhi\u1ec7m v\u1ee5 c\u1ee7a L-Carnitine l\u00e0 v\u1eadn chuy\u1ec3n lipid \u0111\u1ebfn n\u01a1i chuy\u1ec3n h\u00f3a, bi\u1ebfn n\u00f3 th\u00e0nh c\u00e1c axit b\u00e9o \u0111\u01a1n ch\u1ee9c, t\u1ea1o ra n\u0103ng l\u01b0\u1ee3ng cho c\u01a1 th\u1ec3 ho\u1ea1t \u0111\u1ed9ng. Thi\u1ebfu L-Carnitine, lipid kh\u00f4ng \u0111\u01b0\u1ee3c v\u1eadn chuy\u1ec3n \u0111\u1ebfn trung t\u00e2m chuy\u1ec3n h\u00f3a, t\u00edch t\u1ee5 l\u1ea1i \u1edf v\u00f9ng b\u1ee5ng, ch\u00e2n, tay g\u00e2y b\u00e9o ph\u00ec.<\/p>\n<p style=\"text-align: justify;\">H\u00e0m l\u01b0\u1ee3ng L-Carnitine t\u1ef1 nhi\u00ean trong c\u01a1 th\u1ec3 kho\u1ea3ng t\u1eeb 20g &#8211; 25g. Kh\u00f4ng ch\u1ec9 v\u1eadn chuy\u1ec3n ch\u1ea5t b\u00e9o, L-Carnitine c\u00f2n h\u1ed7 tr\u1ee3 \u0111\u1ed1t ch\u00e1y ch\u1ea5t b\u00e9o nhanh h\u01a1n, l\u00e0m gi\u1ea3m s\u1ef1 b\u1ebb g\u00e3y c\u00e1c axit amin, b\u1ed5 sung protein h\u00ecnh th\u00e0nh c\u00e1c kh\u1ed1i c\u01a1.<\/p>\n<p style=\"text-align: justify;\">M\u1ed9t s\u1ed1 nghi\u00ean c\u1ee9u cho th\u1ea5y khi b\u1ed5 sung L-Carnitine v\u00e0o c\u01a1 th\u1ec3, n\u0103ng l\u01b0\u1ee3ng \u0111\u01b0\u1ee3c chuy\u1ec3n h\u00f3a nhanh h\u01a1n, khi\u1ebfn c\u01a1 th\u1ec3 \u1edf trong tr\u1ea1ng th\u00e1i sung m\u00e3n. \u0110i\u1ec1u n\u00e0y t\u1ed1t cho s\u1ee9c kh\u1ecfe, t\u0103ng kh\u1ea3 n\u0103ng ho\u1ea1t \u0111\u1ed9ng c\u1ee7a c\u00e1c c\u01a1 quan.<\/p>\n<p style=\"text-align: justify;\">Ngo\u00e0i ra Puritan&#8217;s Pride L-Carnitine c\u00f2n c\u00f3 ch\u1ea5t x\u01a1 t\u1ef1 nhi\u00ean v\u00e0 axit stearic th\u1ef1c v\u1eadt c\u00f3 vai tr\u00f2 \u1ed5n \u0111\u1ecbnh ti\u00eau h\u00f3a, gi\u00fap nhu\u1eadn tr\u00e0ng, h\u1ed7 tr\u1ee3 vi sinh trong ru\u1ed9t ho\u1ea1t \u0111\u1ed9ng t\u1ed1t h\u01a1n, t\u0103ng c\u01b0\u1eddng chuy\u1ec3n h\u00f3a lipid, protein v\u00e0 carbonhydrat.<\/p>\n<p><img decoding=\"async\" class=\"aligncenter\" src=\"http:\/\/vitamin.webmaudep.net\/wp-content\/uploads\/2019\/01\/mua-ngay-300x145.png\" \/><\/p>\n<h3 style=\"text-align: justify;\"><strong>C\u00f4ng d\u1ee5ng L-Carnitine c\u1ee7a h\u00e3ng Puritan \u2018s Pride<\/strong><\/h3>\n<h3 style=\"text-align: justify;\"><strong><em>Gi\u1ea3m c\u00e2n n\u1eb7ng<\/em><\/strong><\/h3>\n<p style=\"text-align: justify;\">H\u1ed7 tr\u1ee3 \u0111i\u1ec1u ch\u1ec9nh c\u00e2n n\u1eb7ng cho ng\u01b0\u1eddi d\u00f9ng v\u1edbi t\u00e1c d\u1ee5ng l\u00e2u d\u00e0i. \u0110\u1ed3ng th\u1eddi t\u0103ng c\u01b0\u1eddng h\u1ea5p th\u1ee5 dinh d\u01b0\u1ee1ng t\u1eeb c\u00e1c th\u1ef1c ph\u1ea9m d\u00e0nh cho ng\u01b0\u1eddi \u0103n ki\u00eang, nh\u1edd \u0111\u00f3 gi\u1ea3m c\u1ea3m gi\u00e1c \u0111\u00f3i.<\/p>\n<p style=\"text-align: justify;\">Th\u00fac \u0111\u1ea9y qu\u00e1 tr\u00ecnh v\u1eadn chuy\u1ec3n c\u00e1c acid b\u00e9o \u0111\u1ebfn c\u00e1c t\u1ebf b\u00e0o. T\u1ea1i \u0111\u00e2y, c\u00e1c acid b\u00e9o s\u1ebd \u0111\u01b0\u1ee3c chuy\u1ec3n h\u00f3a v\u00e0 t\u1ea1o th\u00e0nh n\u0103ng l\u01b0\u1ee3ng cho c\u01a1 th\u1ec3.<\/p>\n<p style=\"text-align: justify;\">Cung c\u1ea5p n\u0103ng l\u01b0\u1ee3ng cho h\u1ea7u h\u1ebft c\u00e1c c\u01a1 quan trong c\u01a1 th\u1ec3 nh\u01b0 tim, gan hay c\u00e1c t\u1ebf b\u00e0o mi\u1ec5n d\u1ecbch v\u00e0 to\u00e0n b\u1ed9 h\u1ec7 th\u1ed1ng c\u01a1. B\u1edfi v\u1eady, n\u1ebfu kh\u00f4ng c\u00f3 L-Carnitine, c\u00e1c acid b\u00e9o s\u1ebd kh\u00f4ng \u0111\u01b0\u1ee3c v\u1eadn chuy\u1ec3n \u0111\u1ebfn n\u01a1i s\u1ea3n xu\u1ea5t n\u0103ng l\u01b0\u1ee3ng. \u0110i\u1ec1u n\u00e0y l\u00e0m cho c\u01a1 th\u1ec3 b\u1ecb thi\u1ebfu h\u1ee5t n\u0103ng l\u01b0\u1ee3ng v\u00e0 d\u1eabn t\u1edbi m\u1ec7t m\u1ecfi. C\u00f2n ch\u1ea5t b\u00e9o s\u1ebd d\u01b0 th\u1eeba v\u00e0 t\u00edch t\u1ee5 l\u1ea1i, sau \u0111\u00f3 tr\u1edf th\u00e0nh m\u1ee1, \u0111\u1eb7c bi\u1ec7t t\u1ea1i c\u00e1c v\u00f9ng m\u00f4ng, b\u1ee5ng, \u0111\u00f9i, b\u1eafp tay\u2026<\/p>\n<p style=\"text-align: justify;\">Tham gia v\u00e0o qu\u00e1 tr\u00ecnh \u0111\u1ed1t ch\u00e1y ch\u1ea5t b\u00e9o trong c\u00e1c th\u1ef1c ph\u1ea9m b\u1ea1n ti\u00eau th\u1ee5 h\u00e0ng ng\u00e0y. Nh\u1edd \u0111\u00f3, ng\u0103n c\u1ea3n \u0111\u01b0\u1ee3c vi\u1ec7c t\u00edch tr\u1eef v\u00e0 h\u00ecnh th\u00e0nh c\u00e1c m\u00f4 m\u1ee1 trong c\u01a1 th\u1ec3.<\/p>\n<p style=\"text-align: justify;\">H\u1ed7 tr\u1ee3 gi\u1ea3m c\u1ea3m gi\u00e1c th\u00e8m \u0103n cho ng\u01b0\u1eddi d\u00f9ng, \u0111\u1ed3ng th\u1eddi ng\u0103n ng\u1eeba m\u1ee1 m\u00e1u.<\/p>\n<p style=\"text-align: justify;\">B\u1ed5 sung vi\u00ean u\u1ed1ng \u0111\u1ed3ng th\u1eddi v\u1edbi vi\u1ec7c \u0111i\u1ec1u ch\u1ec9nh ch\u1ebf \u0111\u1ed9 \u0103n v\u00e0 gi\u1ea3m l\u01b0\u1ee3ng th\u1ef1c ph\u1ea9m n\u1ea1p v\u00e0o c\u01a1 th\u1ec3 s\u1ebd gi\u00fap \u0111em l\u1ea1i hi\u1ec7u qu\u1ea3 gi\u1ea3m c\u00e2n nhanh ch\u00f3ng, an to\u00e0n.<\/p>\n<h3 style=\"text-align: justify;\"><strong><em>M\u1ed9t s\u1ed1 t\u00e1c d\u1ee5ng kh\u00e1c ngo\u00e0i gi\u1ea3m c\u00e2n c\u1ee7a L-carnitine<\/em><\/strong><\/h3>\n<p style=\"text-align: justify;\">H\u1ed7 tr\u1ee3 qu\u00e1 tr\u00ecnh l\u01b0u th\u00f4ng m\u00e1u \u0111\u1ebfn c\u00e1c c\u01a1 quan v\u00e0 t\u0103ng c\u01b0\u1eddng h\u1ec7 mi\u1ec5n d\u1ecbch cho c\u01a1 th\u1ec3.<\/p>\n<p style=\"text-align: justify;\">L-Carnitine t\u00e1c d\u1ee5ng h\u1ed7 tr\u1ee3 duy tr\u00ec v\u00e0 c\u1ea3i thi\u1ec7n s\u1ee9c kh\u1ecfe tim m\u1ea1ch. Theo c\u00e1c b\u00e1o c\u00e1o, ng\u01b0\u1eddi u\u1ed1ng \u0111\u1ec1u \u0111\u1eb7n 2g L-Carnitine\/ng\u00e0y c\u00f3 kh\u1ea3 n\u0103ng gi\u1ea3m kho\u1ea3ng 10 \u0111i\u1ec3m huy\u1ebft \u00e1p t\u00e2m thu. \u0110\u00e2y l\u00e0 ch\u1ec9 s\u1ed1 quan tr\u1ecdng quy\u1ebft \u0111\u1ecbnh s\u1ee9c kh\u1ecfe tim m\u1ea1ch. B\u00ean c\u1ea1nh \u0111\u00f3, s\u1ea3n ph\u1ea9m c\u00f2n \u0111em \u0111\u1ebfn nh\u1eefng t\u00e1c d\u1ee5ng t\u00edch c\u1ef1c v\u1edbi ng\u01b0\u1eddi b\u1ec7nh b\u1ecb ch\u1ee9ng r\u1ed1i lo\u1ea1n nh\u1ecbp tim v\u00e0 gi\u00fap gi\u1ea3m nguy c\u01a1 t\u1eed vong c\u1ee7a b\u1ec7nh suy tim.<\/p>\n<p style=\"text-align: justify;\">B\u00ean c\u1ea1nh \u0111\u00f3, vi\u00ean u\u1ed1ng c\u00f2n gi\u00fap ng\u0103n ng\u1eeba nguy c\u01a1 suy gi\u1ea3m ch\u1ee9c n\u0103ng n\u00e3o b\u1ed9 v\u00e0 ph\u00f2ng ch\u1ed1ng b\u1ec7nh m\u1ea5t tr\u00ed nh\u1edb.<\/p>\n<p style=\"text-align: justify;\">H\u1ed7 tr\u1ee3 gi\u1ea3m \u0111au c\u01a1 v\u00e0 t\u0103ng kh\u1ea3 n\u0103ng ph\u1ee5c h\u1ed3i cho ng\u01b0\u1eddi g\u1eb7p ch\u1ea5n th\u01b0\u01a1ng khi luy\u1ec7n t\u1eadp ho\u1eb7c lao \u0111\u1ed9ng n\u1eb7ng.<\/p>\n<h3 style=\"text-align: justify;\"><strong>\u0110\u1ed1i t\u01b0\u1ee3ng h\u01b0\u1edfng l\u1ee3i \u00edch khi s\u1eed d\u1ee5ng puritan&#8217;s pride l-carnitine<\/strong><\/h3>\n<p style=\"text-align: justify;\">Nam gi\u1edbi \u0111ang trong ch\u1ebf \u0111\u1ed9 t\u1eadp luy\u1ec7n gi\u1ea3m c\u00e2n, mu\u1ed1n c\u01a1 b\u1eafp ph\u00e1t tri\u1ec3n n\u00ean s\u1eed d\u1ee5ng l-carnitine.<\/p>\n<p style=\"text-align: justify;\">Ng\u01b0\u1eddi b\u00e9o ph\u00ec c\u00f3 nguy c\u01a1 m\u1eafc b\u1ec7nh tim m\u1ea1ch, ng\u01b0\u1eddi cao m\u00e1u, gan nhi\u1ec5m m\u1ee1 n\u00ean s\u1eed d\u1ee5ng l-carnitine. Ng\u01b0\u1eddi \u0103n ki\u00eang, \u0103n chay c\u00f3 th\u1ec3 b\u1ed5 sung acid amin h\u1ed7 tr\u1ee3 ch\u1ebf \u0111\u1ed9 \u0103n thay v\u00ec \u0103n th\u1ecbt.<\/p>\n<p style=\"text-align: justify;\">Ph\u1ee5 n\u1eef mu\u1ed1n gi\u1ea3m b\u1edbt v\u00f2ng eo ng\u1ea5n m\u1ee1, v\u00f2ng ba ch\u1ea3y s\u1ec7 c\u00f3 th\u1ec3 u\u1ed1ng l carnitine puritan \u2018s pride. K\u1ebft h\u1ee3p v\u1edbi c\u00e1c b\u00e0i th\u1ec3 d\u1ee5c nh\u1eb9 nh\u00e0ng, \u0103n th\u1ef1c \u0111\u01a1n \u00edt tinh b\u1ed9t.<\/p>\n<p><img decoding=\"async\" class=\"aligncenter\" src=\"http:\/\/vitamin.webmaudep.net\/wp-content\/uploads\/2019\/05\/%C4%91%E1%BA%B7t-mua-ngay-1-300x150.gif\" \/><\/p>\n<h3 style=\"text-align: justify;\"><strong>C\u00e1ch d\u00f9ng s\u1ea3n ph\u1ea9m L-carnitine c\u1ee7a h\u00e3ng Puritan \u2018s Pride \u0111\u1ec3 duy tr\u00ec v\u00f3c d\u00e1ng<\/strong><\/h3>\n<p style=\"text-align: justify;\">Ng\u01b0\u1eddi l\u1edbn u\u1ed1ng 3 vi\u00ean\/ng\u00e0y. T\u1ed1t nh\u1ea5t u\u1ed1ng v\u00e0o tr\u01b0\u1edbc b\u1eefa \u0103n, ng\u00e0y chia 3 l\u1ea7n u\u1ed1ng.<\/p>\n<p style=\"text-align: justify;\">Tr\u1ebb em d\u01b0\u1edbi 18 tu\u1ed5i, ph\u1ee5 n\u1eef c\u00f3 thai v\u00e0 \u0111ang cho con b\u00fa tham kh\u1ea3o \u00fd ki\u1ebfn b\u00e1c s\u0129 tr\u01b0\u1edbc khi s\u1eed d\u1ee5ng s\u1ea3n ph\u1ea9m.<\/p>\n<h3 style=\"text-align: justify;\"><strong>Puritan&#8217;s Pride L-Carnitine 500 mg c\u00f3 t\u1ed1t kh\u00f4ng?<\/strong><\/h3>\n<p style=\"text-align: justify;\">Vi\u00ean u\u1ed1ng Puritan&#8217;s Pride L-Carnitine 500 mg ho\u1eb7c h\u00e0m l\u01b0\u1ee3ng 1000mg l\u00e0 s\u1ea3n ph\u1ea9m c\u1ee7a c\u00f4ng ty Puritan\u2019s Pride. Th\u01b0\u01a1ng hi\u1ec7u s\u1ea3n xu\u1ea5t th\u1ef1c ph\u1ea9m ch\u1ee9c \u0111\u01b0\u1ee3c \u01b0a chu\u1ed9ng h\u00e0ng \u0111\u1ea7u t\u1ea1i M\u1ef9. Ngu\u1ed3n nguy\u00ean li\u1ec7u \u0111\u01b0\u1ee3c ki\u1ec3m \u0111\u1ecbnh k\u1ef9 c\u00e0ng nh\u1eb1m \u0111\u1ea3m b\u1ea3o an to\u00e0n v\u00e0 ch\u0103m s\u1ee9c kh\u1ecfe c\u1ea3 c\u01a1 th\u1ec3 cho ng\u01b0\u1eddi d\u00f9ng. \u0110\u1eb7c bi\u1ec7t s\u1ea3n ph\u1ea9m \u0111\u01b0\u1ee3c chi\u1ebft xu\u1ea5t t\u1eeb t\u1ef1 nhi\u00ean n\u00ean l\u00e0nh t\u00ednh cho m\u1ecdi \u0111\u1ed1i t\u01b0\u1ee3ng.<\/p>\n<p style=\"text-align: justify;\">Puritan&#8217;s Pride L-Carnitine 500 mg kh\u00f4ng g\u00e2y t\u00e1c d\u1ee5ng ph\u1ee5 v\u00ec b\u1ea3n ch\u1ea5t l\u00e0 vitamin BT t\u1ef1 nhi\u00ean c\u01a1 th\u1ec3 c\u00f3 th\u1ec3 t\u1ef1 s\u1ea3n sinh \u0111\u01b0\u1ee3c. Theo C\u01a1 quan an to\u00e0n th\u1ef1c ph\u1ea9m Ch\u00e2u \u00c2u (The European Food Safety Authorities), m\u1ed7i ng\u00e0y b\u1ea1n c\u00f3 th\u1ec3 s\u1eed d\u1ee5ng t\u1ed1i \u0111a 2g L-Carnitine c\u0169ng kh\u00f4ng \u1ea3nh h\u01b0\u1edfng \u0111\u1ebfn s\u1ee9c kh\u1ecfe.<\/p>\n<p style=\"text-align: justify;\">S\u1ea3n ph\u1ea9m \u0111\u01b0\u1ee3c b\u00e0o ch\u1ebf d\u01b0\u1edbi d\u1ea1ng vi\u00ean u\u1ed1ng n\u00ean d\u1ec5 h\u1ea5p th\u1ee5, d\u1ec5 b\u1ea3o qu\u1ea3n, c\u00f3 th\u1ec3 s\u1eed d\u1ee5ng h\u00e0ng ng\u00e0y v\u00e0 thu\u1eadn ti\u1ec7n mang \u0111i xa.<\/p>\n<p style=\"text-align: justify;\">Gi\u00e1 c\u1ea3 ph\u1ea3i ch\u0103ng, ph\u00f9 h\u1ee3p v\u1edbi t\u00ecnh h\u00ecnh kinh t\u1ebf c\u1ee7a h\u1ea7u h\u1ebft m\u1ecdi ng\u01b0\u1eddi.<\/p>\n<p style=\"text-align: justify;\">Hi\u1ec7u qu\u1ea3 l\u00e2u d\u00e0i, b\u1edfi v\u1eady d\u00f9 \u0111\u00e3 ng\u01b0ng s\u1eed d\u1ee5ng m\u1ed9t th\u1eddi gian nh\u1eefng vi\u00ean u\u1ed1ng v\u1eabn duy tr\u00ec \u0111\u01b0\u1ee3c k\u1ebft qu\u1ea3.<\/p>\n<h3 style=\"text-align: justify;\">L\u01b0u \u00fd :<\/h3>\n<p style=\"text-align: justify;\">\u0110\u1ec3 n\u01a1i kh\u00f4 m\u00e1t, tr\u00e1nh \u00e1nh s\u00e1ng m\u1eb7t tr\u1eddi tr\u1ef1c ti\u1ebfp.<\/p>\n<p style=\"text-align: justify;\">\u0110\u1ec3 xa t\u1ea7m tay tr\u1ebb em<\/p>\n","protected":false},"excerpt":{"rendered":"<p style=\"text-align: center;\"><span style=\"color: #008000;\"><strong>Puritan&#8217;s Pride L-Carnitine 500 mg, L\u1ecc 60 vi\u00ean<\/strong><\/span><\/p>\n<p style=\"text-align: center;\"><em><span style=\"color: #000080;\"><strong>S\u1ea3n ph\u1ea9m Gi\u1ea3m c\u00e2n hi\u1ec7u qu\u1ea3 t\u1eeb h\u00e3ng th\u1ea3o d\u01b0\u1ee3c n\u1ed5i ti\u1ebfng c\u1ee7a M\u1ef9<\/strong><\/span><\/em><\/p>\n","protected":false},"featured_media":3369,"comment_status":"open","ping_status":"closed","template":"","meta":[],"product_cat":[756,782],"product_tag":[826,823,824,822,825],"_links":{"self":[{"href":"https:\/\/vitamin.webmaudep.net\/index.php?rest_route=\/wp\/v2\/product\/3368"}],"collection":[{"href":"https:\/\/vitamin.webmaudep.net\/index.php?rest_route=\/wp\/v2\/product"}],"about":[{"href":"https:\/\/vitamin.webmaudep.net\/index.php?rest_route=\/wp\/v2\/types\/product"}],"replies":[{"embeddable":true,"href":"https:\/\/vitamin.webmaudep.net\/index.php?rest_route=%2Fwp%2Fv2%2Fcomments&post=3368"}],"wp:featuredmedia":[{"embeddable":true,"href":"https:\/\/vitamin.webmaudep.net\/index.php?rest_route=\/wp\/v2\/media\/3369"}],"wp:attachment":[{"href":"https:\/\/vitamin.webmaudep.net\/index.php?rest_route=%2Fwp%2Fv2%2Fmedia&parent=3368"}],"wp:term":[{"taxonomy":"product_cat","embeddable":true,"href":"https:\/\/vitamin.webmaudep.net\/index.php?rest_route=%2Fwp%2Fv2%2Fproduct_cat&post=3368"},{"taxonomy":"product_tag","embeddable":true,"href":"https:\/\/vitamin.webmaudep.net\/index.php?rest_route=%2Fwp%2Fv2%2Fproduct_tag&post=3368"}],"curies":[{"name":"wp","href":"https:\/\/api.w.org\/{rel}","templated":true}]}}