{"id":3365,"date":"2022-04-07T14:36:07","date_gmt":"2022-04-07T07:36:07","guid":{"rendered":"http:\/\/vitamin.demo.xemwebmau.com\/?post_type=product&#038;p=3365"},"modified":"2022-04-07T14:36:08","modified_gmt":"2022-04-07T07:36:08","slug":"vien-uong-soy-lecithin-puritans-pride-1325mg-lo-100-vien","status":"publish","type":"product","link":"https:\/\/vitamin.webmaudep.net\/?product=vien-uong-soy-lecithin-puritans-pride-1325mg-lo-100-vien","title":{"rendered":"Vi\u00ean U\u1ed1ng Soy Lecithin puritan&#8217;s pride 1325mg, L\u1ecd 100 vi\u00ean"},"content":{"rendered":"<h2 style=\"text-align: center;\"><span style=\"color: #008000;\"><strong>Vi\u00ean U\u1ed1ng Soy Lecithin puritan&#8217;s pride 1325mg, L\u1ecd 100 vi\u00ean<\/strong><\/span><\/h2>\n<p style=\"text-align: center;\"><span style=\"color: #000080;\"><strong><em>B\u1ed5 sung tinh ch\u1ea5t m\u1ea7m \u0111\u1eadu n\u00e0nh t\u1ef1 nhi\u00ean<\/em><\/strong><\/span><\/p>\n<p style=\"text-align: justify;\"><strong>\u00a0<\/strong><\/p>\n<h3 style=\"text-align: justify;\"><strong>Th\u00f4ng tin s\u1ea3n ph\u1ea9m:<\/strong><\/h3>\n<p style=\"text-align: justify;\">T\u00ean s\u1ea3n ph\u1ea9m : Soy Lecithin, h\u00e0m l\u01b0\u1ee3ng 1325 mg<\/p>\n<p style=\"text-align: justify;\">Xu\u1ea5t x\u1ee9: M\u1ef9<\/p>\n<p style=\"text-align: justify;\">H\u00e3ng sx: Puritan\u2019s Pride<\/p>\n<p style=\"text-align: justify;\">Quy c\u00e1ch: H\u1ed9p 100 vi\u00ean<\/p>\n<h3 style=\"text-align: justify;\"><strong>Gi\u1edbi thi\u1ec7u Soy Lecithin puritan&#8217;s pride<\/strong><\/h3>\n<p style=\"text-align: justify;\">Lecithin l\u00e0 m\u1ed9t ngu\u1ed3n t\u1ef1 nhi\u00ean quan tr\u1ecdng \u0111\u1ec3 c\u01a1 th\u1ec3 t\u1ed5ng h\u1ee3p Choline v\u00e0 Inositol, hai ch\u1ea5t <a href=\"http:\/\/vitamin.webmaudep.net\/san-pham\/garlic-oil-puritan-s-pride-1000mg-vien-dau-toi-garlic-oil-cua-my\/\">dinh d\u01b0\u1ee1ng<\/a> quan tr\u1ecdng \u0111\u1ed1i v\u1edbi c\u00e1c ho\u1ea1t \u0111\u1ed9ng c\u1ee7a c\u01a1 th\u1ec3.<\/p>\n<p style=\"text-align: justify;\">Lecithin trong s\u1ea3n ph\u1ea9m Soy lecithin \u0111\u01b0\u1ee3c b\u00e0o ch\u1ebf v\u1edbi c\u00f4ng th\u1ee9c r\u1ea5t th\u00e2n thi\u1ec7n v\u1edbi c\u01a1 th\u1ec3, \u0111\u00f3 l\u00e0: Kh\u00f4ng c\u00f3 nh\u00e2n t\u1ea1o m\u00e0u, h\u01b0\u01a1ng v\u1ecb ho\u1eb7c ch\u1ea5t ng\u1ecdt, kh\u00f4ng ch\u1ea5t b\u1ea3o qu\u1ea3n <a href=\"http:\/\/vitamin.webmaudep.net\/san-pham\/vien-uong-melatonin-puritans-pride-giup-ngu-ngon\/\">c\u00f4ng nghi\u1ec7p<\/a>, kh\u00f4ng \u0111\u01b0\u1eddng, kh\u00f4ng c\u00f3 tinh b\u1ed9t, kh\u00f4ng ch\u1ee9a th\u00e0nh ph\u1ea7n t\u1eeb s\u1eefa, kh\u00f4ng c\u00f3 Lactose, kh\u00f4ng c\u00f3 Gluten, kh\u00f4ng c\u00f3 l\u00faa m\u00ec, kh\u00f4ng c\u00f3 men v\u00e0 mu\u1ed1i \u0103n.<\/p>\n<p style=\"text-align: justify;\">Soy Lecithin 1325 mg l\u00e0 gi\u1ea3i ph\u00e1p h\u1eefu hi\u1ec7u gi\u00fap ch\u1ecb em ph\u1ee5 n\u1eef lu\u00f4n gi\u1eef m\u00e3i \u0111\u01b0\u1ee3c n\u00e9t t\u01b0\u01a1i tr\u1ebb, h\u1ea5p d\u1eabn, quy\u1ebfn r\u0169 trong m\u1eaft b\u1ea1n \u0111\u1eddi.<\/p>\n<p><img decoding=\"async\" loading=\"lazy\" class=\"aligncenter wp-image-3367 \" src=\"http:\/\/vitamin.webmaudep.net\/wp-content\/uploads\/2022\/04\/tinh-chat-mam-dau-nanh-soy-lecithin-1325mg-729408.jpg\" alt=\"\" width=\"534\" height=\"503\" srcset=\"https:\/\/vitamin.webmaudep.net\/wp-content\/uploads\/2022\/04\/tinh-chat-mam-dau-nanh-soy-lecithin-1325mg-729408.jpg 650w, https:\/\/vitamin.webmaudep.net\/wp-content\/uploads\/2022\/04\/tinh-chat-mam-dau-nanh-soy-lecithin-1325mg-729408-300x282.jpg 300w, https:\/\/vitamin.webmaudep.net\/wp-content\/uploads\/2022\/04\/tinh-chat-mam-dau-nanh-soy-lecithin-1325mg-729408-600x565.jpg 600w\" sizes=\"(max-width: 534px) 100vw, 534px\" \/><\/p>\n<p>&nbsp;<\/p>\n<p style=\"text-align: justify;\"><strong>Th\u00e0nh ph\u1ea7n<\/strong> <strong>soy isoflavones puritan&#8217;s pride<\/strong><\/p>\n<p style=\"text-align: justify;\">Th\u00e0nh ph\u1ea7n s\u1ea3n ph\u1ea9m trong 2 vi\u00ean:<\/p>\n<p style=\"text-align: justify;\">Calories:\u00a0 25<\/p>\n<p style=\"text-align: justify;\">Calories from Fat: 15<\/p>\n<p style=\"text-align: justify;\">Total Fat: 2 g 3%<\/p>\n<p style=\"text-align: justify;\">Soy Lecithin: 2,650 mg (2.65 g)<\/p>\n<p style=\"text-align: justify;\">Kh\u00f4ng c\u00f3 nh\u00e2n t\u1ea1o m\u00e0u, h\u01b0\u01a1ng v\u1ecb ho\u1eb7c ch\u1ea5t ng\u1ecdt, kh\u00f4ng ch\u1ea5t <a href=\"http:\/\/vitamin.webmaudep.net\/san-pham\/glucosamine-puritans-pride-puritans-pride-triple-strength-glucosamine-chondroitin-msm-joint-soother\/\">b\u1ea3o qu\u1ea3n<\/a>, Kh\u00f4ng \u0111\u01b0\u1eddng, Kh\u00f4ng c\u00f3 tinh b\u1ed9t, Kh\u00f4ng c\u00f3 s\u1eefa, Kh\u00f4ng c\u00f3 Lactose, Kh\u00f4ng c\u00f3 Gluten, Kh\u00f4ng c\u00f3 l\u00faa m\u00ec, Kh\u00f4ng c\u00f3 men v\u00e0 mu\u1ed1i.<\/p>\n<h4 style=\"text-align: justify;\"><em>C\u00f4ng d\u1ee5ng c\u1ee7a lecithin<\/em><\/h4>\n<p style=\"text-align: justify;\">Lecithin l\u00e0 ch\u1ea5t c\u1ea7n thi\u1ebft trong m\u1ed7i t\u1ebf b\u00e0o c\u1ee7a c\u01a1 th\u1ec3 gi\u00fap tham gia v\u00e0o qu\u00e1 tr\u00ecnh quan tr\u1ecdng v\u1ec1 ho\u1ea1t \u0111\u1ed9ng s\u1ed1ng. B\u00ean c\u1ea1nh \u0111\u00f3 c\u00f2n gi\u00fap chuy\u1ec3n h\u00f3a l\u01b0\u1ee3ng m\u1ee1 trong c\u01a1 th\u1ec3 v\u00e0 ph\u00e2n h\u1ee7y c\u00e1c ch\u1ea5t b\u00e9o, ph\u00f2ng ng\u1eeba x\u01a1 v\u1eefa \u0111\u1ed9ng m\u1ea1ch<\/p>\n<p style=\"text-align: justify;\">Ngo\u00e0i ra Lecithin r\u1ea5t quan tr\u1ecdng \u0111\u1ec3 gi\u1eef cho l\u01b0\u1ee3ng cholesterol \u1edf d\u1ea1ng h\u00f2a tan trong m\u1eadt v\u00e0 c\u0169ng ng\u0103n ng\u1eeba hi\u1ec7n t\u01b0\u1ee3ng s\u1ecfi m\u1eadt.<\/p>\n<p style=\"text-align: justify;\">Lecithin r\u1ea5t quan tr\u1ecdng cho h\u1ec7 th\u1ea7n kinh lu\u00f4n kh\u1ecfe m\u1ea1nh, n\u00f3 lu\u00f4n l\u00e0 v\u1ecf b\u1ecdc c\u1ee7a d\u00e2y th\u1ea7n kinh.<\/p>\n<p style=\"text-align: justify;\">Lecithin l\u00e0 m\u1ed9t ngu\u1ed3n t\u1ef1 nhi\u00ean quan tr\u1ecdng c\u1ee7a choline v\u00e0 inositol, hai ch\u1ea5t dinh d\u01b0\u1ee1ng quan tr\u1ecdng \u0111\u1ed1i v\u1edbi c\u00e1c ho\u1ea1t \u0111\u1ed9ng c\u1ee7a c\u01a1 th\u1ec3.<\/p>\n<h3 style=\"text-align: justify;\"><strong>C\u00f4ng d\u1ee5ng c\u1ee7a puritan&#8217;s pride soy isoflavones<\/strong><\/h3>\n<p style=\"text-align: justify;\">Tinh ch\u1ea5t m\u1ea7m \u0111\u1eadu n\u00e0nh puritan&#8217;s pride Soy Lecithin 1325mg 100 vi\u00ean c\u1ee7a M\u1ef9 gi\u00fap c\u1ea3i thi\u1ec7n n\u1ed9i ti\u1ebft t\u1ed1 n\u1eef ho\u1eb7c nh\u1eefng d\u1ea5u hi\u1ec7u r\u1ed1i lo\u1ea1n \u1edf th\u1eddi k\u1ef3 ti\u1ec1n m\u00e3n kinh nh\u01b0: chu k\u1ef3 kinh nguy\u1ec7t kh\u00f4ng \u0111\u1ec1u, m\u1ea5t ng\u1ee7, c\u0103ng th\u1eb3ng stress, b\u1ed1c h\u1ecfa, m\u1ee5n nh\u1ecdt, n\u00e1m t\u00e0n nhang.<\/p>\n<p style=\"text-align: justify;\">Ngo\u00e0i ra, c\u00e2n b\u1eb1ng n\u1ed9i ti\u1ebft t\u1ed1 n\u1eef c\u00f2n gi\u00fap c\u01a1 th\u1ec3 ph\u1ee5 n\u1eef t\u0103ng kh\u1ea3 n\u0103ng th\u1ee5 thai.<\/p>\n<p style=\"text-align: justify;\">T\u0103ng c\u01b0\u1eddng n\u1ed9i ti\u1ebft t\u1ed1 n\u1eef. Gi\u1ea3m c\u00e1c tri\u1ec7u ch\u1ee9ng c\u1ee7a th\u1eddi k\u1ef3 m\u00e3n kinh. H\u1ed7 tr\u1ee3 ph\u00f2ng ch\u1ed1ng, gi\u1ea3m c\u00e1c v\u1ea5n \u0111\u1ec1 li\u00ean quan \u0111\u1ebfn u x\u01a1 t\u1eed cung.<\/p>\n<p style=\"text-align: justify;\">Tinh ch\u1ea5t m\u1ea7m \u0111\u1eadu n\u00e0nh Puritan&#8217;s Pride ch\u1ed1ng l\u00e3o ho\u00e1, gi\u1ea3m n\u1ebfp nh\u0103n tr\u00ean da, gi\u1ea3m n\u00e1m, t\u00e0n nhang, gi\u00fap da c\u0103ng \u0111\u1eb9p m\u1ecbn m\u00e0ng, s\u1eafc m\u1eb7t h\u1ed3ng h\u00e0o, t\u01b0\u01a1i nhu\u1eadn.<\/p>\n<p style=\"text-align: center;\"><span style=\"color: #0000ff;\"><strong>VITAMINTOT.COM<\/strong><\/span><\/p>\n<p style=\"text-align: center;\"><span style=\"color: #0000ff;\"><strong>UY T\u00cdN H\u00c0NG \u0110\u1ea6U \u2013 TR\u1eccN V\u1eb8N NI\u1ec0M TIN<\/strong><\/span><\/p>\n<h3 style=\"text-align: justify;\"><strong>H\u01b0\u1edbng d\u1eabn s\u1eed d\u1ee5ng: <\/strong><\/h3>\n<p style=\"text-align: justify;\">&#8211; U\u1ed1ng ng\u00e0y 2 vi\u00ean chia 2 l\u1ea7n v\u00e0o bu\u1ed5i s\u00e1ng v\u00e0 t\u1ed1i sau b\u1eefa \u0103n.<\/p>\n<p style=\"text-align: justify;\">&#8211; N\u00ean u\u1ed1ng \u0111\u1ec1u \u0111\u1eb7n \u0111\u1ec3 c\u00f3 k\u1ebft qu\u1ea3 t\u1ed1t nh\u1ea5t.<\/p>\n<h3 style=\"text-align: justify;\"><strong>\u0110\u1ed1i t\u01b0\u1ee3ng s\u1eed d\u1ee5ng:<\/strong><\/h3>\n<p style=\"text-align: justify;\">\u00a0N\u1eef gi\u1edbi ch\u1ee9c n\u0103ng sinh l\u00fd gi\u1ea3m s\u00fat, kh\u00f4 \u00e2m \u0111\u1ea1o, da kh\u00f4 s\u1ea1m, b\u1eaft \u0111\u1ea7u xu\u1ea5t hi\u1ec7n n\u00e1m, t\u00e0n nhang.<\/p>\n<p style=\"text-align: justify;\">\u00a0N\u1eef gi\u1edbi tu\u1ed5i ti\u1ec1n m\u00e3n kinh, m\u00e3n kinh c\u00f3 c\u00e1c tri\u1ec7u ch\u1ee9ng: da nh\u0103n, s\u1ea1m, n\u00e1m, s\u1eafc m\u1eb7t kh\u00f4ng t\u01b0\u01a1i nhu\u1eadn, t\u00f3c kh\u00f4 x\u01a1, d\u1ec5 r\u1ee5ng, b\u1ed1c h\u1ecfa, m\u1ea5t ng\u1ee7, t\u00edch m\u1ee1 b\u1ee5ng, lo\u00e3ng x\u01b0\u01a1ng.<\/p>\n<p style=\"text-align: justify;\">\u00a0N\u1eef gi\u1edbi da kh\u00f4, m\u1ee5n tr\u1ee9ng c\u00e1, t\u00e0n nhang.<\/p>\n<h3 style=\"text-align: justify;\"><strong><em>Ngo\u00e0i ra, tinh ch\u1ea5t m\u1ea7m \u0110\u1eadu N\u00e0nh Soy Lecithin c\u00f2n c\u00f3 nh\u1eefng t\u00e1c d\u1ee5ng sau.<\/em><\/strong><\/h3>\n<p style=\"text-align: justify;\">Tinh ch\u1ea5t m\u1ea7m \u0111\u1eadu n\u00e0nh puritan&#8217;s pride Soy Lecithin 1325mg 100 vi\u00ean c\u1ee7a M\u1ef9 gi\u00fap gi\u1ea3m h\u00e0m l\u01b0\u1ee3ng cholesterol trong m\u00e1u, ph\u00f2ng ng\u1eeba c\u00e1c b\u1ec7nh l\u00fd tim m\u1ea1ch, gi\u00fap h\u1ea1n ch\u1ebf r\u1ee5ng t\u00f3c.<\/p>\n<p style=\"text-align: justify;\">Gi\u00fap cho tim kh\u1ecfe m\u1ea1nh, t\u0103ng c\u01b0\u1eddng kh\u1ea3 n\u0103ng ch\u1ed1ng oxy h\u00f3a, t\u0103ng c\u01b0\u1eddng h\u1ec7 mi\u1ec5m d\u1ecbch, gi\u00fap ng\u0103n ng\u1eeba u v\u00e0 l\u00e0m tr\u1eafng da, h\u00f4\u0303 tr\u01a1\u0323 t\u0103ng, gia\u0309m c\u00e2n hi\u00ea\u0323u qua\u0309<\/p>\n<p style=\"text-align: justify;\">Gi\u00fap h\u1ea5p thu c\u00e1c vitamin tan trong d\u1ea7u nh\u01b0 vitamin A, D , E, K.<\/p>\n<p><img decoding=\"async\" class=\"aligncenter\" src=\"http:\/\/vitamin.webmaudep.net\/wp-content\/uploads\/2019\/01\/mua-ngay-300x145.png\" \/><\/p>\n<h3 style=\"text-align: justify;\"><strong>Th\u00f4ng tin th\u01b0\u01a1ng hi\u1ec7u s\u1ea3n ph\u1ea9m Lecithin 1325 mg<\/strong><\/h3>\n<p style=\"text-align: justify;\">Puritan&#8217;s Pride l\u00e0 c\u00f4ng ty th\u00e0nh vi\u00ean c\u1ee7a T\u1eadp \u0111o\u00e0n NBTY, 1 trong 4 t\u1eadp \u0111o\u00e0n s\u1ea3n xu\u1ea5t v\u00e0 ph\u00e2n ph\u1ed1i th\u1ef1c ph\u1ea9m b\u1ea3o v\u1ec7 s\u1ee9c kh\u1ecfe (Health Supplements) l\u1edbn t\u1ea1i M\u1ef9 v\u00e0 tr\u00ean th\u1ebf gi\u1edbi. Puritan&#8217;s Pride kh\u1eb3ng \u0111\u1ecbnh \u0111\u1eb3ng c\u1ea5p c\u1ee7a m\u00ecnh th\u00f4ng qua danh m\u1ee5c tr\u00ean 2.000 s\u1ea3n ph\u1ea9m, \u0111\u00e1p \u1ee9ng h\u1ea7u c\u00e1c nhu c\u1ea7u b\u1ea3o v\u1ec7 s\u1ee9c kh\u1ecfe c\u1ee7a m\u1ecdi ng\u01b0\u1eddi.<\/p>\n<h3 style=\"text-align: justify;\"><strong>C\u00e1c c\u00e2u h\u1ecfi nhi\u1ec1u ng\u01b0\u1eddi quan t\u00e2m <\/strong><\/h3>\n<h4 style=\"text-align: justify;\"><strong><em>Soy Lecithin 1325mg c\u1ee7a M\u1ef9 c\u00f3 t\u1ed1t kh\u00f4ng?<\/em><\/strong><\/h4>\n<p style=\"text-align: justify;\">S\u1ea3n ph\u1ea9m Tinh ch\u1ea5t m\u1ea7m \u0111\u1eadu n\u00e0nh Soy Lecithin 1325mg 100 vi\u00ean \u0111\u01b0\u1ee3c s\u1ea3n xu\u1ea5t t\u1ea1i M\u1ef9, \u0111\u1ea1t nh\u1eefng ti\u00eau chu\u1ea9n nghi\u00eam ng\u1eb7t v\u1ec1 ch\u1ea5t l\u01b0\u1ee3ng v\u00e0 an to\u00e0n.<\/p>\n<p style=\"text-align: justify;\">Tinh ch\u1ea5t m\u1ea7m \u0111\u1eadu n\u00e0nh nguy\u00ean ch\u1ea5t, tr\u00ean d\u00e2y chuy\u1ec1n hi\u1ec7n \u0111\u1ea1i, kh\u00f4ng ch\u1ee9a th\u00eam c\u00e1c ch\u1ea5t h\u00f3a h\u1ecdc g\u00e2y h\u1ea1i cho s\u1ee9c kh\u1ecfe nh\u01b0 ch\u1ea5t b\u1ea3o qu\u1ea3n, ch\u1ea5t t\u1ea1o h\u01b0\u01a1ng v\u1ecb, ph\u1ea9m m\u00e0u,&#8230;<\/p>\n<p style=\"text-align: justify;\">S\u1ea3n ph\u1ea9m c\u1ee7a h\u00e3ng d\u01b0\u1ee3c ph\u1ea9m uy t\u00edn c\u1ee7a M\u1ef9, \u0111\u01b0\u1ee3c tin d\u00f9ng su\u1ed1t nhi\u1ec1u n\u0103m nay t\u1ea1i M\u1ef9 v\u00e0 nhi\u1ec1u qu\u1ed1c gia tr\u00ean Th\u1ebf gi\u1edbi. Soy Lecithin 1325mg c\u0169ng \u0111\u01b0\u1ee3c \u0111\u00e1nh gi\u00e1 r\u1ea5t cao tr\u00ean c\u00e1c trang th\u01b0\u01a1ng m\u1ea1i l\u1edbn nh\u01b0 Amazon.<\/p>\n<h4 style=\"text-align: justify;\"><strong><em>S\u1eed d\u1ee5ng s\u1ea3n ph\u1ea9m n\u00e0y c\u00f3 t\u00e1c d\u1ee5ng ph\u1ee5 kh\u00f4ng?<\/em><\/strong><\/h4>\n<p style=\"text-align: justify;\">Tinh ch\u1ea5t m\u1ea7m \u0111\u1eadu n\u00e0nh Soy Lecithin 1325mg \u0111\u01b0\u1ee3c ki\u1ec3m \u0111\u1ecbnh nghi\u00eam ng\u1eb7t v\u1ec1 ch\u1ea5t l\u01b0\u1ee3ng v\u00e0 an to\u00e0n, n\u00ean\u00a0 y\u00ean t\u00e2m s\u1eed d\u1ee5ng . S\u1ea3n ph\u1ea9m kh\u00f4ng ch\u1ee9a c\u00e1c ch\u1ea5t g\u00e2y d\u1ecb \u1ee9ng, kh\u00f4ng ch\u1ee9a ch\u1ea5t b\u1ea3o qu\u1ea3n, ch\u1ea5t t\u1ea1o m\u00e0u,&#8230; \u1ea3nh h\u01b0\u1edfng \u0111\u1ebfn s\u1ee9c kh\u1ecfe v\u00e0 g\u00e2y t\u00e1c d\u1ee5ng ph\u1ee5.<\/p>\n<p><img decoding=\"async\" class=\"aligncenter\" src=\"http:\/\/vitamin.webmaudep.net\/wp-content\/uploads\/2019\/05\/%C4%91%E1%BA%B7t-mua-ngay-1-300x150.gif\" \/><\/p>\n<h4 style=\"text-align: justify;\"><strong><em>Bao nhi\u00eau tu\u1ed5i th\u00ec s\u1eed d\u1ee5ng \u0111\u01b0\u1ee3c puritan&#8217;s pride soy lecithin 1325mg?<\/em><\/strong><\/h4>\n<p style=\"text-align: justify;\">S\u1ef1 thi\u1ebfu h\u1ee5t Estrogen-n\u1ed9i ti\u1ebft t\u1ed1 n\u1eef t\u00f9y thu\u1ed9c v\u00e0o c\u01a1 \u0111\u1ecba m\u1ed7i ng\u01b0\u1eddi, ch\u1ebf \u0111\u1ed9 dinh d\u01b0\u1ee1ng, sinh ho\u1ea1t, t\u00ednh ch\u1ea5t c\u00f4ng vi\u1ec7c c\u0169ng quy\u1ebft \u0111\u1ecbnh \u0111\u1ebfn \u0111i\u1ec1u n\u00e0y. Th\u01b0\u1eddng th\u00ec sau \u0111\u1ed9 tu\u1ed5i 40, khi xu\u1ea5t hi\u1ec7n nh\u1eefng tri\u1ec7u ch\u1ee9ng suy gi\u1ea3m s\u1ee9c kh\u1ecfe sinh l\u00fd, da kh\u00f4, kh\u00f4 \u00e2m \u0111\u1ea1o, da ch\u1ea3y x\u1ec7, m\u1ea5t \u0111\u00e0n h\u1ed3i, hay b\u1ed1c h\u1ecfa, m\u1ea5t ng\u1ee7, kh\u00f3 ch\u1ecbu, b\u1ee9c b\u1ed1i trong c\u01a1 th\u1ec3, lo\u00e3ng x\u01b0\u01a1ng,&#8230; l\u00fac \u0111\u00f3, b\u1ea1n n\u00ean b\u1ed5 sung tinh ch\u1ea5t m\u1ea7m \u0111\u1eadu n\u00e0nh Soy Lecithin 1325mg c\u1ee7a M\u1ef9.<\/p>\n<h3 style=\"text-align: justify;\"><strong>L\u01b0u \u00fd: <\/strong><\/h3>\n<p style=\"text-align: justify;\">S\u1ea3n ph\u1ea9m n\u00e0y kh\u00f4ng ph\u1ea3i l\u00e0 thu\u1ed1c, kh\u00f4ng c\u00f3 t\u00e1c d\u1ee5ng thay th\u1ebf thu\u1ed1c ch\u1eefa b\u1ec7nh.<\/p>\n<p style=\"text-align: justify;\">B\u1ea3o qu\u1ea3n \u1edf n\u01a1i kh\u00f4 tho\u00e1ng d\u01b0\u1edbi 30\u00ba C<\/p>\n<p style=\"text-align: justify;\">\n","protected":false},"excerpt":{"rendered":"<p style=\"text-align: center;\"><span style=\"color: #000080;\"><strong><em>B\u1ed5 sung tinh ch\u1ea5t m\u1ea7m \u0111\u1eadu n\u00e0nh t\u1ef1 nhi\u00ean<\/em><\/strong><\/span><\/p>\n","protected":false},"featured_media":3367,"comment_status":"open","ping_status":"closed","template":"","meta":[],"product_cat":[762,759,782],"product_tag":[826,823,824,822,825],"_links":{"self":[{"href":"https:\/\/vitamin.webmaudep.net\/index.php?rest_route=\/wp\/v2\/product\/3365"}],"collection":[{"href":"https:\/\/vitamin.webmaudep.net\/index.php?rest_route=\/wp\/v2\/product"}],"about":[{"href":"https:\/\/vitamin.webmaudep.net\/index.php?rest_route=\/wp\/v2\/types\/product"}],"replies":[{"embeddable":true,"href":"https:\/\/vitamin.webmaudep.net\/index.php?rest_route=%2Fwp%2Fv2%2Fcomments&post=3365"}],"wp:featuredmedia":[{"embeddable":true,"href":"https:\/\/vitamin.webmaudep.net\/index.php?rest_route=\/wp\/v2\/media\/3367"}],"wp:attachment":[{"href":"https:\/\/vitamin.webmaudep.net\/index.php?rest_route=%2Fwp%2Fv2%2Fmedia&parent=3365"}],"wp:term":[{"taxonomy":"product_cat","embeddable":true,"href":"https:\/\/vitamin.webmaudep.net\/index.php?rest_route=%2Fwp%2Fv2%2Fproduct_cat&post=3365"},{"taxonomy":"product_tag","embeddable":true,"href":"https:\/\/vitamin.webmaudep.net\/index.php?rest_route=%2Fwp%2Fv2%2Fproduct_tag&post=3365"}],"curies":[{"name":"wp","href":"https:\/\/api.w.org\/{rel}","templated":true}]}}