{"id":3319,"date":"2022-03-18T09:50:13","date_gmt":"2022-03-18T02:50:13","guid":{"rendered":"http:\/\/vitamin.demo.xemwebmau.com\/?post_type=product&#038;p=3319"},"modified":"2022-04-01T13:39:20","modified_gmt":"2022-04-01T06:39:20","slug":"vien-uong-milk-thistle-puritans-pride","status":"publish","type":"product","link":"https:\/\/vitamin.webmaudep.net\/?product=vien-uong-milk-thistle-puritans-pride","title":{"rendered":"Vi\u00ean u\u1ed1ng Milk thistle Puritan&#8217;s Pride"},"content":{"rendered":"<h2 style=\"text-align: center;\"><span style=\"font-size: 18px; color: #008000;\"><strong>Vi\u00ean u\u1ed1ng Milk thistle Puritan&#8217;s Pride 1000MG &#8211; L\u1ecd 90 vi\u00ean<\/strong><\/span><\/h2>\n<p style=\"text-align: center;\"><span style=\"font-size: 16px; color: #000080;\"><strong><em>Gi\u1ea3i \u0111\u1ed9c gan, b\u1ed5 gan, t\u0103ng c\u01b0\u1eddng mi\u1ec5n d\u1ecbch<\/em><\/strong><\/span><\/p>\n<p style=\"text-align: justify;\"><span style=\"font-size: 16px;\"><strong>\u00a0<\/strong><\/span><\/p>\n<h3 style=\"text-align: justify;\"><span style=\"font-size: 16px;\"><strong>Th\u00f4ng tin s\u1ea3n ph\u1ea9m :<\/strong><\/span><\/h3>\n<p style=\"text-align: justify;\"><span style=\"font-size: 16px;\">T\u00ean s\u1ea3n ph\u1ea9m: Milk Thistle Extract 1000mg ( silymarin)<\/span><\/p>\n<p style=\"text-align: justify;\"><span style=\"font-size: 16px;\">Th\u01b0\u01a1ng hi\u1ec7u: Puritan&#8217;s Pride<\/span><\/p>\n<p style=\"text-align: justify;\"><span style=\"font-size: 16px;\">Xu\u1ea5t x\u1ee9: New York, USA<\/span><\/p>\n<p style=\"text-align: justify;\"><span style=\"font-size: 16px;\">Quy c\u00e1ch \u0111\u00f3ng g\u00f3i: l\u1ecd 90 vi\u00ean<\/span><\/p>\n<h3 style=\"text-align: justify;\"><span style=\"font-size: 16px;\"><strong>Milk thistle puritan&#8217;s pride c\u00f3 m\u1ea5y m\u1eabu?<\/strong><\/span><\/h3>\n<blockquote>\n<p style=\"text-align: justify;\"><span style=\"font-size: 16px;\">S\u1ea3n ph\u1ea9m hi\u1ec7n \u0111\u01b0\u1ee3c \u0111\u00f3ng g\u00f3i \u1edf 2 lo\u1ea1i: l\u1ecd 90 vi\u00ean v\u00e0 l\u1ecd 180 vi\u00ean, h\u00e0m l\u01b0\u1ee3ng \u0111\u1ec1u l\u00e0 1000 mg.<\/span><\/p>\n<p style=\"text-align: justify;\"><span style=\"font-size: 16px;\">Ch\u1ea5t l\u01b0\u1ee3ng trong t\u1eebng <a href=\"http:\/\/vitamin.webmaudep.net\/san-pham\/vitamin-c-puritans-pride-vitamin-c-500mg-with-bioflavonoid-rose-hips\/\">vi\u00ean thu\u1ed1c<\/a> l\u00e0 nh\u01b0 nhau, ch\u1ec9 kh\u00e1c nhau \u1edf s\u1ed1 l\u01b0\u1ee3ng vi\u00ean thu\u1ed1c trong l\u1ecd. \u0110i\u1ec1u n\u00e0y d\u1eabn \u0111\u1ebfn gi\u00e1 th\u00e0nh c\u1ee7a l\u1ecd 90 vi\u00ean v\u00e0 l\u1ecd 180 vi\u00ean c\u0169ng kh\u00e1c nhau.<\/span><\/p>\n<p style=\"text-align: justify;\"><span style=\"font-size: 16px;\">V\u00ec v\u1eady, khi d\u1ea1o quanh c\u00e1c website, b\u1ea1n s\u1ebd th\u1ea5y milk thistle chia th\u00e0nh 2 ph\u00e2n kh\u00fac gi\u00e1.<\/span><\/p>\n<\/blockquote>\n<p><img decoding=\"async\" loading=\"lazy\" class=\"aligncenter wp-image-3320 \" src=\"http:\/\/vitamin.webmaudep.net\/wp-content\/uploads\/2022\/03\/c19341ce812e4ca65024070d11e8cf85.jpg\" alt=\"\" width=\"576\" height=\"576\" srcset=\"https:\/\/vitamin.webmaudep.net\/wp-content\/uploads\/2022\/03\/c19341ce812e4ca65024070d11e8cf85.jpg 1024w, https:\/\/vitamin.webmaudep.net\/wp-content\/uploads\/2022\/03\/c19341ce812e4ca65024070d11e8cf85-300x300.jpg 300w, https:\/\/vitamin.webmaudep.net\/wp-content\/uploads\/2022\/03\/c19341ce812e4ca65024070d11e8cf85-100x100.jpg 100w, https:\/\/vitamin.webmaudep.net\/wp-content\/uploads\/2022\/03\/c19341ce812e4ca65024070d11e8cf85-600x600.jpg 600w, https:\/\/vitamin.webmaudep.net\/wp-content\/uploads\/2022\/03\/c19341ce812e4ca65024070d11e8cf85-150x150.jpg 150w, https:\/\/vitamin.webmaudep.net\/wp-content\/uploads\/2022\/03\/c19341ce812e4ca65024070d11e8cf85-768x768.jpg 768w\" sizes=\"(max-width: 576px) 100vw, 576px\" \/><\/p>\n<p><img decoding=\"async\" class=\"aligncenter\" src=\"http:\/\/vitamin.webmaudep.net\/wp-content\/uploads\/2018\/12\/hotline-1-300x89.png\" \/><\/p>\n<h3 style=\"text-align: justify;\"><span style=\"font-size: 16px;\"><strong>Th\u00e0nh ph\u1ea7n n\u1ed5i b\u1eadt c\u1ee7a s\u1ea3n ph\u1ea9m Milk Thistle Extract 1000mg<\/strong><\/span><\/h3>\n<p style=\"text-align: justify;\"><span style=\"font-size: 16px;\">Milk thistle ( t\u01b0\u01a1ng \u0111\u01b0\u01a1ng Silymarine) : 1000mg<\/span><\/p>\n<p style=\"text-align: justify;\"><span style=\"font-size: 16px;\">D\u01b0\u1ee3c ch\u1ea5t c\u00f4ng hi\u1ec7u nh\u1ea5t c\u00f3 trong th\u00e0nh ph\u1ea7n c\u1ee7a\u00a0 Milk Thistle 100mg l\u00e0 Silymarin. \u0110\u01b0\u1ee3cbi\u1ebft,Silymarin l\u00e0 m\u1ed9t ch\u1ea5t ch\u1ed1ng oxy h\u00f3a m\u1ea1nh h\u01a1n \u00edt nh\u1ea5t 10 l\u1ea7n so v\u1edbi vitamin E. <a href=\"http:\/\/vitamin.webmaudep.net\/san-pham\/pnkids-strong-tall-30-vien\/\">Ho\u1ea1t ch\u1ea5t<\/a> Silymarin l\u00e0m t\u0103ng 35% glutathione trong gan ng\u01b0\u1eddi kh\u1ecfe m\u1ea1nh gi\u00fap th\u1ea3i \u0111\u1ed9c m\u1ed9t lo\u1ea1t c\u00e1c k\u00edch th\u00edch t\u1ed1, thu\u1ed1c v\u00e0 h\u00f3a ch\u1ea5t. \u0110\u1ed3ng th\u1eddi Silymarin k\u00edch th\u00edch s\u1ef1 t\u1ed5ng h\u1ee3p Protein trong gan, gi\u00fap s\u1ea3n sinh c\u00e1c t\u1ebf b\u00e0o gan m\u1edbi thay th\u1ebf cho c\u00e1c t\u1ebf b\u00e0o gan b\u1ecb t\u1ed5n th\u01b0\u01a1ng.<\/span><\/p>\n<p style=\"text-align: justify;\"><span style=\"font-size: 16px;\">Ngo\u00e0i ra, tinh ch\u1ea5t Silymarin c\u00f3 trong Milk Thistle c\u0169ng gi\u00fap t\u1ebf b\u00e0o gan tr\u00e1nh kh\u1ecfi b\u1ecb ti\u00eau di\u1ec7t b\u1edfi virus vi\u00eam gan v\u00e0 ch\u1ea5t antioxidant trong <a href=\"http:\/\/vitamin.webmaudep.net\/san-pham\/keo-pnkids-multivitamin-minerals-cho-be-gai-60-vien\/\">th\u00e0nh ph\u1ea7n<\/a> c\u1ee7a Milk Thistle 1000mg c\u0169ng c\u00f3 c\u00f4ng hi\u1ec7u ng\u0103n ng\u1eeba v\u00e0 \u0111i\u1ec1u tr\u1ecb b\u1ec7nh r\u1ea5t m\u1ea1nh m\u1ebd.<\/span><\/p>\n<h3 style=\"text-align: justify;\"><span style=\"font-size: 16px;\"><strong>C\u00f4ng d\u1ee5ng:<\/strong><\/span><\/h3>\n<p style=\"text-align: justify;\"><span style=\"font-size: 16px;\">\u00a0Vi\u00ean u\u1ed1ng b\u1ed5 gan, d\u01b0\u1ee1ng gan Puritan&#8217;s Pride Milk Thistle 4:1 Extract 1000mg c\u1ee7a M\u1ef9\u00a0 h\u1ed7 tr\u1ee3 gi\u00fap gan kh\u1ecfe h\u01a1n, c\u00f3 s\u1ee9c \u0111\u1ec1 kh\u00e1ng t\u1ed1t h\u01a1n, b\u1ed3i b\u1ed5 gan, h\u1ed7 tr\u1ee3 gi\u1ea3i \u0111\u1ed9c gan<\/span><\/p>\n<p style=\"text-align: justify;\"><span style=\"font-size: 16px;\">V\u00e0 \u0111\u00e2y l\u00e0 c\u00e1c c\u00f4ng d\u1ee5ng tuy\u1ec7t v\u1eddi c\u1ee7a Puritan&#8217;s Pride Milk Thistle c\u1ee7a M\u1ef9 cho gan:<\/span><\/p>\n<p style=\"text-align: justify;\"><span style=\"font-size: 16px;\">H\u1ed7 tr\u1ee3 gi\u1ea3i \u0111\u1ed9c gan, ng\u0103n s\u1ef1 x\u00e2m nh\u1eadp ch\u1ea5t \u0111\u1ed9c v\u00e0o gan.<\/span><\/p>\n<p style=\"text-align: justify;\"><span style=\"font-size: 16px;\">Th\u00fac \u0111\u1ea9y s\u1ef1 ph\u1ee5c h\u1ed3i c\u00e1c t\u1ebf b\u00e0o gan b\u1ecb h\u1ee7y ho\u1ea1i, k\u00edch th\u00edch ph\u00e1t tri\u1ec3n c\u00e1c t\u1ebf b\u00e0o gan m\u1edbi v\u00e0 b\u1ed3i b\u1ed5 gan.<\/span><\/p>\n<p style=\"text-align: justify;\"><span style=\"font-size: 16px;\">L\u00e0m gi\u1ea3m \u0111\u00e1ng k\u1ec3 c\u00e1c tr\u01b0\u1eddng h\u1ee3p gan nhi\u1ec5m m\u1ee1, x\u01a1 gan, vi\u00eam gan.<\/span><\/p>\n<p style=\"text-align: justify;\"><span style=\"font-size: 16px;\">Gi\u1ea3m m\u1ee5n, gi\u00fap da kho\u1ebb m\u1ea1nh, d\u1ec5 ng\u1ee7 do b\u00e0i ti\u1ebft gi\u1ea3i \u0111\u1ed9c \u1edf gan t\u1ed1t h\u01a1n.<\/span><\/p>\n<p style=\"text-align: justify;\"><span style=\"font-size: 16px;\">Gi\u1ea3m x\u01a1 v\u1eefa \u0111\u1ed9ng m\u1ea1ch, l\u00e0m s\u1ea1ch th\u1eadn, h\u1ed7 tr\u1ee3 b\u00e0i ti\u1ebft.<\/span><\/p>\n<p style=\"text-align: justify;\"><span style=\"font-size: 16px;\">L\u00e0m tan s\u1ecfi th\u1eadn v\u00e0 s\u1ecfi m\u1eadt.<\/span><\/p>\n<p style=\"text-align: justify;\"><span style=\"font-size: 16px;\">L\u00e0m gi\u1ea3m \u0111\u00e1ng k\u1ec3 s\u1ef1 ph\u00e1t tri\u1ec3n c\u1ee7a t\u1ebf b\u00e0o ung th\u01b0.<\/span><\/p>\n<h3 style=\"text-align: justify;\"><span style=\"font-size: 16px;\"><strong>\u0110\u1ed1i t\u01b0\u1ee3ng s\u1eed d\u1ee5ng: <\/strong><\/span><\/h3>\n<p style=\"text-align: justify;\"><span style=\"font-size: 16px;\">Ng\u01b0\u1eddi tr\u01b0\u1edfng th\u00e0nh c\u00f3 th\u00ea s\u1eed d\u1ee5ng d\u1ea1ng vi\u00ean u\u1ed1ng<\/span><\/p>\n<h3 style=\"text-align: justify;\"><span style=\"font-size: 16px;\"><strong>C\u00e1ch d\u00f9ng:<\/strong><\/span><\/h3>\n<p style=\"text-align: justify;\"><span style=\"font-size: 16px;\">U\u1ed1ng 1 vi\u00ean\/1 l\u1ea7n, 1-2 l\u1ea7n\/ 1 ng\u00e0y,<\/span><\/p>\n<p style=\"text-align: justify;\"><span style=\"font-size: 16px;\"><em>Th\u1eddi \u0111i\u1ec3m t\u00f4i n\u00ean u\u1ed1ng l\u00e0 khi n\u00e0o?<\/em><\/span><\/p>\n<blockquote>\n<p style=\"text-align: justify;\"><span style=\"font-size: 16px;\">S\u1ea3n ph\u1ea9m Vi\u00ean u\u1ed1ng milk thistle Extract 1000mg c\u00f3 th\u00e0nh ph\u1ea7n t\u1ef1 nhi\u00ean, \u0111\u01b0\u1ee3c h\u01b0\u1edbng d\u1eabn s\u1eed d\u1ee5ng theo li\u1ec1u l\u01b0\u1ee3ng, th\u1eddi \u0111i\u1ec3m u\u1ed1ng t\u1ed1t l\u00e0 sau b\u1eefa \u0103n s\u00e1ng. Tuy nhi\u00ean, n\u1ebfu b\u1ea1n qu\u00ean v\u00e0o b\u1eefa s\u00e1ng th\u00ec c\u00f3 th\u1ec3 chuy\u1ec3n sang sau b\u1eefa \u0103n tr\u01b0a ho\u1eb7c sau b\u1eefa \u0103n t\u1ed1i nh\u00e9. N\u1ebfu b\u1ea1n qu\u00ean s\u1eed d\u1ee5ng c\u1ea3 ng\u00e0y th\u00ec \u0111\u1ec3 ng\u00e0y h\u00f4m sau u\u1ed1ng ti\u1ebfp li\u1ec1u nh\u01b0 th\u00f4ng th\u01b0\u1eddng nh\u00e9, kh\u00f4ng c\u1ea7n thi\u1ebft ph\u1ea3i u\u1ed1ng b\u00f9 li\u1ec1u g\u1ea5p \u0111\u00f4i v\u00e0o h\u00f4m sau.<\/span><\/p>\n<\/blockquote>\n<p style=\"text-align: justify;\"><span style=\"font-size: 16px;\"><em>T\u00f4i c\u00f3 c\u1ea7n u\u1ed1ng nhi\u1ec1u n\u01b0\u1edbc khi u\u1ed1ng s\u1ea3n ph\u1ea9m n\u00e0y? <\/em><\/span><\/p>\n<blockquote>\n<p style=\"text-align: justify;\"><span style=\"font-size: 16px;\">B\u1ea1n n\u00ean u\u1ed1ng nhi\u1ec1u n\u01b0\u1edbc l\u1ecdc \u0111\u1ec3 t\u0103ng th\u1ea3i \u0111\u1ed9c cho c\u01a1 th\u1ec3 nh\u00e9. B\u1ea3n th\u00e2n u\u1ed1ng nhi\u1ec1u n\u01b0\u1edbc \u0111\u00e3 r\u1ea5t t\u1ed1t cho c\u01a1 th\u1ec3. B\u1ed5 sung n\u01b0\u1edbc khi u\u1ed1ng k\u00e8m c\u00f9ng s\u1ea3n ph\u1ea9m gi\u1ea3i \u0111\u1ed9c gan s\u1ebd t\u0103ng \u0111\u00e0o th\u1ea3i s\u1ea3n ph\u1ea9m c\u00f3 h\u1ea1i cho c\u01a1 th\u1ec3 ra ngo\u00e0i, gi\u00fap t\u0103ng c\u01b0\u1eddng s\u1ee9c kh\u1ecfe cho b\u1ea1n.<\/span><\/p>\n<\/blockquote>\n<p style=\"text-align: center;\"><span style=\"font-size: 16px; color: #ed1c24;\"><em><strong>VITAMINTOT.COM<\/strong><\/em><\/span><\/p>\n<p style=\"text-align: center;\"><span style=\"font-size: 16px; color: #ed1c24;\"><em><strong>UY T\u00cdN H\u00c0NG \u0110\u1ea6U \u2013 TR\u1eccN V\u1eb8N NI\u1ec0M TIN<\/strong><\/em><\/span><\/p>\n<p><strong><img decoding=\"async\" loading=\"lazy\" class=\"alignnone wp-image-1914 aligncenter\" src=\"http:\/\/vitamin.webmaudep.net\/wp-content\/uploads\/2019\/05\/vtiamintot.com-5-sao-300x120.jpg\" sizes=\"(max-width: 200px) 100vw, 200px\" srcset=\"http:\/\/vitamin.webmaudep.net\/wp-content\/uploads\/2019\/05\/vtiamintot.com-5-sao-300x120.jpg 300w, http:\/\/vitamin.webmaudep.net\/wp-content\/uploads\/2019\/05\/vtiamintot.com-5-sao.jpg 327w\" alt=\"\" width=\"148\" height=\"59\" \/><\/strong><\/p>\n<h3 style=\"text-align: justify;\"><span style=\"font-size: 16px;\"><strong>Milk Thistle Extract 1000mg c\u00f3 t\u1ed1t kh\u00f4ng?<\/strong><\/span><\/h3>\n<p style=\"text-align: justify;\"><span style=\"font-size: 16px;\">S\u1ea3n ph\u1ea9m gi\u1ea3i \u0111\u1ed9c gan c\u1ee7a Puritan c\u1ef1c th\u00e2n thi\u1ec7n v\u1edbi c\u01a1 th\u1ec3. Th\u00e0nh ph\u1ea7n ch\u00ednh \u0111\u01b0\u1ee3c chi\u1ebft xu\u1ea5t t\u1eeb c\u00e2y k\u1ebf s\u1eefa \u0111\u01b0\u1ee3c tr\u1ed3ng theo ti\u00eau chu\u1ea9n an to\u00e0n v\u1ec1 ph\u00e2n b\u00f3n c\u00e2y.<\/span><\/p>\n<p style=\"text-align: justify;\"><span style=\"font-size: 16px;\">Ngo\u00e0i th\u00e0nh ph\u1ea7n ch\u00ednh \u0111\u01b0\u1ee3c chi\u1ebft su\u1ea5t 100% t\u1eeb c\u00e2y Milk Thistle th\u00ec s\u1ea3n ph\u1ea9m c\u00f2n ch\u1ee9a th\u00eam c\u00e1cth\u00e0nh ph\u1ea7n kh\u00e1c nh\u01b0:\u00a0 D\u1ea7u \u0111\u1eadu n\u00e0nh, Gelatin, Glycerin, Lecithin \u0111\u1eadu n\u00e0nh, rau r\u00fat ng\u1eafn, S\u00e1p ong v\u00e0ng, Carmel m\u00e0u, m\u00e0u Titanium Dioxide \u0111\u01b0\u1ee3c ki\u1ec3m \u0111\u1ecbnh \u0111\u1ea3m b\u1ea3o an to\u00e0n cho s\u1ee9c kho\u1ebb ng\u01b0\u1eddi s\u1eed d\u1ee5ng.<\/span><\/p>\n<p style=\"text-align: justify;\"><span style=\"font-size: 16px;\">Milk Thistle Extract 1000mg c\u00f3 \u01b0u \u0111i\u1ec3m kh\u00f4ng nh\u1ecf trong vi\u1ec7c gi\u00fap \u1ed5n \u0111\u1ecbnh c\u00e1c m\u00e0ng t\u1ebf b\u00e0o gan, t\u0103ng c\u01b0\u1eddng ch\u1ee9c n\u0103ng gan, gi\u00fap s\u1ea3n sinh c\u00e1c ph\u1ea7n t\u1ebf b\u00e0o gan b\u1ecb t\u1ed5n h\u1ea1i v\u00e0 k\u00edch th\u00edch s\u1ea3n sinh c\u00e1c t\u1ebf b\u00e0o m\u1edbi thay cho t\u1ebf b\u00e0o b\u1ecb ph\u00e1 hu\u1ef7.<\/span><\/p>\n<p style=\"text-align: justify;\"><span style=\"font-size: 16px;\">Milk Thistle 1000mg c\u00f2n gi\u00fap t\u0103ng c\u01b0\u1eddng ho\u1ea1t \u0111\u1ed9ng c\u1ee7a RNA polymerase, k\u00edch th\u00edch kh\u1ea3 n\u0103ng t\u1ed5ng h\u1ee3p protein \u1edf t\u1ebf b\u00e0o gan nh\u1edd \u0111\u00f3 gi\u00fap gan \u0111\u01b0\u01a1c thanh l\u1ecdc v\u00e0 gi\u1ea3i \u0111\u1ed9c.<\/span><\/p>\n<p style=\"text-align: justify;\"><span style=\"font-size: 16px;\">\u0110\u1ed1i v\u1edbi nh\u1eefng ng\u01b0\u1eddi \u0111ang m\u1eafc b\u1ec7nh x\u01a1 gan th\u00ec Puritans Pride Milk Thistle Extract 1000mg c\u00f2n gi\u00fap l\u00e0m gi\u1ea3m \u0111i s\u1ef1 h\u00ecnh th\u00e0nh c\u1ee7a c\u00e1c t\u1ed5 ch\u1ee9c x\u01a1 v\u00e0 l\u00e0m ch\u1eadm th\u1eddi k\u1ef3 ph\u00e1t b\u1ec7nh.<\/span><\/p>\n<p style=\"text-align: justify;\"><span style=\"font-size: 16px;\">C\u00f2n \u0111\u1ed1i v\u1edbi nh\u1eefng ng\u01b0\u1eddi b\u1ecb vi\u00eam gan, gan nhi\u1ec5m m\u1ee1 th\u00ec khi s\u1eed d\u1ee5ng Milk Thistle Extract 1000mg, s\u1ea3n ph\u1ea9m s\u1ebd gi\u00fap l\u00e0m t\u0103ng ph\u1ea3n \u1ee9ng oxi ho\u00e1 acid b\u00e9o \u1edf gan, ph\u00f2ng ng\u1eeba peroxide ho\u00e1 lipid gi\u00fap \u1ed5n \u0111\u1ecbnh c\u00e1c t\u1ebf b\u00e0o gan g\u00e2y vi\u00eam, h\u1ea1n ch\u1ebf c\u00e1c ph\u1ea3n \u1ee9ng vi\u00eam, h\u1ea1 th\u1ea5p h\u00e0m l\u01b0\u1ee3ng enzyme trong gan.<\/span><\/p>\n<p style=\"text-align: justify;\"><span style=\"font-size: 16px;\">\u0110\u1eb7c bi\u1ec7t, \u0111\u1ed1i v\u1edbi nh\u1eefng ng\u01b0\u1eddi b\u1ecb ti\u1ec3u \u0111\u01b0\u1eddng th\u00ec s\u1ea3n ph\u1ea9m c\u00f2n gi\u00fap l\u00e0m gi\u1ea3m l\u01b0\u1ee3ng \u0111\u01b0\u1eddng trong m\u00e1u, l\u00e0m gi\u1ea3m cholesterol x\u1ea5u, gi\u00fap c\u01a1 th\u1ec3 ng\u01b0\u1eddi b\u1ec7nh lu\u00f4n \u1ed5n \u0111\u1ecbnh.<\/span><\/p>\n<h3 style=\"text-align: justify;\"><span style=\"font-size: 16px;\"><strong>Th\u1eadn tr\u1ecdng :<\/strong><\/span><\/h3>\n<p style=\"text-align: justify;\"><span style=\"font-size: 16px;\">N\u1ebfu b\u1ea1n \u0111ang mang thai, cho con b\u00fa n\u00ean tham kh\u1ea3o \u00fd ki\u1ebfn b\u00e1c s\u0129 tr\u01b0\u1edbc khi s\u1eed d\u1ee5ng.<\/span><\/p>\n<p style=\"text-align: justify;\"><span style=\"font-size: 16px;\">KH\u00d4NG S\u1eec D\u1ee4NG n\u1ebfu seal d\u01b0\u1edbi n\u1eafp b\u1ecb r\u00e1ch ho\u1eb7c m\u1ea5t.<\/span><\/p>\n<p style=\"text-align: justify;\"><span style=\"font-size: 16px;\">Milk Thistle Extract 1000mg Puritan Pride l\u00e0 s\u1ea3n ph\u1ea9m h\u1ed7 tr\u1ee3 s\u1ee9c kh\u1ecfe d\u00e0nh cho ng\u01b0\u1eddi l\u1edbn, t\u1eeb 18 tu\u1ed5i tr\u1edf n\u00ean, kh\u00f4ng d\u00e0nh cho tr\u1ebb em d\u01b0\u1edbi 18 tu\u1ed5i.<\/span><\/p>\n<p style=\"text-align: justify;\"><img decoding=\"async\" loading=\"lazy\" class=\"aligncenter\" src=\"http:\/\/vitamin.webmaudep.net\/wp-content\/uploads\/2018\/09\/cam-k%E1%BA%BFt-web-vitamin.jpg\" width=\"708\" height=\"398\" \/><\/p>\n<p style=\"text-align: justify;\"><span style=\"font-size: 16px;\"><em>\u00a0<\/em><\/span><\/p>\n","protected":false},"excerpt":{"rendered":"<p style=\"text-align: center;\"><span style=\"font-size: 16px; color: #000080;\"><strong><em>S\u1ea3n ph\u1ea9m th\u1ea3o d\u01b0\u1ee3c c\u1ee7a Puritan\u2019s Pride \u2013 M\u1ef9<\/em><\/strong><\/span><\/p>\n<p>&nbsp;<\/p>\n<p style=\"text-align: center;\"><span style=\"font-size: 16px;\">H\u1ed7 tr\u1ee3 gi\u1ea3i \u0111\u1ed9c gan<\/span><\/p>\n<p>&nbsp;<\/p>\n<p style=\"text-align: center;\"><span style=\"font-size: 16px;\">Th\u00fac \u0111\u1ea9y s\u1ef1 ph\u1ee5c h\u1ed3i c\u00e1c t\u1ebf b\u00e0o gan b\u1ecb h\u1ee7y ho\u1ea1i,<\/span><\/p>\n<p>&nbsp;<\/p>\n<p style=\"text-align: center;\"><span style=\"font-size: 16px;\">Gi\u1ea3m m\u1ee5n, gi\u00fap da kho\u1ebb m\u1ea1nh<\/span><\/p>\n<p>&nbsp;<\/p>\n<p style=\"text-align: center;\"><span style=\"color: #00a859;\"><em><span style=\"font-size: 18px;\">GI\u00c1 B\u00c1N: MILK THISTLE 1000 MG &#8211; L\u1ecc 90 VI\u00caN: 205.000 VVN\u0110<\/span><\/em><\/span><\/p>\n<p>&nbsp;<\/p>\n<p style=\"text-align: center;\"><span style=\"color: #00a859;\"><em><span style=\"font-size: 18px;\">\u00a0 \u00a0 \u00a0 \u00a0 \u00a0 \u00a0 \u00a0 \u00a0 MILK THISTLE 1000 MG &#8211; L\u1ecc 180 VI\u00caN: 300.000 VN\u0110<\/span><\/em><\/span><\/p>\n<p style=\"text-align: justify;\">\n","protected":false},"featured_media":3320,"comment_status":"open","ping_status":"closed","template":"","meta":[],"product_cat":[762,752,782,761],"product_tag":[791,788,789,792,790],"_links":{"self":[{"href":"https:\/\/vitamin.webmaudep.net\/index.php?rest_route=\/wp\/v2\/product\/3319"}],"collection":[{"href":"https:\/\/vitamin.webmaudep.net\/index.php?rest_route=\/wp\/v2\/product"}],"about":[{"href":"https:\/\/vitamin.webmaudep.net\/index.php?rest_route=\/wp\/v2\/types\/product"}],"replies":[{"embeddable":true,"href":"https:\/\/vitamin.webmaudep.net\/index.php?rest_route=%2Fwp%2Fv2%2Fcomments&post=3319"}],"wp:featuredmedia":[{"embeddable":true,"href":"https:\/\/vitamin.webmaudep.net\/index.php?rest_route=\/wp\/v2\/media\/3320"}],"wp:attachment":[{"href":"https:\/\/vitamin.webmaudep.net\/index.php?rest_route=%2Fwp%2Fv2%2Fmedia&parent=3319"}],"wp:term":[{"taxonomy":"product_cat","embeddable":true,"href":"https:\/\/vitamin.webmaudep.net\/index.php?rest_route=%2Fwp%2Fv2%2Fproduct_cat&post=3319"},{"taxonomy":"product_tag","embeddable":true,"href":"https:\/\/vitamin.webmaudep.net\/index.php?rest_route=%2Fwp%2Fv2%2Fproduct_tag&post=3319"}],"curies":[{"name":"wp","href":"https:\/\/api.w.org\/{rel}","templated":true}]}}