{"id":3284,"date":"2022-03-05T14:18:37","date_gmt":"2022-03-05T07:18:37","guid":{"rendered":"http:\/\/vitamin.demo.xemwebmau.com\/?post_type=product&#038;p=3284"},"modified":"2022-04-06T11:56:34","modified_gmt":"2022-04-06T04:56:34","slug":"vien-uong-bo-nao-ginkgo-biloba-puritans-pride-standardized-extract","status":"publish","type":"product","link":"https:\/\/vitamin.webmaudep.net\/?product=vien-uong-bo-nao-ginkgo-biloba-puritans-pride-standardized-extract","title":{"rendered":"Vi\u00ean U\u1ed1ng B\u1ed5 N\u00e3o Ginkgo Biloba Puritan&#8217;s Pride 120 mg, L\u1ecd 100 vi\u00ean"},"content":{"rendered":"<h1 style=\"text-align: center;\"><span style=\"color: #008000; font-size: 20px;\"><strong>Vi\u00ean U\u1ed1ng B\u1ed5 N\u00e3o Ginkgo Biloba Puritan&#8217;s Pride 120 mg, L\u1ecd 100 vi\u00ean<\/strong><\/span><\/h1>\n<h1 style=\"text-align: center;\"><span style=\"color: #008000; font-size: 20px;\"><strong>Standardized Extract<\/strong><\/span><\/h1>\n<p style=\"text-align: center;\"><span style=\"color: #000080; font-size: 13px;\"><strong><em>T\u0103ng c\u01b0\u1eddng tu\u1ea7n ho\u00e0n,cung c\u1ea5p Oxy cho n\u00e3o b\u1ed9<\/em><\/strong><\/span><\/p>\n<p style=\"text-align: center;\"><span style=\"color: #000000; font-size: 14px;\"><strong>\u00a0<\/strong><\/span><\/p>\n<h3 style=\"text-align: justify;\"><span style=\"color: #000000; font-size: 14px;\"><strong>Th\u00f4ng tin s\u1ea3n ph\u1ea9m <\/strong><\/span><\/h3>\n<p style=\"text-align: justify;\"><span style=\"color: #000000; font-size: 14px;\">T\u00ean s\u1ea3n ph\u1ea9m: Ginkgo Biloba Puritan&#8217;s Pride<\/span><\/p>\n<p style=\"text-align: justify;\"><span style=\"color: #000000; font-size: 14px;\">H\u1ed9p:\u00a0 100 vi\u00ean<\/span><\/p>\n<p style=\"text-align: justify;\"><span style=\"color: #000000; font-size: 14px;\">Quy c\u00e1ch \u0111\u00f3ng g\u00f3i: Vi\u00ean nang h\u00e0m l\u01b0\u1ee3ng 120 mg<\/span><\/p>\n<p style=\"text-align: justify;\"><span style=\"color: #000000; font-size: 14px;\">H\u00e3ng s\u1ea3n xu\u1ea5t: Puritan&#8217;s Pride<\/span><\/p>\n<p style=\"text-align: justify;\"><span style=\"color: #000000; font-size: 14px;\">Xu\u1ea5t x\u1ee9: M\u1ef9<\/span><\/p>\n<h3 style=\"text-align: justify;\"><span style=\"color: #000000; font-size: 14px;\"><strong>Puritan\u2018s Pride Ginkgo Biloba c\u00f3 c\u00e1c m\u1eabu s\u1ea3n ph\u1ea9m n\u00e0o<\/strong><\/span><\/h3>\n<p style=\"text-align: justify;\"><span style=\"color: #000000; font-size: 14px;\">S\u1ea3n ph\u1ea9m t\u0103ng c\u01b0\u1eddng <a href=\"http:\/\/vitamin.webmaudep.net\/san-pham\/com-tang-can-bach-mai\/\">tu\u1ea7n ho\u00e0n n\u00e3o<\/a> c\u00f3 th\u00e0nh ph\u1ea7n t\u1eeb Gingko biloba c\u1ee7a h\u00e3ng Puritan\u2019 Pride c\u00f3 t\u00ean chung l\u00e0 Ginkgo Biloba Puritan\u2019s Pride Standardized Extract (cao d\u01b0\u1ee3c li\u1ec7u \u0111\u00e3 \u0111\u01b0\u1ee3c chu\u1ea9n h\u00f3a h\u00e0m l\u01b0\u1ee3ng Ginkgobiloba), \u0111\u01b0\u1ee3c \u0111\u00f3ng g\u00f3i theo 2 d\u1ea1ng h\u00e0m l\u01b0\u1ee3ng, g\u1ed3m:<\/span><\/p>\n<p style=\"text-align: justify;\"><span style=\"color: #000000; font-size: 14px;\">Ginkgobiloba h\u00e0m l\u01b0\u1ee3ng 120mg, l\u1ecd 100 vi\u00ean v\u00e0 l\u1ecd 200 vi\u00ean<\/span><\/p>\n<p style=\"text-align: justify;\"><span style=\"color: #000000; font-size: 14px;\">Ginkgobiloba h\u00e0m l\u01b0\u1ee3ng 60 mg, l\u1ecd 120 vi\u00ean<\/span><\/p>\n<p style=\"text-align: justify;\"><span style=\"color: #000000; font-size: 14px;\">Gi\u00e1 s\u1ea3n ph\u1ea9m tr\u00ean web l\u00e0 gi\u00e1 d\u1ea1ng h\u00e0m l\u01b0\u1ee3ng 120mg, \u0111\u1ec3 mua d\u1ea1ng<a href=\"http:\/\/vitamin.webmaudep.net\/san-pham\/collagen-a-e-c-12000mg-ahlozen-gold\/\"> h\u00e0m l\u01b0\u1ee3ng<\/a> 60mg, l\u1ecd 120 vi\u00ean b\u1ea1n c\u00f3 th\u1ec3 li\u00ean h\u1ec7 theo hotline 0961 684655 nh\u00e9.<\/span><\/p>\n<p style=\"text-align: justify;\"><span style=\"color: #000000; font-size: 14px;\">Th\u01b0\u01a1ng hi\u1ec7u Puritans Pride l\u00e0 c\u00e1i t\u00ean n\u1ed5i ti\u1ebfng \u0111\u01b0\u1ee3c r\u1ea5t nhi\u1ec1u kh\u00e1ch h\u00e0ng tr\u00ean th\u1ebf gi\u1edbi ch\u1ecdn l\u1ef1a. V\u1edbi ki\u1ec3u d\u00e1ng \u0111\u1eb9p m\u1eaft, sang tr\u1ecdng, s\u1ea3n ph\u1ea9m Puritans Pride Ginkgo Biloba Standardized Extract 60 mg Tablets, 120 mg Tablets l\u00e0 s\u1ef1 l\u1ef1a ch\u1ecdn ho\u00e0n h\u1ea3o n\u1ebfu b\u1ea1n \u0111ang t\u00ecm mua m\u1ed9t s\u1ea3n ph\u1ea9m t\u0103ng c\u01b0\u1eddng tu\u1ea7n ho\u00e0n n\u00e3o c\u00f3 th\u00e0nh ph\u1ea7n t\u1eeb C\u00e2y b\u1ea1ch qu\u1ea3 t\u1ef1 nhi\u00ean cho ri\u00eang m\u00ecnh.<\/span><\/p>\n<p>&nbsp;<\/p>\n<p><img decoding=\"async\" loading=\"lazy\" class=\"aligncenter wp-image-3285 size-full\" src=\"http:\/\/vitamin.webmaudep.net\/wp-content\/uploads\/2022\/03\/puritan_pride_ginkgo_biloba_120_mg_tang_cuong_luu_thong_mau_nao_100_1ddea10deb484a7d95e3e1f03dadf2bd_large.jpeg\" alt=\"\" width=\"480\" height=\"480\" srcset=\"https:\/\/vitamin.webmaudep.net\/wp-content\/uploads\/2022\/03\/puritan_pride_ginkgo_biloba_120_mg_tang_cuong_luu_thong_mau_nao_100_1ddea10deb484a7d95e3e1f03dadf2bd_large.jpeg 480w, https:\/\/vitamin.webmaudep.net\/wp-content\/uploads\/2022\/03\/puritan_pride_ginkgo_biloba_120_mg_tang_cuong_luu_thong_mau_nao_100_1ddea10deb484a7d95e3e1f03dadf2bd_large-300x300.jpeg 300w, https:\/\/vitamin.webmaudep.net\/wp-content\/uploads\/2022\/03\/puritan_pride_ginkgo_biloba_120_mg_tang_cuong_luu_thong_mau_nao_100_1ddea10deb484a7d95e3e1f03dadf2bd_large-100x100.jpeg 100w, https:\/\/vitamin.webmaudep.net\/wp-content\/uploads\/2022\/03\/puritan_pride_ginkgo_biloba_120_mg_tang_cuong_luu_thong_mau_nao_100_1ddea10deb484a7d95e3e1f03dadf2bd_large-150x150.jpeg 150w\" sizes=\"(max-width: 480px) 100vw, 480px\" \/><\/p>\n<p><img decoding=\"async\" class=\"aligncenter\" src=\"http:\/\/vitamin.webmaudep.net\/wp-content\/uploads\/2018\/12\/hotline-1-300x89.png\" \/><\/p>\n<h3 style=\"text-align: justify;\"><span style=\"color: #000000; font-size: 14px;\"><strong>Th\u00e0nh ph\u1ea7n Vi\u00ean U\u1ed1ng B\u1ed5 N\u00e3o Puritan&#8217;s Pride Ginkgo Biloba h\u00e0m l\u01b0\u1ee3ng 120Mg:<\/strong><\/span><\/h3>\n<p style=\"text-align: justify;\"><span style=\"color: #000000; font-size: 14px;\">Chi\u1ebft xu\u1ea5t Ginkgo Biloba (C\u00e2y B\u1ea1ch qu\u1ea3 ): 120 mg<\/span><\/p>\n<p style=\"text-align: justify;\"><span style=\"color: #000000; font-size: 14px;\">Th\u00e0nh ph\u1ea7n kh\u00e1c: Rice Flour, Gelatin, Contains &lt;2% of: Silica, Vegetable Magnesium Stearate.<\/span><\/p>\n<p style=\"text-align: justify;\"><span style=\"color: #000000; font-size: 14px;\">V\u1edbi d\u1ea1ng h\u00e0m l\u01b0\u1ee3ng 60mg th\u00ec <a href=\"http:\/\/vitamin.webmaudep.net\/san-pham\/tang-can-moc-linh-chi\/\">th\u00e0nh ph\u1ea7n<\/a> ch\u1ec9 kh\u00e1c d\u1ea1ng h\u00e0m l\u01b0\u1ee3ng 120mg l\u00e0 h\u00e0m l\u01b0\u1ee3ng gi\u1ea3m \u0111i m\u1ed9t n\u1eeda, c\u00f2n c\u00e1c th\u00e0nh ph\u1ea7n kh\u00e1c th\u00ec gi\u1eef nguy\u00ean, kh\u00f4ng thay \u0111\u1ed5i.<\/span><\/p>\n<h3 style=\"text-align: justify;\"><span style=\"color: #000000; font-size: 14px;\"><strong>T\u00e1c d\u1ee5ng c\u1ee7a c\u00e2y B\u1ea1ch qu\u1ea3 \u0111\u00e3 \u0111\u01b0\u1ee3c ch\u1ee9ng minh qua qu\u00e1 tr\u00ecnh s\u1eed d\u1ee5ng thu\u1ed1c c\u1ed5 truy\u1ec1n t\u1eeb xa x\u01b0a v\u00e0 ch\u1ee9ng minh b\u1edfi nhi\u1ec1u nghi\u00ean c\u1ee9u khoa h\u1ecdc h\u1ec7n \u0111\u1ea1i :<\/strong><\/span><\/h3>\n<p style=\"text-align: justify;\"><span style=\"color: #000000; font-size: 14px;\">C\u00e2y B\u1ea1ch qu\u1ea3 (t\u00ean khoa h\u1ecdc l\u00e0 Ginko Biloba) &#8211; &#8220;lo\u00e0i c\u00e2y linh thi\u00eang t\u1ed1t cho tr\u00ed n\u00e3o con ng\u01b0\u1eddi&#8221; :<\/span><\/p>\n<p style=\"text-align: justify;\"><span style=\"color: #000000; font-size: 14px;\">\u00a0\u00a0\u00a0\u00a0\u00a0 &#8211; L\u00e0 lo\u00e0i c\u00e2y c\u1ed5 nh\u1ea5t h\u00e0nh tinh, ng\u01b0\u1eddi Trung Qu\u1ed1c t\u1eeb x\u01b0a d\u00f9ng l\u00e0m c\u00e2y c\u1ea3nh, qu\u1ea3 non \u0103n nh\u01b0 rau, qu\u1ea3 gi\u00e0 \u0111\u1ec3 \u0111i\u1ec1u tr\u1ecb 1 s\u1ed1 b\u1ec7nh h\u00f4 h\u1ea5p, ti\u1ec3u ti\u1ec7n.<\/span><\/p>\n<p style=\"text-align: justify;\"><span style=\"color: #000000; font-size: 14px;\">\u00a0\u00a0\u00a0\u00a0\u00a0 &#8211; C\u00e1c nh\u00e0 khoa h\u1ecdc \u00c2u M\u1ef9 \u0111\u00e3 ph\u00e1t hi\u1ec7n ra t\u00e1c d\u1ee5ng d\u01b0\u1ee3c l\u00fd v\u00f4 c\u00f9ng qu\u00fd gi\u00e1 c\u1ee7a cao l\u00e1 b\u1ea1ch qu\u1ea3, \u0111\u00f3 l\u00e0 l\u00e0m t\u0103ng l\u01b0\u1ee3ng m\u00e1u tu\u1ea7n ho\u00e0n cho n\u00e3o, d\u01b0\u1ee1ng n\u00e3o, c\u00f3 t\u00e1c d\u1ee5ng t\u1ed1t l\u00ean tr\u00ed nh\u1edb, kh\u1ea3 n\u0103ng h\u1ecdc t\u1eadp l\u00e0m vi\u1ec7c v\u00e0 ph\u00f2ng b\u1ec7nh l\u00fa l\u1eabn cho ng\u01b0\u1eddi.<\/span><\/p>\n<p style=\"text-align: justify;\"><span style=\"color: #000000; font-size: 14px;\">\u00a0\u00a0\u00a0\u00a0\u00a0 &#8211; Ng\u00e0y nay, cao l\u00e1 b\u1ea1ch qu\u1ea3 \u0111\u01b0\u1ee3c s\u1eed d\u1ee5ng r\u1ed9ng r\u00e3i \u1edf Ph\u00e1p, \u0110\u1ee9c, Anh, M\u1ef9, Canada, Trung qu\u1ed1c cho ng\u01b0\u1eddi cao tu\u1ed5i \u0111\u1ec3 duy tr\u00ec v\u00e0 t\u0103ng c\u01b0\u1eddng tu\u1ea7n ho\u00e0n n\u00e3o, t\u0103ng tr\u00ed nh\u1edb, gi\u1ea3m kh\u1ea3 n\u0103ng \u0111\u1ed9t qu\u1ef5 v\u00e0 t\u0103ng tr\u00ed nh\u1edb gi\u1ea3m c\u0103ng th\u1eb3ng cho h\u1ecdc sinh, sinh vi\u00ean th\u1eddi k\u1ef3 \u00f4n thi \u00e1p l\u1ef1c, b\u1eadn r\u1ed9n.<\/span><\/p>\n<p style=\"text-align: center;\"><span style=\"color: #000080;\"><strong>VITAMINTOT.COM<\/strong><\/span><\/p>\n<p style=\"text-align: center;\"><span style=\"color: #000080;\"><strong>UY T\u00cdN H\u00c0NG \u0110\u1ea6U \u2013 TR\u1eccN V\u1eb8N NI\u1ec0M TIN<\/strong><\/span><\/p>\n<p><strong><img decoding=\"async\" loading=\"lazy\" class=\"alignnone wp-image-1914 aligncenter\" src=\"http:\/\/vitamin.webmaudep.net\/wp-content\/uploads\/2019\/05\/vtiamintot.com-5-sao-300x120.jpg\" sizes=\"(max-width: 200px) 100vw, 200px\" srcset=\"http:\/\/vitamin.webmaudep.net\/wp-content\/uploads\/2019\/05\/vtiamintot.com-5-sao-300x120.jpg 300w, http:\/\/vitamin.webmaudep.net\/wp-content\/uploads\/2019\/05\/vtiamintot.com-5-sao.jpg 327w\" alt=\"\" width=\"148\" height=\"59\" \/><\/strong><\/p>\n<h3 style=\"text-align: justify;\"><span style=\"color: #000000; font-size: 14px;\"><strong>C\u00f4ng d\u1ee5ng Vi\u00ean U\u1ed1ng B\u1ed5 N\u00e3o Ginkgo Biloba Standardized Extract 120Mg Puritan&#8217;s Pride :<\/strong><\/span><\/h3>\n<p style=\"text-align: justify;\"><span style=\"color: #000000; font-size: 14px;\">Ginkgo Biloba 120 mg c\u1ee7a Puritan&#8217;s Pride l\u00e0 s\u1ea3n ph\u1ea9m h\u1ed7 tr\u1ee3 \u0111i\u1ec1u tr\u1ecb c\u00e1c h\u1ed9i ch\u1ee9ng \u0111au \u0111\u1ea7u, ch\u00f3ng m\u1eb7t, m\u1ec7t m\u1ecfi, c\u00e1c b\u1ec7nh v\u1ec1 n\u00e3o v\u00e0 th\u1ea7n kinh.<\/span><\/p>\n<p style=\"text-align: justify;\"><span style=\"color: #000000; font-size: 14px;\">Vi\u00ean u\u1ed1ng b\u1ed5 n\u00e3o Ginkgo Biloba 120 mg gi\u00fap t\u0103ng s\u1ef1 l\u01b0u chuy\u1ec3n m\u00e1u gi\u00fap h\u1ed7 tr\u1ee3 c\u1ea3i thi\u1ec7n tr\u00ed nh\u1edb, ch\u1ed1ng \u0111au \u0111\u1ea7u, n\u1eb7ng \u0111\u1ea7u.<\/span><\/p>\n<p style=\"text-align: justify;\"><span style=\"color: #000000; font-size: 14px;\">V\u1edbi chi\u1ebft xu\u1ea5t t\u1eeb c\u00e2y B\u1ea1ch qu\u1ea3, Ginkgo Biloba 120 mg c\u00f3 kh\u1ea3 n\u0103ng \u0111\u1eb7c bi\u1ec7t ch\u1ed1ng oxy h\u00f3a v\u00e0 \u0111\u1ea3o ng\u01b0\u1ee3c qu\u00e1 tr\u00ecnh l\u00e3o h\u00f3a c\u1ee7a t\u1ebf b\u00e0o m\u00e1u n\u00e3o, t\u1ebf b\u00e0o th\u1ea7n kinh n\u00e3o, gi\u00fap cho ch\u1ee9c n\u0103ng t\u01b0 duy, ghi nh\u1edb v\u00e0 x\u1eed l\u00fd th\u00f4ng tin c\u1ee7a n\u00e3o b\u1ed9 \u0111\u01b0\u1ee3c tr\u1ebb h\u00f3a, t\u1eeb \u0111\u00f3 gi\u00fap:<\/span><\/p>\n<p style=\"text-align: justify;\"><span style=\"color: #000000; font-size: 14px;\">H\u1ed7 tr\u1ee3 gi\u1ea3m thi\u1ec3u c\u00e1c h\u1ed9i ch\u1ee9ng \u0111au \u0111\u1ea7u, ch\u00f3ng m\u1eb7t, m\u1ec7t m\u1ecfi.<\/span><\/p>\n<p style=\"text-align: justify;\"><span style=\"color: #000000; font-size: 14px;\">\u00a0H\u1ed7 tr\u1ee3 t\u0103ng tu\u1ea7n ho\u00e0n h\u1ec7 th\u1ea7n kinh ngo\u1ea1i bi\u00ean, h\u1ed7 tr\u1ee3 gi\u1ea3m thi\u1ec3u c\u00e1c tri\u1ec7u ch\u1ee9ng \u0111au c\u1ee9ng c\u1ed5, vai, g\u00e1y, t\u00ea nh\u1ee9c ch\u00e2n tay.<\/span><\/p>\n<p style=\"text-align: justify;\"><span style=\"color: #000000; font-size: 14px;\">H\u1ed7 tr\u1ee3 t\u0103ng c\u01b0\u1eddng ch\u1ee9c n\u0103ng n\u00e3o b\u1ed9, c\u1ea3i thi\u1ec7n tr\u00ed nh\u1edb, gi\u00fap t\u1eadp trung, c\u1ea3i thi\u1ec7n tinh th\u1ea7n.<\/span><\/p>\n<p style=\"text-align: justify;\"><span style=\"color: #000000; font-size: 14px;\">H\u1ed7 tr\u1ee3 ng\u0103n ng\u1eeba thi\u1ebfu m\u00e1u n\u00e3o, t\u0103ng c\u01b0\u1eddng tu\u1ea7n ho\u00e0n n\u00e3o.<\/span><\/p>\n<h3 style=\"text-align: justify;\"><span style=\"color: #000000; font-size: 14px;\"><strong>C\u01a1 ch\u1ebf t\u00e1c d\u1ee5ng Ginkgo Biloba<\/strong><\/span><\/h3>\n<p style=\"text-align: justify;\"><span style=\"color: #000000; font-size: 14px;\">Ginkgo Biloba h\u1ed7 tr\u1ee3 c\u1ea3i thi\u1ec7n tu\u1ea7n ho\u00e0n m\u00e1u: S\u1ea3n ph\u1ea9m c\u00f3 t\u00e1c d\u1ee5ng h\u1ed7 tr\u1ee3 l\u00e0m gi\u1ea3m \u0111\u1ed9 nh\u1edbt m\u00e1u v\u00e0 t\u0103ng \u0111\u1ed9 \u0111\u00e0n h\u1ed3i c\u1ee7a h\u1ed3ng c\u1ea7u, b\u1ea1ch c\u1ea7u, do \u0111\u00f3 c\u1ea3i thi\u1ec7n tu\u1ea7n ho\u00e0n c\u1ee7a m\u00e1u trong c\u01a1 th\u1ec3.<\/span><\/p>\n<p style=\"text-align: justify;\"><span style=\"color: #000000; font-size: 14px;\">Ginkgo Biloba b\u1ea3o v\u1ec7 t\u1ebf b\u00e0o: S\u1ea3n ph\u1ea9m h\u1ed7 tr\u1ee3 t\u0103ng cung c\u1ea5p glucose v\u00e0 oxy \u0111\u1ebfn c\u00e1c m\u00f4 c\u0169ng nh\u01b0 l\u00e0m t\u0103ng m\u1eadt \u0111\u1ed9 receptor d\u1eabn truy\u1ec1n th\u1ea7n kinh.<\/span><\/p>\n<p style=\"text-align: justify;\"><span style=\"color: #000000; font-size: 14px;\">Ginkgo Biloba \u0111i\u1ec1u h\u00f2a tr\u01b0\u01a1ng l\u1ef1c m\u00e1u: Vi\u00ean u\u1ed1ng c\u00f3 t\u00e1c d\u1ee5ng h\u1ed7 tr\u1ee3 duy tr\u00ec tr\u01b0\u01a1ng l\u1ef1c \u0111\u1ed9ng v\u00e0 t\u0129nh m\u1ea1ch th\u00f4ng qua vi\u1ec7c th\u00fac \u0111\u1ea9y v\u00e0 ph\u00f3ng th\u00edch catecholamine v\u00e0 \u1ee9c ch\u1ebf s\u1ef1 tho\u00e1i bi\u1ebfn, l\u00e0m gi\u00e3n \u0111\u1ed9ng m\u1ea1ch th\u00f4ng qua vi\u1ec7c th\u00fac \u0111\u1ea9y s\u1ea3n sinh protacyclin v\u00e0 EDRF (endothelium-drived relaxing factor).<\/span><\/p>\n<h3 style=\"text-align: justify;\"><span style=\"color: #000000; font-size: 14px;\"><strong>C\u00e1ch d\u00f9ng Vi\u00ean U\u1ed1ng B\u1ed5 N\u00e3o Ginkgo Biloba Puritan&#8217;s Pride :<\/strong><\/span><\/h3>\n<p style=\"text-align: justify;\"><span style=\"color: #000000; font-size: 14px;\">Ng\u01b0\u1eddi l\u1edbn: U\u1ed1ng 1 vi\u00ean m\u1ed7i ng\u00e0y, trong ho\u1eb7c sau b\u1eefa \u0103n. \u0110\u1ea3m b\u1ea3o li\u1ec1u th\u00f4ng th\u01b0\u1eddng t\u1ed1i \u0111a 1 ng\u00e0y l\u00e0 120 mg.<\/span><\/p>\n<p style=\"text-align: justify;\"><span style=\"color: #000000; font-size: 14px;\">N\u1ebfu b\u1ea1n d\u00f9ng lo\u1ea1i h\u00e0m l\u01b0\u1ee3ng 60 mg th\u00ec b\u1ea1n c\u00f3 th\u1ec3 d\u00f9ng t\u1eeb 1 \u2013 2 vi\u00ean\/ ng\u00e0y (t\u01b0\u01a1ng \u0111\u01b0\u01a1ng 60-120mg chi\u1ebft xu\u1ea5t ginkobiloba m\u1ed9t n\u00e0y<\/span><\/p>\n<h3 style=\"text-align: justify;\"><span style=\"color: #000000; font-size: 14px;\"><strong>\u0110\u1ed1i t\u01b0\u1ee3ng s\u1eed d\u1ee5ng Vi\u00ean U\u1ed1ng B\u1ed5 N\u00e3o Ginkgo Biloba Puritan&#8217;s Pride :<\/strong><\/span><\/h3>\n<p style=\"text-align: justify;\"><span style=\"color: #000000; font-size: 14px;\">Ng\u01b0\u1eddi l\u1edbn tr\u00ean 18 tu\u1ed5i<\/span><\/p>\n<p style=\"text-align: justify;\"><span style=\"color: #000000; font-size: 14px;\">Ng\u01b0\u1eddi gi\u00e0, ng\u01b0\u1eddi b\u1ecb suy gi\u1ea3m tr\u00ed nh\u1edb, thi\u1ebfu t\u1eadp trung, thi\u1ec3u n\u0103ng tu\u1ea7n ho\u00e0n n\u00e3o, h\u1ed9i ch\u1ee9ng ti\u1ec1n \u0111\u00ecnh g\u00e2y \u0111au \u0111\u1ea7u, hoa m\u1eaft, ch\u00f3ng m\u1eb7t, m\u1ea5t ng\u1ee7, m\u1ea5t th\u0103ng b\u1eb1ng, ng\u01b0\u1eddi ti\u1ebfp x\u00fac v\u1edbi ch\u1ea5t g\u00e2y ng\u1ed9 \u0111\u1ed9c th\u1ea7n kinh.<\/span><\/p>\n<p style=\"text-align: justify;\"><span style=\"color: #000000; font-size: 14px;\">Ng\u01b0\u1eddi r\u1ed1i lo\u1ea1n tr\u00ed nh\u1edb, kh\u1ea3 n\u0103ng l\u00e0m vi\u1ec7c b\u1eb1ng tr\u00ed \u00f3c s\u00fat k\u00e9m.<\/span><\/p>\n<p style=\"text-align: justify;\"><span style=\"color: #000000; font-size: 14px;\">Ng\u01b0\u1eddi m\u1ea5t t\u1eadp trung t\u01b0 t\u01b0\u1edfng, hay c\u00e1u g\u1eaft.<\/span><\/p>\n<h3 style=\"text-align: justify;\"><span style=\"color: #000000; font-size: 14px;\"><strong>M\u1ed9t s\u1ed1 n\u00e9t v\u1ec1 b\u1ec7nh thi\u1ec3u n\u0103ng tu\u1ea7n ho\u00e0n n\u00e3o :<\/strong><\/span><\/h3>\n<p style=\"text-align: justify;\"><span style=\"color: #000000; font-size: 14px;\">Thi\u1ec3u n\u0103ng tu\u1ea7n ho\u00e0n n\u00e3o (hay c\u00f2n g\u1ecdi r\u1ed1i lo\u1ea1n tu\u1ea7n ho\u00e0n n\u00e3o) l\u00e0 t\u00ecnh tr\u1ea1ng l\u01b0\u1ee3ng m\u00e1u l\u00ean n\u00e3o gi\u1ea3m, l\u00e0m gi\u1ea3m s\u1ef1 cung c\u1ea5p oxy v\u00e0 c\u00e1c ch\u1ea5t dinh d\u01b0\u1ee1ng nu\u00f4i n\u00e3o khi\u1ebfn cho t\u1ebf b\u00e0o th\u1ea7n kinh n\u00e3o thi\u1ebfu n\u0103ng l\u01b0\u1ee3ng \u0111\u1ec3 ho\u1ea1t \u0111\u1ed9ng, t\u1eeb \u0111\u00f3 \u1ea3nh h\u01b0\u1edfng t\u1edbi c\u00e1c ho\u1ea1t \u0111\u1ed9ng ch\u1ee9c n\u0103ng c\u1ee7a n\u00e3o.<\/span><\/p>\n<p style=\"text-align: justify;\"><span style=\"color: #000000; font-size: 14px;\">Thi\u1ec3u n\u0103ng tu\u1ea7n ho\u00e0n n\u00e3o th\u01b0\u1eddng g\u1eb7p \u1edf ng\u01b0\u1eddi trung ni\u00ean v\u00e0 cao tu\u1ed5i, \u0111\u1eb7c bi\u1ec7t \u1edf nh\u1eefng ng\u01b0\u1eddi lao \u0111\u1ed9ng tr\u00ed \u00f3c. Hi\u1ec7n nay, v\u1edbi v\u00f4 s\u1ed1 y\u1ebfu t\u1ed1 b\u1ea5t l\u1ee3i cho s\u1ee9c kh\u1ecfe c\u1ee7a cu\u1ed9c s\u1ed1ng hi\u1ec7n \u0111\u1ea1i nh\u01b0: \u00f4 nhi\u1ec5m m\u00f4i tr\u01b0\u1eddng, l\u1ed1i s\u1ed1ng m\u1ea5t c\u00e2n b\u1eb1ng, t\u00ecnh tr\u1ea1ng c\u0103ng th\u1eb3ng th\u1ea7n kinh, ch\u1ebf \u0111\u1ed9 \u0103n u\u1ed1ng kh\u00f4ng khoa h\u1ecdc\u2026 th\u00ec b\u1ec7nh c\u0169ng c\u00f3 th\u1ec3 x\u1ea3y ra \u1edf ng\u01b0\u1eddi tr\u1ebb tu\u1ed5i tuy s\u1ed1 l\u01b0\u1ee3ng \u00edt.<\/span><\/p>\n<p style=\"text-align: justify;\"><span style=\"color: #000000; font-size: 14px;\">V\u1edbi h\u1eadu qu\u1ea3 c\u1ee7a b\u1ec7nh thi\u1ec3u n\u0103ng tu\u1ea7n ho\u00e0n n\u00e3o, th\u00ec \u0111i\u1ec1u tr\u1ecb b\u1ec7nh s\u1edbm l\u00e0 vi\u1ec7c h\u1ebft s\u1ee9c c\u1ea7n thi\u1ebft. V\u00ec v\u1eady, l\u1ef1a ch\u1ecdn Puritan\u2019s Pride Ginkgo biloba \u0111\u1ec3 ph\u00f2ng v\u00e0 \u0111i\u1ec1u tr\u1ecb trong thi\u1ec3u n\u0103ng tu\u1ea7n ho\u00e0n n\u00e3o l\u00e0 h\u1ebft s\u1ee9c h\u1ee3p l\u00fd.<\/span><\/p>\n<h3 style=\"text-align: justify;\"><span style=\"color: #000000; font-size: 14px;\"><strong>L\u01b0u \u00dd Vi\u00ean U\u1ed1ng B\u1ed5 N\u00e3o Ginkgo Biloba Standardized Extract 120Mg &#8211; Kh\u00f4ng s\u1eed d\u1ee5ng trong c\u00e1c tr\u01b0\u1eddng h\u1ee3p:\u00a0<\/strong><\/span><\/h3>\n<p style=\"text-align: justify;\"><span style=\"color: #000000; font-size: 14px;\">Ng\u01b0\u1eddi d\u01b0\u1edbi 18 tu\u1ed5i.<\/span><\/p>\n<p style=\"text-align: justify;\"><span style=\"color: #000000; font-size: 14px;\">Ng\u01b0\u1eddi \u0111ang ch\u1ea3y m\u00e1u, chu\u1ea9n b\u1ecb ph\u1eabu thu\u1eadt.<\/span><\/p>\n<p style=\"text-align: justify;\"><span style=\"color: #000000; font-size: 14px;\">Ph\u1ee5 n\u1eef rong kinh.<\/span><\/p>\n<p style=\"text-align: justify;\"><span style=\"color: #000000; font-size: 14px;\">Ng\u01b0\u1eddi b\u1ecb tai bi\u1ebfn do xu\u1ea5t huy\u1ebft n\u00e3o.<\/span><\/p>\n<p style=\"text-align: justify;\"><span style=\"color: #000000; font-size: 14px;\">Ng\u01b0\u1eddi m\u1eabn c\u1ea3m v\u1edbi b\u1ea5t k\u1ef3 th\u00e0nh ph\u1ea7n n\u00e0o c\u1ee7a s\u1ea3n ph\u1ea9m.<\/span><\/p>\n<p style=\"text-align: justify;\"><span style=\"color: #000000; font-size: 14px;\">Ph\u1ee5 n\u1eef c\u00f3 thai ho\u1eb7c \u0111ang cho con b\u00fa, ng\u01b0\u1eddi \u0111ang d\u1ef1 \u0111\u1ecbnh th\u1ee7 t\u1ee5c y t\u1ebf ho\u1eb7c ph\u1eabu thu\u1eadt, ho\u1eb7c d\u1ef1 \u0111\u1ecbnh \u0111i\u1ec1u tr\u1ecb y t\u1ebf c\u1ea7n tham kh\u1ea3o \u00fd ki\u1ebfn b\u00e1c s\u0129 tr\u01b0\u1edbc khi s\u1eed d\u1ee5ng.<\/span><\/p>\n<p style=\"text-align: justify;\"><span style=\"color: #000000; font-size: 14px;\">S\u1ea3n ph\u1ea9m n\u00e0y kh\u00f4ng ph\u1ea3i l\u00e0 thu\u1ed1c v\u00e0 kh\u00f4ng c\u00f3 t\u00e1c d\u1ee5ng thay th\u1ebf thu\u1ed1c ch\u1eefa b\u1ec7nh.<\/span><\/p>\n<p style=\"text-align: justify;\"><span style=\"color: #000000; font-size: 14px;\">\u0110\u1ecdc k\u1ef9 h\u01b0\u1edbng d\u1eabn s\u1eed d\u1ee5ng tr\u01b0\u1edbc khi d\u00f9ng.<\/span><\/p>\n<p><img decoding=\"async\" loading=\"lazy\" class=\"aligncenter wp-image-818 \" src=\"http:\/\/vitamin.webmaudep.net\/wp-content\/uploads\/2018\/09\/cam-k%E1%BA%BFt-web-vitamin.jpg\" sizes=\"(max-width: 801px) 100vw, 801px\" srcset=\"http:\/\/vitamin.webmaudep.net\/wp-content\/uploads\/2018\/09\/cam-k\u1ebft-web-vitamin.jpg 801w, http:\/\/vitamin.webmaudep.net\/wp-content\/uploads\/2018\/09\/cam-k\u1ebft-web-vitamin-300x169.jpg 300w, http:\/\/vitamin.webmaudep.net\/wp-content\/uploads\/2018\/09\/cam-k\u1ebft-web-vitamin-768x431.jpg 768w, http:\/\/vitamin.webmaudep.net\/wp-content\/uploads\/2018\/09\/cam-k\u1ebft-web-vitamin-600x337.jpg 600w\" alt=\"\" width=\"730\" height=\"410\" \/><\/p>\n","protected":false},"excerpt":{"rendered":"<p style=\"text-align: center;\"><span style=\"color: #000080;\"><strong><span style=\"font-size: 16px;\"><em>T\u0103ng c\u01b0\u1eddng tu\u1ea7n ho\u00e0n,cung c\u1ea5p Oxy cho n\u00e3o b\u1ed9<\/em><\/span><\/strong><\/span><\/p>\n<p style=\"text-align: center;\"><span style=\"color: #000080;\"><strong><span style=\"font-size: 16px;\"><em>Gi\u1ea3m thi\u1ec3u c\u00e1c h\u1ed9i ch\u1ee9ng \u0111au \u0111\u1ea7u, ch\u00f3ng m\u1eb7t, m\u1ec7t m\u1ecfi.<\/em><\/span><\/strong><\/span><\/p>\n<p style=\"text-align: center;\"><span style=\"color: #000080;\"><strong><span style=\"font-size: 16px;\"><em>T\u0103ng tu\u1ea7n ho\u00e0n h\u1ec7 th\u1ea7n kinh ngo\u1ea1i bi\u00ean<\/em><\/span><\/strong><\/span><\/p>\n<p style=\"text-align: center;\"><span style=\"color: #000080;\"><strong><span style=\"font-size: 16px;\"><em>Gi\u1ea3m thi\u1ec3u c\u00e1c tri\u1ec7u ch\u1ee9ng \u0111au c\u1ee9ng c\u1ed5, vai, g\u00e1y, t\u00ea nh\u1ee9c ch\u00e2n tay.<\/em><\/span><\/strong><\/span><\/p>\n","protected":false},"featured_media":3285,"comment_status":"open","ping_status":"closed","template":"","meta":[],"product_cat":[750,761],"product_tag":[767,768,769,771,770],"_links":{"self":[{"href":"https:\/\/vitamin.webmaudep.net\/index.php?rest_route=\/wp\/v2\/product\/3284"}],"collection":[{"href":"https:\/\/vitamin.webmaudep.net\/index.php?rest_route=\/wp\/v2\/product"}],"about":[{"href":"https:\/\/vitamin.webmaudep.net\/index.php?rest_route=\/wp\/v2\/types\/product"}],"replies":[{"embeddable":true,"href":"https:\/\/vitamin.webmaudep.net\/index.php?rest_route=%2Fwp%2Fv2%2Fcomments&post=3284"}],"wp:featuredmedia":[{"embeddable":true,"href":"https:\/\/vitamin.webmaudep.net\/index.php?rest_route=\/wp\/v2\/media\/3285"}],"wp:attachment":[{"href":"https:\/\/vitamin.webmaudep.net\/index.php?rest_route=%2Fwp%2Fv2%2Fmedia&parent=3284"}],"wp:term":[{"taxonomy":"product_cat","embeddable":true,"href":"https:\/\/vitamin.webmaudep.net\/index.php?rest_route=%2Fwp%2Fv2%2Fproduct_cat&post=3284"},{"taxonomy":"product_tag","embeddable":true,"href":"https:\/\/vitamin.webmaudep.net\/index.php?rest_route=%2Fwp%2Fv2%2Fproduct_tag&post=3284"}],"curies":[{"name":"wp","href":"https:\/\/api.w.org\/{rel}","templated":true}]}}