{"id":2368,"date":"2020-12-17T20:48:53","date_gmt":"2020-12-17T13:48:53","guid":{"rendered":"http:\/\/vitamin.demo.xemwebmau.com\/?post_type=product&#038;p=2368"},"modified":"2022-03-12T10:09:39","modified_gmt":"2022-03-12T03:09:39","slug":"thuoc-giam-can-max-slim-7-days-thai-lan","status":"publish","type":"product","link":"https:\/\/vitamin.webmaudep.net\/?product=thuoc-giam-can-max-slim-7-days-thai-lan","title":{"rendered":"THU\u1ed0C GI\u1ea2M C\u00c2N MAX SLIM 7 DAYS TH\u00c1I LAN"},"content":{"rendered":"<h2 style=\"text-align: center;\"><span style=\"color: #333399;\"><strong>THU\u1ed0C GI\u1ea2M C\u00c2N MAX SLIM 7 DAYS TH\u00c1I LAN<\/strong><\/span><\/h2>\n<h3 style=\"text-align: justify;\"><strong>Gi\u1edbi thi\u1ec7u<\/strong><\/h3>\n<p style=\"text-align: justify;\">Thu\u1ed1c gi\u1ea3m c\u00e2n Max Slim 7 Days \u0111\u01b0\u1ee3c s\u1ea3n xu\u1ea5t b\u1edfi c\u00f4ng ty d\u01b0\u1ee3c ph\u1ea9m JP Nature Cosmetic &#8211; Th\u00e1i Lan. S\u1ea3n ph\u1ea9m \u0111\u01b0\u1ee3c b\u00e1n t\u1ea1i th\u1ecb tr\u01b0\u1eddng Ch\u00e2u \u00c1 t\u1eeb n\u0103m 2016 \u0111\u1ebfn nay. Hi\u1ec7n gi\u1ea3m c\u00e2n Max 7 day thu\u1ed9c top 5 s\u1ea3n ph\u1ea9m h\u1ed7 tr\u1ee3 gi\u1ea3m c\u00e2n hi\u1ec7u qu\u1ea3 n\u0103m 2020.<\/p>\n<p style=\"text-align: justify;\">Thu\u1ed1c gi\u1ea3m c\u00e2n Max 7 day s\u1eed d\u1ee5ng kh\u00f4ng g\u00e2y \u0111au \u0111\u1ea7u, ch\u00f3ng m\u1eb7t hay m\u1ea5t ng\u1ee7. C\u00e1c \u0111\u1eb7c t\u00ednh m\u1edbi trong thu\u1ed1c s\u1eed d\u1ee5ng c\u00f4ng ngh\u1ec7 ti\u00ean ti\u1ebfn h\u01a1n r\u1ea5t nhi\u1ec1u so v\u1edbi c\u00e1c lo\u1ea1i thu\u1ed1c gi\u1ea3m c\u00e2n tr\u01b0\u1edbc \u0111\u00e2y.<\/p>\n<p style=\"text-align: justify;\">Gi\u1ea3m c\u00e2n Max 7 day h\u1ed9p g\u1ed3m 30 vi\u00ean nang. C\u00e1c th\u00e0nh ph\u1ea7n 100% thi\u00ean nhi\u00ean \u0111\u01b0\u1ee3c b\u00e0o ch\u1ebf d\u01b0\u1edbi d\u1ea1ng ti\u1ec3u ph\u00e2n Nano. \u0110i\u1ec1u n\u00e0y gi\u00fap h\u1ea5p thu c\u00e1c tinh ch\u1ea5t gi\u1ea3m b\u00e9o hi\u1ec7u qu\u1ea3. Thu\u1ed1c gi\u1ea3m c\u00e2n Max Slim 7 days c\u00f3 th\u1ec3 h\u1ed7 tr\u1ee3 gi\u1ea3m &gt; 6 kg trong th\u1eddi gian ng\u1eafn s\u1eed d\u1ee5ng m\u00e0 l\u1ea1i h\u1ec1 c\u00f3 b\u1ea5t c\u1ee9 t\u00e1c d\u1ee5ng ph\u1ee5 n\u00e0o.<\/p>\n<p style=\"text-align: justify;\">Thu\u1ed1c gi\u1ea3m c\u00e2n Max Slim 7 Day ta\u0301c \u0111\u00f4\u0323ng ti\u0301ch c\u01b0\u0323c trong vi\u1ec7c h\u1ed7 tr\u1ee3 t\u1eadp chung gi\u1ea3m m\u1ee1 \u1edf b\u1ee5ng, c\u00e1nh tay, vai, \u0111\u00f9i.<\/p>\n<p><img decoding=\"async\" loading=\"lazy\" class=\"aligncenter wp-image-2369 size-full\" src=\"http:\/\/vitamin.webmaudep.net\/wp-content\/uploads\/2020\/12\/gi\u1ea3m-c\u00e2n-max-slim-7-days.jpg\" alt=\"gi\u1ea3m c\u00e2n max slim 7 days\" width=\"512\" height=\"383\" srcset=\"https:\/\/vitamin.webmaudep.net\/wp-content\/uploads\/2020\/12\/gi\u1ea3m-c\u00e2n-max-slim-7-days.jpg 512w, https:\/\/vitamin.webmaudep.net\/wp-content\/uploads\/2020\/12\/gi\u1ea3m-c\u00e2n-max-slim-7-days-300x224.jpg 300w\" sizes=\"(max-width: 512px) 100vw, 512px\" \/><\/p>\n<p><img decoding=\"async\" loading=\"lazy\" class=\"alignnone size-medium wp-image-1922 aligncenter\" src=\"http:\/\/vitamin.webmaudep.net\/wp-content\/uploads\/2018\/12\/hotline-1-300x89.png\" alt=\"\" width=\"300\" height=\"89\" srcset=\"https:\/\/vitamin.webmaudep.net\/wp-content\/uploads\/2018\/12\/hotline-1-300x89.png 300w, https:\/\/vitamin.webmaudep.net\/wp-content\/uploads\/2018\/12\/hotline-1.png 411w\" sizes=\"(max-width: 300px) 100vw, 300px\" \/><\/p>\n<hr \/>\n<p style=\"text-align: center;\"><span style=\"color: #008000;\"><strong>VITAMINTOT.COM<\/strong><\/span><\/p>\n<p style=\"text-align: center;\"><span style=\"color: #008000;\"><strong>UY T\u00cdN H\u00c0NG \u0110\u1ea6U \u2013 TR\u1eccN V\u1eb8N NI\u1ec0M TIN<\/strong><\/span><\/p>\n<p><strong><img decoding=\"async\" loading=\"lazy\" class=\"alignnone wp-image-1914 aligncenter\" src=\"http:\/\/vitamin.webmaudep.net\/wp-content\/uploads\/2019\/05\/vtiamintot.com-5-sao-300x120.jpg\" sizes=\"(max-width: 200px) 100vw, 200px\" srcset=\"http:\/\/vitamin.webmaudep.net\/wp-content\/uploads\/2019\/05\/vtiamintot.com-5-sao-300x120.jpg 300w, http:\/\/vitamin.webmaudep.net\/wp-content\/uploads\/2019\/05\/vtiamintot.com-5-sao.jpg 327w\" alt=\"\" width=\"148\" height=\"59\" \/><\/strong><\/p>\n<hr \/>\n<h3 style=\"text-align: justify;\"><strong>Th\u00e0nh ph\u1ea7n :<\/strong><\/h3>\n<p style=\"text-align: justify;\">Chi\u1ebft xu\u1ea5t Fucoxanthin t\u1eeb t\u1ea3o n\u00e2u<\/p>\n<p style=\"text-align: justify;\">Almond Leaf Extract ( Chi\u1ebft xu\u1ea5t H\u1ea1nh nh\u00e2n)<\/p>\n<p style=\"text-align: justify;\">Chi\u1ebft xu\u1ea5t tr\u00e0 Java ( Tinh d\u1ea7u s\u1ea3 gi\u1ed1ng S\u1ea3 Java)<\/p>\n<p style=\"text-align: justify;\">Chi\u1ebft xu\u1ea5t ti\u00eau \u0111\u1ecf<\/p>\n<p style=\"text-align: justify;\">Chi\u1ebft xu\u1ea5t tr\u00e0 xanh<\/p>\n<p style=\"text-align: justify;\">+ Chi\u1ebft xu\u1ea5t Fucoxanthin: gi\u00fap t\u0103ng t\u1ed1c \u0111\u1ed9 trao \u0111\u1ed5i ch\u1ea5t t\u1ed5ng th\u1ec3. Fucoxanthin s\u1ebd l\u00e0m c\u00e1c t\u1ebf b\u00e0o m\u1ee1 gi\u1ea3i ph\u00f3ng acid b\u00e9o m\u1ed9t c\u00e1ch nhanh ch\u00f3ng. Chuy\u1ec3n h\u00f3a ch\u1ea5t b\u00e9o th\u00e0nh ngu\u1ed3n n\u0103ng l\u01b0\u1ee3ng cung c\u1ea5p cho c\u01a1 th\u1ec3. V\u00ec v\u1eady gi\u1ea3m m\u1ee1 t\u00edch t\u1ee5 v\u00e0 gi\u00fap gi\u1ea3m c\u00e2n.<\/p>\n<p style=\"text-align: justify;\">+ Almond Leaf Extract: h\u1ed7 tr\u1ee3 gi\u1ea3m m\u1ee1. Gi\u00fap gi\u1ea3m vi\u1ec7c c\u01a1 th\u1ec3 h\u1ea5p thu ch\u1ea5t b\u00e9o. \u0110\u1ed3ng th\u1eddi t\u0103ng kh\u1ea3 n\u0103ng \u0111\u1ed1t ch\u00e1y m\u1ee1 n\u1ed9i t\u1ea1ng.<\/p>\n<p style=\"text-align: justify;\">+ Chi\u1ebft xu\u1ea5t tr\u00e0 Java: l\u00e0 lo\u1ea1i tr\u00e0 n\u1ed5i ti\u1ebfng c\u00f3 c\u00f4ng d\u1ee5ng \u0111\u1ed1t ch\u00e1y m\u1ee1 d\u01b0 th\u1eeba, \u0111\u1ed3ng th\u1eddi h\u1ed7 tr\u1ee3 gi\u1ea3m c\u00e2n hi\u1ec7u qu\u1ea3 cho c\u00e1c ch\u1ecb em.<\/p>\n<p style=\"text-align: justify;\">+ Chi\u1ebft xu\u1ea5t ti\u00eau \u0111\u1ecf t\u0103ng t\u1ed1c \u0111\u1ed9 trao \u0111\u1ed5i ch\u1ea5t trong c\u01a1 th\u1ec3. \u0110\u1ed3ng th\u1eddi h\u1ea1n ch\u1ebf c\u00e1c c\u01a1n th\u00e8m \u0103n.<\/p>\n<p style=\"text-align: justify;\">+ Chi\u1ebft xu\u1ea5t tr\u00e0 xanh: Tr\u00e0 xanh \u0111\u01b0\u1ee3c bi\u1ebft \u0111\u1ebfn v\u1edbi kh\u1ea3 n\u0103ng ch\u1ed1ng l\u00e3o h\u00f3a hi\u1ec7u qu\u1ea3. Ngo\u00e0i ra th\u00e0nh ph\u1ea7n caffeine v\u00e0 EGCG trong tr\u00e0 xanh c\u00f2n gi\u00fap k\u00edch th\u00edch c\u01a1 th\u1ec3 \u0111\u1ed1t ch\u00e1y m\u1ee1 th\u1eeba, t\u0103ng c\u01b0\u1eddng chuy\u1ec3n h\u00f3a ch\u1ea5t b\u00e9o m\u00e0 kh\u00f4ng g\u00e2y h\u1ea1i cho c\u01a1 th\u1ec3.<\/p>\n<p><img decoding=\"async\" loading=\"lazy\" class=\"aligncenter wp-image-2370 \" src=\"http:\/\/vitamin.webmaudep.net\/wp-content\/uploads\/2020\/12\/gi\u1ea3m-c\u00e2n-max-slim-7-days-th\u00e1i-lan-1024x768.jpg\" alt=\"review thu\u1ed1c gi\u1ea3m c\u00e2n max 7 day\" width=\"477\" height=\"358\" srcset=\"https:\/\/vitamin.webmaudep.net\/wp-content\/uploads\/2020\/12\/gi\u1ea3m-c\u00e2n-max-slim-7-days-th\u00e1i-lan-1024x768.jpg 1024w, https:\/\/vitamin.webmaudep.net\/wp-content\/uploads\/2020\/12\/gi\u1ea3m-c\u00e2n-max-slim-7-days-th\u00e1i-lan-300x225.jpg 300w, https:\/\/vitamin.webmaudep.net\/wp-content\/uploads\/2020\/12\/gi\u1ea3m-c\u00e2n-max-slim-7-days-th\u00e1i-lan-600x450.jpg 600w, https:\/\/vitamin.webmaudep.net\/wp-content\/uploads\/2020\/12\/gi\u1ea3m-c\u00e2n-max-slim-7-days-th\u00e1i-lan-768x576.jpg 768w\" sizes=\"(max-width: 477px) 100vw, 477px\" \/><\/p>\n<p><img decoding=\"async\" loading=\"lazy\" class=\"alignnone size-medium wp-image-1920 aligncenter\" src=\"http:\/\/vitamin.webmaudep.net\/wp-content\/uploads\/2019\/01\/mua-ngay-300x145.png\" alt=\"\" width=\"300\" height=\"145\" srcset=\"https:\/\/vitamin.webmaudep.net\/wp-content\/uploads\/2019\/01\/mua-ngay-300x145.png 300w, https:\/\/vitamin.webmaudep.net\/wp-content\/uploads\/2019\/01\/mua-ngay-600x290.png 600w, https:\/\/vitamin.webmaudep.net\/wp-content\/uploads\/2019\/01\/mua-ngay-768x371.png 768w, https:\/\/vitamin.webmaudep.net\/wp-content\/uploads\/2019\/01\/mua-ngay.png 1000w\" sizes=\"(max-width: 300px) 100vw, 300px\" \/><\/p>\n<h3 style=\"text-align: center;\"><span style=\"color: #333399;\"><strong>\u0110i\u1ec3m \u0111\u1eb7c bi\u1ec7t c\u1ee7a Thu\u1ed1c gi\u1ea3m c\u00e2n Max Slim 7 days so v\u1edbi nhi\u1ec1u gi\u1ea3m c\u00e2n tr\u00ean th\u1ecb tr\u01b0\u1eddng l\u00e0 g\u00ec?<\/strong><\/span><\/h3>\n<p style=\"text-align: justify;\">Tr\u00ean th\u1ecb tr\u01b0\u1eddng hi\u1ec7n nay c\u00f3 r\u1ea5t nhi\u1ec1u s\u1ea3n ph\u1ea9m <a href=\"http:\/\/vitamin.webmaudep.net\/san-pham\/ca-phe-giam-can-idol-slim-coffee\/\">gi\u1ea3m c\u00e2n t\u1eeb th\u1ea3o d\u01b0\u1ee3c<\/a>. C\u00f3 nhi\u1ec1u s\u1ea3n ph\u1ea9m d\u1eabn \u0111\u1ea7u th\u1ecb tr\u01b0\u1eddng v\u1edbi c\u00e1c c\u00f4ng th\u1ee9c b\u00e0o ch\u1ebf r\u1ea5t \u0111\u1eb7c bi\u1ec7t. B\u00ean c\u1ea1nh \u0111\u00f3 nhi\u1ec1u s\u1ea3n ph\u1ea9m b\u1eaft ch\u01b0\u1edbc g\u1ed3m c\u00e1c th\u00e0nh ph\u1ea7n na n\u00e1 nhau, n\u00ean t\u00e1c d\u1ee5ng kh\u00f4ng c\u00f3 s\u1ef1 n\u1ed5i b\u1eadt.<\/p>\n<p style=\"text-align: justify;\">Gi\u1ea3m c\u00e2n Max 7 day l\u00e0 s\u1ea3n ph\u1ea9m \u0111\u01b0\u1ee3c ch\u1ecb em \u0111\u00f3n nh\u1eadn do hi\u1ec7u qu\u1ea3 gi\u1ea3m c\u00e2n r\u1ea5t nhanh. V\u1eady \u0111i\u1ec3m \u0111\u1eb7c bi\u1ec7t c\u1ee7a gi\u1ea3m c\u00e2n max 7 day l\u00e0 g\u00ec?<\/p>\n<p style=\"text-align: justify;\">So v\u1edbi c\u00e1c s\u1ea3n ph\u1ea9m gi\u1ea3m c\u00e2n kh\u00e1c hi\u1ec7n nay, \u0111i\u1ec3m \u0111\u1eb7c bi\u1ec7t c\u1ee7a gi\u1ea3m c\u00e2n Max 7 day l\u00e0 b\u1ed5 sung nhi\u1ec1u th\u1ea3o d\u01b0\u1ee3c m\u1edbi \u0111\u00e3 \u0111\u01b0\u1ee3c khoa h\u1ecdc ch\u1ee9ng minh c\u00f3 t\u00e1c d\u1ee5ng \u0111\u1ed1t ch\u00e1y m\u1ee1 nh\u01b0: Ti\u00eau \u0111\u1ecf, tinh d\u1ea7u s\u1ea3 java hay chi\u1ebft xu\u1ea5t h\u1ea1nh nh\u00e2n. \u0110\u00e2y l\u00e0 3 th\u00e0nh ph\u1ea7n c\u00f3 t\u00e1c d\u1ee5ng <a href=\"http:\/\/vitamin.webmaudep.net\/san-pham\/lishou-phuc-linh-lishou-tim-thai-lan\/\">k\u00edch th\u00edch \u0111\u1ed1t ch\u00e1y m\u1ee1<\/a> nh\u01b0ng l\u1ea1i ch\u01b0a c\u00f3 m\u1eb7t trong h\u1ea7u h\u1ebft c\u00e1c ch\u1ebf ph\u1ea9m gi\u1ea3m c\u00e2n tr\u00ean th\u1ecb tr\u01b0\u1eddng.<\/p>\n<p style=\"text-align: justify;\">Ch\u00ednh s\u1ef1 kh\u00e1c bi\u1ec7t v\u1ec1 th\u00e0nh ph\u1ea7n n\u00e0y, l\u00e0m gi\u1ea3m c\u00e2n max 7 day c\u00f3 hi\u1ec7u qu\u1ea3 n\u1ed5i tr\u1ed9i trong vi\u1ec7c gi\u1ea3m c\u00e2n.<\/p>\n<p><img decoding=\"async\" loading=\"lazy\" class=\"aligncenter wp-image-2371 \" src=\"http:\/\/vitamin.webmaudep.net\/wp-content\/uploads\/2020\/12\/tem-ch\u00ednh-h\u00e3ng-max-slim-7-days.png\" alt=\"max 7 days ch\u00ednh h\u00e3n\" width=\"475\" height=\"459\" srcset=\"https:\/\/vitamin.webmaudep.net\/wp-content\/uploads\/2020\/12\/tem-ch\u00ednh-h\u00e3ng-max-slim-7-days.png 778w, https:\/\/vitamin.webmaudep.net\/wp-content\/uploads\/2020\/12\/tem-ch\u00ednh-h\u00e3ng-max-slim-7-days-300x290.png 300w, https:\/\/vitamin.webmaudep.net\/wp-content\/uploads\/2020\/12\/tem-ch\u00ednh-h\u00e3ng-max-slim-7-days-600x580.png 600w, https:\/\/vitamin.webmaudep.net\/wp-content\/uploads\/2020\/12\/tem-ch\u00ednh-h\u00e3ng-max-slim-7-days-768x742.png 768w\" sizes=\"(max-width: 475px) 100vw, 475px\" \/><\/p>\n<h3 style=\"text-align: justify;\"><strong>C\u00f4ng d\u1ee5ng <\/strong><\/h3>\n<p style=\"text-align: justify;\">Thu\u1ed1c gi\u1ea3m c\u00e2n Max 7 day Th\u00e1i Lan gi\u00fap thu\u0301c \u0111\u00e2\u0309y c\u01b0\u0323c nhanh qua\u0301 tri\u0300nh h\u00e2\u0301p thu\u0323 va\u0300 <a href=\"http:\/\/vitamin.webmaudep.net\/san-pham\/keo-socola-giam-can-dan-mach-hop-40-vien-mau-hong\/\">\u0111\u00f4\u0301t cha\u0301y m\u1ee1 th\u1eeba<\/a> c\u01a1 th\u00ea\u0309.<\/p>\n<p style=\"text-align: justify;\">H\u1ed7 tr\u1ee3 hi\u1ec7u qu\u1ea3 gi\u1ea3m m\u1ee1 b\u1ee5ng, c\u00e1nh tay, vai, \u0111\u00f9i. S\u1ea3n ph\u1ea9m r\u00e2\u0301t t\u00f4\u0301t cho nh\u1eefng ng\u01b0\u1eddi c\u00f3 da bu\u0323ng m\u00ea\u0300m cha\u0309y kh\u00f4ng s\u0103n ch\u0103\u0301c . B\u1edfi s\u1ea3n ph\u1ea9m hi\u00ea\u0323u qua\u0309 \u00a0trong \u0111a\u0301nh tan m\u01a1\u0303 th\u01b0\u0300a. Gi\u00fap l\u00e2\u0301y la\u0323i vo\u0300ng eo ph\u0103\u0309ng ly\u0300 thon go\u0323n sau khi s\u01b0\u0309 du\u0323ng.<\/p>\n<p style=\"text-align: justify;\">Gi\u1ea3m c\u00e2n 7 day Th\u00e1i Lan l\u00e0m gi\u1ea3m c\u1ea3m gi\u00e1c th\u00e8m \u0103n, chuy\u1ec3n h\u00f3a m\u1ee1 th\u1eeba th\u00e0nh n\u0103ng l\u01b0\u1ee3ng cho c\u01a1 th\u1ec3 v\u1eadn \u0111\u1ed9ng.<\/p>\n<p style=\"text-align: justify;\">\u0110\u01b0\u01a1c chi\u1ebft xu\u1ea5t ho\u00e0n to\u00e0n thi\u00ean nhi\u00ean, c\u00e1c d\u01b0\u1ee3c li\u1ec7u c\u00f3 ch\u1ee9c n\u0103ng \u0111i\u1ec1u ch\u1ec9nh c\u01a1 th\u1ec3 con ng\u01b0\u1eddi \u0111\u1ec3 vi\u1ec7c gi\u1ea3m c\u00e2n d\u1ec5 d\u00e0ng h\u01a1n.<\/p>\n<p style=\"text-align: justify;\">Tr\u1ef1c ti\u1ebfp \u0111\u00e0o th\u1ea3i m\u1ee1 d\u01b0 th\u1eeba v\u00e0 l\u00e0m gi\u1ea3m tr\u1ecdng l\u01b0\u1ee3ng theo c\u00e1ch t\u1ef1 nhi\u00ean nh\u1ea5t m\u00e0 kh\u00f4ng ch\u1ee9a b\u1ea5t c\u1ee9 th\u00e0nh ph\u1ea7n h\u00f3a h\u1ecdc \u0111\u1ed9c h\u1ea1i n\u00e0o.<\/p>\n<p style=\"text-align: justify;\">H\u1ed7 tr\u1ee3 t\u00f4\u0301i \u0111a qua\u0301 tri\u0300nh trao \u0111\u00f4\u0309i ch\u00e2\u0301t c\u1ee7a c\u01a1 th\u00ea\u0309, t\u0103ng t\u1ed1c \u0111\u1ed9 \u0111\u1ed1t ch\u00e1y m\u1ee1 v\u00e0 lo\u1ea1i b\u1ecf ch\u1ea5t b\u00e9o, tinh b\u1ed9t v\u00e0 \u0111\u01b0\u1eddng. H\u1ea1n ch\u1ebf h\u1ea5p thu lipid nguy\u00ean nh\u00e2n ch\u00ednh g\u00e2y b\u00e9o.<\/p>\n<p>&nbsp;<\/p>\n<h3 style=\"text-align: justify;\"><strong>T\u00e1c d\u1ee5ng :<\/strong><\/h3>\n<p style=\"text-align: justify;\">Nhanh ch\u00f3ng \u0111\u00e1nh tan, gi\u1ea3m c\u00e2n m\u1ee1 d\u01b0 th\u1eeba trong c\u01a1 th\u1ec3 k\u1ec3 c\u1ea3 c\u00e1c v\u00f9ng t\u00edch tr\u1eef nh\u01b0 eo, b\u1ee5ng, c\u00e1nh tay, \u0111\u00f9i.<\/p>\n<p style=\"text-align: justify;\">Hi\u1ec7u qu\u1ea3 nhanh ch\u1ec9 v\u1edbi 1 li\u1ec7u tr\u00ecnh gi\u1ea3m \u0111\u1ebfn 7 kg.<\/p>\n<p style=\"text-align: justify;\">Gi\u1ea3m c\u00e2n v\u1edbi c\u01a1 ch\u1ebf an to\u00e0n, kh\u00f4ng g\u00e2y m\u1ec7t m\u1ecfi.<\/p>\n<p>&nbsp;<\/p>\n<h3 style=\"text-align: justify;\"><strong>C\u00e1ch d\u00f9ng :<\/strong><\/h3>\n<p style=\"text-align: justify;\">U\u1ed1ng li\u00ean t\u1ee5c \u0111\u1ec1u \u0111\u1eb7n ng\u00e0y 1 vi\u00ean tr\u01b0\u1edbc khi \u0103n s\u00e1ng 30 ph\u00fat. Trong tr\u01b0\u1eddng h\u1ee3p nhi\u1ec1u k\u00fd c\u00f3 th\u1ec3 u\u1ed1ng 2 vi\u00ean\/ ng\u00e0y ( tr\u01b0\u1edbc \u0103n s\u00e1ng v\u00e0 tr\u01b0\u1edbc \u0103n tr\u01b0a 15-30 ph\u00fat).<\/p>\n<p style=\"text-align: justify;\">Ch\u1ebf \u0111\u1ed9 \u0103n \u00edt tinh b\u1ed9t, gi\u1ea3m tuy\u1ec7t \u0111\u1ed1i \u0111\u1ed3 chi\u00ean r\u00e1n nhi\u1ec1u gi\u00e0u m\u1ee1 ho\u1eb7c c\u00e1c lo\u1ea1i n\u01b0\u1edbc ng\u1ecdt \u0111\u00f3ng lon s\u1eb5n.<\/p>\n<p style=\"text-align: justify;\">K\u1ebft h\u1ee3p ch\u1ebf \u0111\u1ed9 luy\u1ec7n t\u1eadp th\u1ec3 thao th\u01b0\u1eddng xuy\u00ean \u0111\u1ec3 n\u00e2ng cao hi\u1ec7u qu\u1ea3 gi\u1ea3m c\u00e2n.<\/p>\n<p>&nbsp;<\/p>\n<h3 style=\"text-align: justify;\"><strong>GI\u1ea2M C\u00c2N MAX SLIM 7 DAYS TH\u00c1I LAN c\u00f3 t\u1ed1t kh\u00f4ng ?<\/strong><\/h3>\n<p style=\"text-align: justify;\">\u0110\u00e2y l\u00e0 c\u00e2u h\u1ecfi \u0111\u01b0\u1ee3c kh\u00f4ng \u00edt ng\u01b0\u1eddi d\u00f9ng \u0111\u1eb7t ra khi bi\u1ebft \u0111\u1ebfn s\u1ea3n ph\u1ea9m gi\u1ea3m c\u00e2n n\u00e0y.<\/p>\n<p style=\"text-align: justify;\">S\u1ea3n ph\u00e2\u0309m c\u00f3 th\u00e0nh ph\u1ea7n hoa\u0300n toa\u0300n t\u01b0\u0300 th\u1ea3o d\u01b0\u1ee3c thi\u00ean nhi\u00ean an toa\u0300n 100% cho s\u01b0\u0301c khoe\u0309 ng\u01b0\u1eddi d\u00f9ng. Kh\u00f4ng g\u00e2y b\u00e2\u0301t ky\u0300 ta\u0301c du\u0323ng phu\u0323. Kh\u00f4ng ph\u1ee5 thu\u1ed9c qu\u00e1 nhi\u1ec1u v\u00e0o t\u1eadp th\u1ec3 d\u1ee5c. Sau khi gi\u1ea3m c\u00e2n kh\u00f4ng b\u1ecb l\u1ec7 thu\u1ed9c v\u00e0o thu\u1ed1c.<\/p>\n<p style=\"text-align: justify;\">H\u1ed7 tr\u1ee3 gi\u1ea3m \u1edf nh\u1eefng v\u00f9ng b\u1ee5ng, m\u00f4ng, \u0111\u00f9i, c\u00e1nh tay.<\/p>\n<p style=\"text-align: justify;\">Gi\u00e1 th\u00e0nh ph\u00f9 h\u1ee3p v\u1edbi t\u00fai ti\u1ec1n c\u1ee7a ng\u01b0\u1eddi s\u1eed d\u1ee5ng.<\/p>\n<p style=\"text-align: justify;\">\u0110\u00e2y l\u00e0 \u0111\u1eb7c \u0111i\u1ec3m \u0111\u1ec3 gi\u1ea3m c\u00e2n Max 7 days \u0111\u01b0\u1ee3c nhi\u1ec1u ch\u1ecb em khen l\u00e0 lo\u1ea1i thu\u1ed1c gi\u1ea3m c\u00e2n t\u1ed1t tr\u00ean th\u1ecb tr\u01b0\u1eddng.<\/p>\n<p>&nbsp;<\/p>\n<h3 style=\"text-align: justify;\"><strong>Ph\u1ea3n h\u1ed3i c\u1ee7a kh\u00e1ch h\u00e0ng :<\/strong><\/h3>\n<p style=\"text-align: justify;\">Ch\u1ecb Hoa 36 tu\u1ed5i ( Ki\u00ean An \u2013 H\u1ea3i Ph\u00f2ng )<\/p>\n<p style=\"text-align: justify;\"><em>&#8220;C\u1ea3m \u01a1n Vitamintot.com \u0111\u00e3 cung c\u1ea5p v\u00e0 t\u01b0 v\u1ea5n cho t\u00f4i s\u1ea3n ph\u1ea9m gi\u1ea3m c\u00e2n t\u1ed1t.T\u00f4i \u0111\u00e3 gi\u1ea3m \u0111\u01b0\u1ee3c 5kg nh\u1edd u\u1ed1ng s\u1ea3n ph\u1ea9m Slim Max 7days sau 4 tu\u1ea7n d\u00f9ng. T\u00f4i \u0111\u00e3 l\u1ea5y l\u1ea1i v\u00f3c d\u00e1ng sau khi sinh v\u00e0 c\u00f3 th\u1ec3 t\u1ef1 tin \u0111i l\u00e0m. T\u00f4i s\u1ebd gi\u1edbi thi\u1ec7u v\u1edbi b\u1ea1n b\u00e8 v\u1ec1 s\u1ea3n ph\u1ea9m n\u00e0y&#8221;.<\/em><\/p>\n<p>&nbsp;<\/p>\n<h3 style=\"text-align: justify;\"><strong>Mua Max Slim 7 days \u1edf \u0111\u00e2u?<\/strong><\/h3>\n<p style=\"text-align: justify;\">Hi\u1ec7n gi\u1ea3m c\u00e2n max Slim 7 days \u0111\u01b0\u1ee3c ph\u00e2n ph\u1ed1i tr\u00ean nhi\u1ec1u website th\u01b0\u01a1ng m\u1ea1i \u0111i\u1ec7n t\u1eed. Gi\u00e1 s\u1ea3n ph\u1ea9m tr\u00ean c\u00e1c website giao \u0111\u1ed9ng t\u1eeb 290.000 \u2013 350.000 \u0111\/ h\u1ed9p 30 vi\u00ean. \u0110\u1ec3 mua \u0111\u01b0\u1ee3c s\u1ea3n ph\u1ea9m CH\u00cdNH H\u00c3NG, h\u00e0ng m\u1edbi b\u1ea1n n\u00ean tham kh\u1ea3o c\u00e1c website b\u00e1n h\u00e0ng \u1edf m\u1ee9c gi\u00e1 ph\u00f9 h\u1ee3p n\u00e0y v\u00e0 g\u1ea7n t\u01b0\u01a1ng \u0111\u01b0\u01a1ng nhau.<\/p>\n<p style=\"text-align: justify;\">B\u1ea1n kh\u00f4ng n\u00ean v\u00ec tham r\u1ebb m\u00e0 mua \u1edf c\u00e1c \u0111\u01a1n v\u1ecb nh\u1ecf l\u1ebb gi\u00e1 qu\u00e1 ch\u00eanh l\u1ec7ch v\u1edbi m\u1ee9c gi\u00e1 chung. V\u00ec c\u00f3 th\u1ec3 r\u01a1i v\u00e0o tr\u01b0\u1eddng h\u1ee3p h\u1ecd c\u1ee9 ch\u00e0o b\u00e1n nh\u01b0ng th\u1ef1c t\u1ebf kh\u00f4ng c\u00f3 ngu\u1ed3n h\u00e0ng, ngu\u1ed3n h\u00e0ng \u0111\u00e3 h\u1ebft ho\u1eb7c c\u00f3 th\u1ec3 h\u00e0ng kh\u00f4ng c\u00f2n m\u1edbi. V\u00ec kh\u00f4ng c\u00f3 s\u1ea3n ph\u1ea9m CH\u00cdNH H\u00c3NG n\u00e0o gi\u00e1 r\u1ebb v\u00e0 qu\u00e1 r\u1ebb ch\u00eanh l\u1ec7ch so v\u1edbi nhi\u1ec1u \u0111\u01a1n v\u1ecb b\u00e1n h\u00e0ng uy t\u00edn \u0111\u01b0\u1ee3c.<\/p>\n<p style=\"text-align: justify;\">Ttrong s\u1ed1 c\u00e1c website uy t\u00edn ph\u00e2n ph\u1ed1i Max 7 day, mau1.maudep.com.vn\/tpcn t\u1ef1 h\u00e0o l\u00e0 \u0111\u01a1n v\u1ecb c\u00f3 nhi\u1ec1u kinh nghi\u1ec7m, ph\u00e2n ph\u1ed1i l\u00e2u n\u0103m, uy t\u00edn v\u00e0 c\u00f3 t\u01b0 v\u1ea5n chuy\u00ean m\u00f4n khoa h\u1ecdc.<\/p>\n<p><img decoding=\"async\" loading=\"lazy\" class=\"alignnone size-medium wp-image-1913 aligncenter\" src=\"http:\/\/vitamin.webmaudep.net\/wp-content\/uploads\/2019\/05\/\u0111\u1eb7t-mua-ngay-1-300x150.gif\" alt=\"\" width=\"300\" height=\"150\" \/><\/p>\n<hr \/>\n<p style=\"text-align: center;\"><span style=\"font-size: 20px; color: #333399;\">Ch\u00fang t\u00f4i cam k\u1ebft<\/span><\/p>\n<p style=\"text-align: center;\"><span style=\"font-size: 20px; color: #333399;\"><em>Vitamintot.com l\u00e0 \u0111\u1ea1i l\u00fd ph\u00e2n ph\u1ed1i h\u00e0ng c\u00f4ng ty, ch\u00ednh h\u00e3ng, n\u01a1i b\u1ea1n ho\u00e0n to\u00e0n tin t\u01b0\u1edfng. Ch\u00fang t\u00f4i cam k\u1ebft ch\u1ea5t l\u01b0\u1ee3ng v\u00e0 d\u1ecbch v\u1ee5.<\/em><\/span><\/p>\n<hr \/>\n<p><img decoding=\"async\" loading=\"lazy\" class=\"aligncenter wp-image-818 size-full\" src=\"http:\/\/vitamin.webmaudep.net\/wp-content\/uploads\/2018\/09\/cam-k%E1%BA%BFt-web-vitamin.jpg\" sizes=\"(max-width: 801px) 100vw, 801px\" srcset=\"http:\/\/vitamin.webmaudep.net\/wp-content\/uploads\/2018\/09\/cam-k\u1ebft-web-vitamin.jpg 801w, http:\/\/vitamin.webmaudep.net\/wp-content\/uploads\/2018\/09\/cam-k\u1ebft-web-vitamin-300x169.jpg 300w, http:\/\/vitamin.webmaudep.net\/wp-content\/uploads\/2018\/09\/cam-k\u1ebft-web-vitamin-768x431.jpg 768w, http:\/\/vitamin.webmaudep.net\/wp-content\/uploads\/2018\/09\/cam-k\u1ebft-web-vitamin-600x337.jpg 600w\" alt=\"\" width=\"801\" height=\"450\" \/><\/p>\n","protected":false},"excerpt":{"rendered":"<p style=\"text-align: center;\"><span style=\"color: #008000;\"><em>Hi\u1ec7u qu\u1ea3 nhanh ch\u1ec9 v\u1edbi 1 li\u1ec7u tr\u00ecnh gi\u1ea3m \u0111\u1ebfn 7 kg.<\/em><\/span><\/p>\n<p>&nbsp;<\/p>\n<p style=\"text-align: center;\"><span style=\"color: #008000;\"><em>Gi\u1ea3m c\u00e2n v\u1edbi c\u01a1 ch\u1ebf an to\u00e0n, kh\u00f4ng g\u00e2y m\u1ec7t m\u1ecfi.<\/em><\/span><\/p>\n","protected":false},"featured_media":2369,"comment_status":"open","ping_status":"closed","template":"","meta":[],"product_cat":[756],"product_tag":[649,647,646,648],"_links":{"self":[{"href":"https:\/\/vitamin.webmaudep.net\/index.php?rest_route=\/wp\/v2\/product\/2368"}],"collection":[{"href":"https:\/\/vitamin.webmaudep.net\/index.php?rest_route=\/wp\/v2\/product"}],"about":[{"href":"https:\/\/vitamin.webmaudep.net\/index.php?rest_route=\/wp\/v2\/types\/product"}],"replies":[{"embeddable":true,"href":"https:\/\/vitamin.webmaudep.net\/index.php?rest_route=%2Fwp%2Fv2%2Fcomments&post=2368"}],"wp:featuredmedia":[{"embeddable":true,"href":"https:\/\/vitamin.webmaudep.net\/index.php?rest_route=\/wp\/v2\/media\/2369"}],"wp:attachment":[{"href":"https:\/\/vitamin.webmaudep.net\/index.php?rest_route=%2Fwp%2Fv2%2Fmedia&parent=2368"}],"wp:term":[{"taxonomy":"product_cat","embeddable":true,"href":"https:\/\/vitamin.webmaudep.net\/index.php?rest_route=%2Fwp%2Fv2%2Fproduct_cat&post=2368"},{"taxonomy":"product_tag","embeddable":true,"href":"https:\/\/vitamin.webmaudep.net\/index.php?rest_route=%2Fwp%2Fv2%2Fproduct_tag&post=2368"}],"curies":[{"name":"wp","href":"https:\/\/api.w.org\/{rel}","templated":true}]}}