{"id":2175,"date":"2020-09-04T15:54:44","date_gmt":"2020-09-04T08:54:44","guid":{"rendered":"http:\/\/vitamin.demo.xemwebmau.com\/?post_type=product&#038;p=2175"},"modified":"2022-03-12T10:14:06","modified_gmt":"2022-03-12T03:14:06","slug":"green-collagen-powder-diep-luc-collagen-co-tot-khong","status":"publish","type":"product","link":"https:\/\/vitamin.webmaudep.net\/?product=green-collagen-powder-diep-luc-collagen-co-tot-khong","title":{"rendered":"GREEN COLLAGEN POWDER- DI\u1ec6P L\u1ee4C COLLAGEN C\u00d3 T\u1ed0T KH\u00d4NG"},"content":{"rendered":"<h2 style=\"text-align: center;\"><span style=\"color: #000080;\"><strong>GREEN COLLAGEN POWDER &#8211;<\/strong><\/span><\/h2>\n<h2 style=\"text-align: center;\"><span style=\"color: #000080;\"><strong>\u00a0DI\u1ec6P L\u1ee4C COLLAGEN C\u00d3 T\u1ed0T KH\u00d4NG<\/strong><\/span><\/h2>\n<p style=\"text-align: justify;\">Green collagen hay c\u00f2n g\u1ecdi l\u00e0 Di\u1ec7p l\u1ee5c collagen l\u00e0 c\u00e1i t\u00ean \u0111\u01b0\u1ee3c r\u1ea5t nhi\u1ec1u ng\u01b0\u1eddi t\u00ecm ki\u1ebfm trong th\u1eddi gian v\u1eeba qua. V\u00ec sao s\u1ea3n ph\u1ea9m \u0111\u01b0\u1ee3c nhi\u1ec1u ng\u01b0\u1eddi t\u00ecm mi\u1ebfm nh\u01b0 v\u1eady, Di\u1ec7p l\u1ee5c collagen c\u00f3 t\u1ed1t hay kh\u00f4ng? C\u00e1c b\u1ea1n c\u00f9ng t\u00ecm hi\u1ec3u c\u00f4ng d\u1ee5ng c\u0169ng nh\u01b0 \u00fd ki\u1ebfn kh\u00e1ch h\u00e0ng sau khi d\u00f9ng s\u1ea3n ph\u1ea9m \u0111\u1ec3 \u0111\u00e1nh gi\u00e1 xem s\u1ea3n ph\u1ea9m t\u1ed1t hay kh\u00f4ng nh\u00e9.<\/p>\n<hr \/>\n<p style=\"text-align: center;\"><strong>VITAMINTOT.COM<\/strong><\/p>\n<p style=\"text-align: center;\"><strong>UY T\u00cdN H\u00c0NG \u0110\u1ea6U \u2013 TR\u1eccN V\u1eb8N NI\u1ec0M TIN<\/strong><\/p>\n<p><strong><img decoding=\"async\" loading=\"lazy\" class=\"alignnone wp-image-1914 aligncenter\" src=\"http:\/\/vitamin.webmaudep.net\/wp-content\/uploads\/2019\/05\/vtiamintot.com-5-sao-300x120.jpg\" sizes=\"(max-width: 200px) 100vw, 200px\" srcset=\"http:\/\/vitamin.webmaudep.net\/wp-content\/uploads\/2019\/05\/vtiamintot.com-5-sao-300x120.jpg 300w, http:\/\/vitamin.webmaudep.net\/wp-content\/uploads\/2019\/05\/vtiamintot.com-5-sao.jpg 327w\" alt=\"\" width=\"148\" height=\"59\" \/><\/strong><\/p>\n<hr \/>\n<h3 style=\"text-align: center;\"><span style=\"color: #000080;\"><strong>C\u00f4ng d\u1ee5ng c\u1ee7a Di\u1ec7p l\u1ee5c collagen nh\u01b0 th\u1ebf n\u00e0o? Di\u1ec7p l\u1ee5c collagen c\u00f3 t\u1ed1t hay kh\u00f4ng?<\/strong><\/span><\/h3>\n<p style=\"text-align: justify;\">C\u00e2n b\u1eb1ng n\u1ed9i ti\u1ebft t\u1ed1 n\u1eef, gi\u1ea3m kh\u00f4 h\u1ea1n<\/p>\n<p style=\"text-align: justify;\">S\u0103n ch\u1eafc da, x\u00f3a m\u1edd n\u00e1m, t\u00e0n nhang, gi\u1ea3m m\u1ee5n<\/p>\n<p style=\"text-align: justify;\">L\u00e0m ch\u1eadm qu\u00e1 tr\u00ecnh Oxy h\u00f3a, <a href=\"http:\/\/vitamin.webmaudep.net\/san-pham\/green-beauty-nuoc-ep-can-tay-dep-da-giu-dang\/\">Gi\u1ea3m l\u00e1o h\u00f3a da<\/a><\/p>\n<p style=\"text-align: justify;\">M\u00f3ng &#8211; T\u00f3c ch\u1eafc kh\u1ecfe, ng\u1eeba r\u1ee5ng t\u00f3c<\/p>\n<p style=\"text-align: justify;\">Gi\u00fap l\u00e0m m\u1ec1m ph\u00e2n n\u00ean ph\u00f2ng t\u00e1o b\u00f3n r\u1ea5t t\u1ed1t, t\u1ed1t cho h\u1ec7 ti\u00eau h\u00f3a<\/p>\n<p style=\"text-align: justify;\">Thanh l\u1ecdc v\u00e0 l\u00e0m s\u1ea1ch c\u01a1 th\u1ec3<\/p>\n<p><img decoding=\"async\" loading=\"lazy\" class=\"aligncenter wp-image-2178 size-full\" src=\"http:\/\/vitamin.webmaudep.net\/wp-content\/uploads\/2020\/09\/diep-luc-collagen-8-600x600.jpg\" alt=\"di\u1ec7p l\u1ee5c collagen c\u00f3 t\u1ed1t kh\u00f4ng\" width=\"600\" height=\"600\" srcset=\"https:\/\/vitamin.webmaudep.net\/wp-content\/uploads\/2020\/09\/diep-luc-collagen-8-600x600.jpg 600w, https:\/\/vitamin.webmaudep.net\/wp-content\/uploads\/2020\/09\/diep-luc-collagen-8-600x600-300x300.jpg 300w, https:\/\/vitamin.webmaudep.net\/wp-content\/uploads\/2020\/09\/diep-luc-collagen-8-600x600-100x100.jpg 100w, https:\/\/vitamin.webmaudep.net\/wp-content\/uploads\/2020\/09\/diep-luc-collagen-8-600x600-150x150.jpg 150w\" sizes=\"(max-width: 600px) 100vw, 600px\" \/><\/p>\n<p><img decoding=\"async\" loading=\"lazy\" class=\"alignnone size-medium wp-image-1922 aligncenter\" src=\"http:\/\/vitamin.webmaudep.net\/wp-content\/uploads\/2018\/12\/hotline-1-300x89.png\" alt=\"\" width=\"300\" height=\"89\" srcset=\"https:\/\/vitamin.webmaudep.net\/wp-content\/uploads\/2018\/12\/hotline-1-300x89.png 300w, https:\/\/vitamin.webmaudep.net\/wp-content\/uploads\/2018\/12\/hotline-1.png 411w\" sizes=\"(max-width: 300px) 100vw, 300px\" \/><\/p>\n<h3 style=\"text-align: center;\"><span style=\"color: #000080;\"><strong>Ai n\u00ean s\u1eed d\u1ee5ng Di\u1ec7p l\u1ee5c collagen<\/strong><\/span><\/h3>\n<p style=\"text-align: justify;\">D\u00f9ng cho <a href=\"http:\/\/vitamin.webmaudep.net\/san-pham\/collagen-biovea-750mg\/\">ph\u1ee5 n\u1eef kh\u00f4 da<\/a>, s\u1ea1m da, <a href=\"http:\/\/vitamin.webmaudep.net\/san-pham\/collagen-a-e-c-12000mg-ahlozen-gold\/\">nh\u0103n da<\/a>, n\u00e1m, t\u00e0n nhang.<\/p>\n<p style=\"text-align: justify;\">Ph\u1ee5 n\u1eef tu\u1ed5i ti\u1ec1n m\u00e3n kinh, m\u00e3n kinh ho\u1eb7c m\u1edbi sinh xong hay b\u1ecb b\u1ed1c h\u1ecfa, k\u00e9m t\u01b0\u01a1i s\u1eafc, t\u00f3c kh\u00f4 x\u01a1, r\u1ee5ng nhi\u1ec1u.<\/p>\n<p style=\"text-align: justify;\">Ng\u01b0\u1eddi th\u01b0\u1eddng xuy\u00ean ph\u1ea3i l\u00e0m vi\u1ec7c ngo\u00e0i tr\u1eddi, ng\u01b0\u1eddi hay ti\u1ebfp x\u00fac v\u1edbi c\u00e1c t\u00e1c nh\u00e2n c\u00f3 h\u1ea1i v\u1edbi c\u01a1 th\u1ec3 v\u00e0 da<\/p>\n<p style=\"text-align: justify;\">Nh\u00e2n vi\u00ean v\u0103n ph\u00f2ng, gi\u00e1o vi\u00ean, ng\u01b0\u1eddi lao \u0111\u1ed9ng ch\u00e2n tay hay n\u1ed9i tr\u1ee3, kh\u00f4ng cung c\u1ea5p \u0111\u1ee7 l\u01b0\u1ee3ng ch\u1ea5t x\u01a1 trong rau xanh h\u1eb1ng ng\u00e0y c\u00f3 nguy c\u01a1 t\u00e1o b\u00f3n, da d\u1ebb s\u1ea1m n\u00e1m, thi\u1ebfu s\u1ee9c s\u1ed1ng, thi\u1ebfu \u0111\u00e0n h\u1ed3i.<\/p>\n<p style=\"text-align: justify;\">\u0110\u1eb7c bi\u1ec7t l\u00e0 ch\u1ecb em ph\u1ee5 n\u1eef sau khi sinh v\u1edbi nguy c\u01a1 t\u00e1o b\u00f3n g\u00e2y tr\u0129 n\u1eb7ng, n\u00f3ng s\u1eefa, l\u00e0n da v\u00e0 v\u00f3c d\u00e1ng xu\u1ed1ng c\u1ea5p kh\u00f4ng c\u00f2n \u0111\u01b0\u1ee3c m\u1ec1m m\u1ea1i v\u00e0 c\u0103ng tr\u00e0n s\u1ee9c s\u1ed1ng. v\u1edbi ch\u1ecb em kh\u00f4ng c\u00f2n ham mu\u1ed1n v\u00e0 g\u1eb7p t\u00ecnh tr\u1ea1ng kh\u00f4 h\u1ea1n,\u00edt ti\u1ebft d\u1ecbch, t\u00e2m tr\u1ea1ng d\u1ec5 c\u00e1u g\u1eaft, hay m\u1ec7t m\u1ecfi.<\/p>\n<p>&nbsp;<\/p>\n<h3 style=\"text-align: center;\"><span style=\"color: #000080;\"><strong>Th\u00e0nh ph\u1ea7n Di\u1ec7p l\u1ee5c collagen<\/strong><\/span><\/h3>\n<ul style=\"text-align: justify;\">\n<li>Collagen peptide\u2026\u2026\u2026\u2026\u2026\u2026\u2026\u2026100mg<\/li>\n<li>Di\u1ec7p l\u1ee5c \u2026\u2026\u2026\u2026\u2026\u2026\u2026\u2026\u2026\u2026\u2026100mg<\/li>\n<li>Isoflavone \u2026\u2026\u2026\u2026\u2026\u2026\u2026\u2026\u2026\u2026.50mg<\/li>\n<li>Vitamin C\u2026\u2026\u2026\u2026\u2026\u2026\u2026\u2026\u2026\u2026..50mg<\/li>\n<li>Acid hyaluronic\u2026\u2026\u2026\u2026\u2026\u2026\u2026\u202610mg<\/li>\n<li>Biotin\u2026\u2026\u2026\u2026\u2026\u2026\u2026\u2026\u2026\u2026\u2026\u202620mcg<\/li>\n<li>Ph\u1ee5 li\u1ec7u: \u0110\u01b0\u1eddng, Magie stearate, talc, v\u1eeba \u0111\u1ee7 01 g\u00f3i 3g.<\/li>\n<\/ul>\n<p style=\"text-align: justify;\">C\u00e1ch d\u00f9ng: Pha 1 g\u00f3i v\u1edbi 150-200ml n\u01b0\u1edbc \u1ea5m u\u1ed1ng tr\u01b0\u1edbc \u0103n 30ph\u00fat ho\u1eb7c tr\u01b0\u1edbc khi \u0111i ng\u1ee7<\/p>\n<p style=\"text-align: justify;\">+ N\u00ean u\u1ed1ng ng\u00e0y\u00a02 l\u1ea7n, m\u1ed7i l\u1ea7n 1 g\u00f3i \u0111\u1ed1i v\u1edbi nh\u1eefng ng\u01b0\u1eddi b\u1ecb n\u00e1m, t\u00e0n nhang<\/p>\n<p style=\"text-align: justify;\">+ U\u1ed1ng m\u1ed7i ng\u00e0y 1 g\u00f3i \u0111\u1ed1i v\u1edbi c\u00e1c tr\u01b0\u1eddng h\u1ee3p kh\u00e1c: nh\u01b0 d\u01b0\u1ee1ng da, ch\u1ed1ng l\u00e3o h\u00f3a, duy tr\u00ec da c\u0103ng b\u00f3ng m\u1ecbn, n\u00f3ng trong t\u00e1o b\u00f3n, da b\u1ecb m\u1ee5n, kh\u00f4 s\u1ea1m, t\u00f3c g\u00e3y r\u1ee5ng, kh\u00f4 h\u1ea1n, b\u1ed1c h\u1ecfa, ho\u1eb7c mu\u1ed1n h\u1ed7 tr\u1ee3 <a href=\"https:\/\/www.5giay.vn\/threads\/cach-su-dung-thuoc-giam-can-new-lishou.9339152\/\">gi\u1ea3m c\u00e2n<\/a>\u2026<\/p>\n<p><img decoding=\"async\" loading=\"lazy\" class=\"alignnone wp-image-2179 aligncenter\" src=\"http:\/\/vitamin.webmaudep.net\/wp-content\/uploads\/2020\/09\/diep-luc-collagen-4-1-600x600-300x300.jpg\" alt=\"di\u1ec7p l\u1ee5c collagen gi\u00e1 bao nhi\u00eau\" width=\"430\" height=\"430\" srcset=\"https:\/\/vitamin.webmaudep.net\/wp-content\/uploads\/2020\/09\/diep-luc-collagen-4-1-600x600-300x300.jpg 300w, https:\/\/vitamin.webmaudep.net\/wp-content\/uploads\/2020\/09\/diep-luc-collagen-4-1-600x600-100x100.jpg 100w, https:\/\/vitamin.webmaudep.net\/wp-content\/uploads\/2020\/09\/diep-luc-collagen-4-1-600x600-150x150.jpg 150w, https:\/\/vitamin.webmaudep.net\/wp-content\/uploads\/2020\/09\/diep-luc-collagen-4-1-600x600.jpg 600w\" sizes=\"(max-width: 430px) 100vw, 430px\" \/><\/p>\n<p><img decoding=\"async\" loading=\"lazy\" class=\"alignnone wp-image-2180 aligncenter\" src=\"http:\/\/vitamin.webmaudep.net\/wp-content\/uploads\/2020\/09\/diep-luc-collagen-5-600x600-300x300.jpg\" alt=\"di\u1ec7p l\u1ee5c collagen c\u00f3 t\u1ed1t kh\u00f4ng\" width=\"441\" height=\"441\" srcset=\"https:\/\/vitamin.webmaudep.net\/wp-content\/uploads\/2020\/09\/diep-luc-collagen-5-600x600-300x300.jpg 300w, https:\/\/vitamin.webmaudep.net\/wp-content\/uploads\/2020\/09\/diep-luc-collagen-5-600x600-100x100.jpg 100w, https:\/\/vitamin.webmaudep.net\/wp-content\/uploads\/2020\/09\/diep-luc-collagen-5-600x600-150x150.jpg 150w, https:\/\/vitamin.webmaudep.net\/wp-content\/uploads\/2020\/09\/diep-luc-collagen-5-600x600.jpg 600w\" sizes=\"(max-width: 441px) 100vw, 441px\" \/><\/p>\n<h3 style=\"text-align: center;\"><span style=\"color: #000080;\"><strong>N\u00ean mua Green Collagen Powder \u1edf \u0111\u00e2u?<\/strong><\/span><\/h3>\n<p style=\"text-align: justify;\">Hi\u1ec7n s\u1ea3n ph\u1ea9m n\u00e0y \u0111\u01b0\u1ee3c b\u00e1n \u1edf nhi\u1ec1u n\u01a1i, nh\u01b0ng v\u1edbi th\u1ecb tr\u01b0\u1eddng h\u00e0ng h\u00f3a h\u1ed7n lo\u1ea1n nh\u01b0 ng\u00e0y nay, s\u1ea3n ph\u1ea9m gi\u1ea3 kh\u1eafp n\u01a1i khi\u1ebfn kh\u00e1ch h\u00e0ng ph\u00e2n v\u00e2n kh\u00f4ng bi\u1ebft n\u00ean mua s\u1ea3n ph\u1ea9m \u1edf \u0111\u00e2u \u0111\u1ec3 mua \u0111\u01b0\u1ee3c s\u1ea3n ph\u1ea9m \u0111\u1ea3m b\u1ea3o nh\u1ea5t<\/p>\n<p style=\"text-align: justify;\">N\u1ebfu \u0111ang kh\u00f4ng bi\u1ebft n\u00ean mua Green Collagen Powder \u1edf \u0111\u00e2u, ch\u00fang t\u00f4i xin g\u1ee3i \u00fd b\u1ea1n c\u00f3 th\u1ec3 mua h\u00e0ng tr\u1ef1c ti\u1ebfp t\u1ea1i Vitamintot.com \u0111\u1ec3 mua \u0111\u01b0\u1ee3c s\u1ea3n ph\u1ea9m uy t\u00edn, \u0111\u1ea3m b\u1ea3o ch\u1ea5t l\u01b0\u1ee3ng<\/p>\n<p style=\"text-align: justify;\">Mua s\u1ea3n ph\u1ea9m t\u1ea1i \u0111\u00e2y kh\u00e1ch h\u00e0ng c\u00f3 th\u1ec3 y\u00ean t\u00e2m b\u1edfi ch\u1ea5t l\u01b0\u1ee3ng, s\u1ea3n ph\u1ea9m ngu\u1ed3n g\u1ed1c r\u00f5 r\u00e0ng. B\u00ean c\u1ea1nh \u0111\u00f3, kh\u00e1ch h\u00e0ng c\u0169ng s\u1ebd \u0111\u01b0\u1ee3c ch\u0103m s\u00f3c v\u00e0 t\u01b0 v\u1ea5n nhi\u1ec7t t\u00ecnh khi mua s\u1ea3n ph\u1ea9m.<\/p>\n<p><img decoding=\"async\" loading=\"lazy\" class=\"aligncenter wp-image-2176 size-full\" src=\"http:\/\/vitamin.webmaudep.net\/wp-content\/uploads\/2020\/09\/diep-luc-collagen-12.jpg\" alt=\"gi\u1ea5y ch\u1ee9ng nh\u1eadn c\u1ee7a di\u1ec7p l\u1ee5c collagen\" width=\"712\" height=\"960\" srcset=\"https:\/\/vitamin.webmaudep.net\/wp-content\/uploads\/2020\/09\/diep-luc-collagen-12.jpg 712w, https:\/\/vitamin.webmaudep.net\/wp-content\/uploads\/2020\/09\/diep-luc-collagen-12-300x404.jpg 300w, https:\/\/vitamin.webmaudep.net\/wp-content\/uploads\/2020\/09\/diep-luc-collagen-12-600x809.jpg 600w, https:\/\/vitamin.webmaudep.net\/wp-content\/uploads\/2020\/09\/diep-luc-collagen-12-223x300.jpg 223w\" sizes=\"(max-width: 712px) 100vw, 712px\" \/><\/p>\n<p style=\"text-align: center;\"><em>Gi\u1ea5y ch\u1ee9ng nh\u1eadn ti\u00eau chu\u1ea9n ch\u1ea5t l\u01b0\u1ee3ng c\u1ee7a Di\u1ec7p l\u1ee5c Collagen ( Green collagen Powder)<\/em><\/p>\n<p><img decoding=\"async\" loading=\"lazy\" class=\"aligncenter wp-image-2177 size-full\" src=\"http:\/\/vitamin.webmaudep.net\/wp-content\/uploads\/2020\/09\/phan-biet-that-gia-diep-luc-5.jpg\" alt=\"nh\u1eadn bi\u1ebft h\u00e0ng ch\u00ednh h\u00e3ng di\u1ec7p l\u1ee5c collagen\" width=\"540\" height=\"960\" srcset=\"https:\/\/vitamin.webmaudep.net\/wp-content\/uploads\/2020\/09\/phan-biet-that-gia-diep-luc-5.jpg 540w, https:\/\/vitamin.webmaudep.net\/wp-content\/uploads\/2020\/09\/phan-biet-that-gia-diep-luc-5-300x533.jpg 300w, https:\/\/vitamin.webmaudep.net\/wp-content\/uploads\/2020\/09\/phan-biet-that-gia-diep-luc-5-169x300.jpg 169w\" sizes=\"(max-width: 540px) 100vw, 540px\" \/><\/p>\n<p style=\"text-align: center;\"><em>Ki\u1ec3m tra s\u1ea3n ph\u1ea9m Di\u1ec7p l\u1ee5c collagen quan ph\u1ea7n m\u1ec1m check m\u00e3 v\u1ea1ch Icheck<\/em><\/p>\n<p>&nbsp;<\/p>\n<h3 style=\"text-align: center;\"><span style=\"color: #000080;\"><strong>Review c\u1ee7a kh\u00e1ch h\u00e0ng khi s\u1eed d\u1ee5ng s\u1ea3n ph\u1ea9m Di\u1ec7p l\u1ee5c collagen \u0111\u1ec3 tr\u1ea3 l\u1eddi c\u00e2u h\u1ecfi Di\u1ec7p l\u1ee5c collagen c\u00f3 t\u1ed1t hay kh\u00f4ng<\/strong><\/span><\/h3>\n<p style=\"text-align: justify;\">B\u00e0 n\u1ed9i tr\u1ee3 \u0110\u00e0o Th\u1ecb L\u00ea cho bi\u1ebft: \u201c <em>T\u00f4i l\u1edbn tu\u1ed5i hi\u1ec7n t\u01b0\u1ee3ng da nh\u0103n nheo, x\u01b0\u01a1ng kh\u1edbp hay \u0111au nh\u1ee9c. V\u00f4 t\u00ecnh m\u1ed9t l\u1ea7n \u0111\u01b0\u1ee3c ng\u01b0\u1eddi b\u1ea1n gi\u1edbi thi\u1ec7u Di\u1ec7p L\u1ee5c Collagen t\u00f4i s\u1eed d\u1ee5ng th\u1eed v\u00e0 c\u1ea3m th\u1ea5y r\u1ea5t t\u1ed1t. Da h\u1ebft nh\u0103n, x\u01b0\u01a1ng kh\u1edbp kh\u00f4ng c\u00f2n \u0111au v\u00e0 c\u1ea3m th\u1ea5y ng\u1ee7 ngon h\u01a1n<\/em>\u201d<\/p>\n<p style=\"text-align: justify;\">\u201c <em>L\u00e0 m\u1ed9t d\u01b0\u1ee3c s\u1ef9 b\u00e1n thu\u1ed1c, ti\u1ebfp x\u00fac v\u1edbi r\u1ea5t nhi\u1ec1u thu\u1ed1c v\u00e0 th\u1ef1c ph\u1ea9m ch\u1ee9c n\u0103ng, lu\u00f4n t\u00ecm ki\u1ebfm m\u1ed9t lo\u1ea1i th\u1ef1c ph\u1ea9m ch\u1ee9c n\u0103ng collagen n\u00e0o t\u1ed1t \u0111\u1ec3 s\u1eed d\u1ee5ng cho b\u1ea3n th\u00e2n. Khi s\u1eed d\u1ee5ng Di\u1ec7p L\u1ee5c Collagen t\u00f4i ho\u00e0n b\u1ecb thuy\u1ebft ph\u1ee5c<\/em>\u201d- D\u01b0\u1ee3c s\u1ef9 Tr\u1ea7n Ng\u1ecdc Nguy\u1ec7t Nga, ch\u1ee7 nh\u00e0 thu\u1ed1c Nguy\u1ec7t Nga chia s\u1ebb.<\/p>\n<hr \/>\n<p style=\"text-align: center;\"><span style=\"font-size: 20px; color: #0000ff;\">Ch\u00fang t\u00f4i cam k\u1ebft<\/span><\/p>\n<p style=\"text-align: center;\"><span style=\"font-size: 20px; color: #0000ff;\"><em>Vitamintot.com l\u00e0 \u0111\u1ea1i l\u00fd ph\u00e2n ph\u1ed1i h\u00e0ng c\u00f4ng ty, ch\u00ednh h\u00e3ng, n\u01a1i b\u1ea1n ho\u00e0n to\u00e0n tin t\u01b0\u1edfng. Ch\u00fang t\u00f4i cam k\u1ebft ch\u1ea5t l\u01b0\u1ee3ng v\u00e0 d\u1ecbch v\u1ee5.<\/em><\/span><\/p>\n<hr \/>\n<p><img decoding=\"async\" loading=\"lazy\" class=\"aligncenter wp-image-818 size-full\" src=\"http:\/\/vitamin.webmaudep.net\/wp-content\/uploads\/2018\/09\/cam-k\u1ebft-web-vitamin.jpg\" alt=\"\" width=\"801\" height=\"450\" srcset=\"https:\/\/vitamin.webmaudep.net\/wp-content\/uploads\/2018\/09\/cam-k\u1ebft-web-vitamin.jpg 801w, https:\/\/vitamin.webmaudep.net\/wp-content\/uploads\/2018\/09\/cam-k\u1ebft-web-vitamin-300x169.jpg 300w, https:\/\/vitamin.webmaudep.net\/wp-content\/uploads\/2018\/09\/cam-k\u1ebft-web-vitamin-600x337.jpg 600w, https:\/\/vitamin.webmaudep.net\/wp-content\/uploads\/2018\/09\/cam-k\u1ebft-web-vitamin-768x431.jpg 768w\" sizes=\"(max-width: 801px) 100vw, 801px\" \/><\/p>\n","protected":false},"excerpt":{"rendered":"<p style=\"text-align: center;\"><em>S\u0103n ch\u1eafc da, x\u00f3a m\u1edd n\u00e1m, t\u00e0n nhang, gi\u1ea3m m\u1ee5n<\/em><\/p>\n<p>&nbsp;<\/p>\n<p style=\"text-align: center;\"><em>L\u00e0m ch\u1eadm qu\u00e1 tr\u00ecnh Oxy h\u00f3a, Gi\u1ea3m l\u00e1o h\u00f3a da<\/em><\/p>\n<p>&nbsp;<\/p>\n<p style=\"text-align: center;\"><em>Thanh l\u1ecdc v\u00e0 l\u00e0m s\u1ea1ch c\u01a1 th\u1ec3<\/em><\/p>\n<hr \/>\n<p style=\"text-align: center;\"><strong>MI\u1ec4N PH\u00cd GIAO H\u00c0NG TO\u00c0N QU\u1ed0C<\/strong><\/p>\n<p>&nbsp;<\/p>\n<p>&nbsp;<\/p>\n","protected":false},"featured_media":2178,"comment_status":"open","ping_status":"closed","template":"","meta":[],"product_cat":[757,756],"product_tag":[553,552,555,556,554],"_links":{"self":[{"href":"https:\/\/vitamin.webmaudep.net\/index.php?rest_route=\/wp\/v2\/product\/2175"}],"collection":[{"href":"https:\/\/vitamin.webmaudep.net\/index.php?rest_route=\/wp\/v2\/product"}],"about":[{"href":"https:\/\/vitamin.webmaudep.net\/index.php?rest_route=\/wp\/v2\/types\/product"}],"replies":[{"embeddable":true,"href":"https:\/\/vitamin.webmaudep.net\/index.php?rest_route=%2Fwp%2Fv2%2Fcomments&post=2175"}],"wp:featuredmedia":[{"embeddable":true,"href":"https:\/\/vitamin.webmaudep.net\/index.php?rest_route=\/wp\/v2\/media\/2178"}],"wp:attachment":[{"href":"https:\/\/vitamin.webmaudep.net\/index.php?rest_route=%2Fwp%2Fv2%2Fmedia&parent=2175"}],"wp:term":[{"taxonomy":"product_cat","embeddable":true,"href":"https:\/\/vitamin.webmaudep.net\/index.php?rest_route=%2Fwp%2Fv2%2Fproduct_cat&post=2175"},{"taxonomy":"product_tag","embeddable":true,"href":"https:\/\/vitamin.webmaudep.net\/index.php?rest_route=%2Fwp%2Fv2%2Fproduct_tag&post=2175"}],"curies":[{"name":"wp","href":"https:\/\/api.w.org\/{rel}","templated":true}]}}