{"id":1854,"date":"2020-02-04T10:15:04","date_gmt":"2020-02-04T03:15:04","guid":{"rendered":"http:\/\/vitamin.demo.xemwebmau.com\/?post_type=product&#038;p=1854"},"modified":"2022-03-12T10:21:15","modified_gmt":"2022-03-12T03:21:15","slug":"tra-giam-can-figura-1","status":"publish","type":"product","link":"https:\/\/vitamin.webmaudep.net\/?product=tra-giam-can-figura-1","title":{"rendered":"Tr\u00e0 gi\u1ea3m c\u00e2n Figura 1"},"content":{"rendered":"<h2 style=\"text-align: center;\"><span style=\"color: #800080;\"><strong>TR\u00c0 GI\u1ea2M C\u00c2N FIGURA 1<\/strong><\/span><\/h2>\n<p style=\"text-align: center;\"><span style=\"color: #800080;\"><em>Tr\u00e0 Figura 1 Gi\u1ea3m c\u00e2n hi\u1ec7u qu\u1ea3, an to\u00e0n, ti\u1ec7n l\u1ee3i<\/em><\/span><\/p>\n<p style=\"text-align: justify;\">L\u00e0m th\u1ebf n\u00e0o \u0111\u1ec3 \u0111\u1ea9y l\u00f9i <a href=\"http:\/\/vitamin.webmaudep.net\/san-pham\/thuoc-giam-can-phuc-linh-xanh-new-lishou-24-vien\/\"><em>th\u1eeba c\u00e2n<\/em><\/a> khi b\u1ea1n qu\u00e1 b\u1eadn r\u1ed9n? C\u00e1c s\u1ea3n ph\u1ea9m gi\u00fap \u0111\u1ed1t ch\u00e1y l\u01b0\u1ee3ng m\u1ee1 th\u1eeba nh\u01b0 tr\u00e0 gi\u1ea3m c\u00e2n l\u00e0 m\u1ed9t gi\u1ea3i ph\u00e1p \u0111\u00e1ng quan t\u00e2m. Tuy nhi\u00ean, u\u1ed1ng tr\u00e0 gi\u1ea3m c\u00e2n c\u00f3 nguy hi\u1ec3m kh\u00f4ng? \u0110\u00e2y l\u00e0 v\u1ea5n \u0111\u1ec1 khi\u1ebfn nhi\u1ec1u ng\u01b0\u1eddi ph\u00e2n v\u00e2n. C\u00e2u tr\u1ea3 l\u1eddi l\u00e0 Kh\u00f4ng. Hi\u1ec7n nay tr\u00ean th\u1ecb tr\u01b0\u1eddng c\u00f3 r\u1ea5t nhi\u1ec1u s\u1ea3n ph\u1ea9m tr\u00e0 gi\u1ea3m c\u00e2n \u0111\u01b0\u1ee3c qu\u1ea3ng c\u00e1o, PR r\u1ea7m r\u1ed9, nh\u01b0ng ch\u1ea5t l\u01b0\u1ee3ng <a href=\"http:\/\/vitamin.webmaudep.net\/san-pham\/giam-can-ao-dinh-hop-30-vien\/\"><em>gi\u1ea3m c\u00e2n<\/em><\/a> th\u00ec ch\u01b0a th\u1eadt s\u1ef1 cao. V\u1eady b\u1ea1n n\u00ean l\u1ef1a ch\u1ecdn s\u1ea3n ph\u1ea9m n\u00e0o? Tr\u00e0 gi\u1ea3m c\u00e2n Figura ch\u00ednh l\u00e0 b\u00ed quy\u1ebft gi\u1ea3m c\u00e2n nhanh ch\u00f3ng, hi\u1ec7u qu\u1ea3 t\u1ed1t cho s\u1ee9c kh\u1ecfe m\u00e0 kh\u00f4ng t\u1ed1n qu\u00e1 nhi\u1ec1u th\u1eddi gian, c\u00f4ng s\u1ee9c c\u1ee7a b\u1ea1n.<\/p>\n<p><img decoding=\"async\" loading=\"lazy\" class=\"aligncenter wp-image-1855 size-full\" src=\"http:\/\/vitamin.webmaudep.net\/wp-content\/uploads\/2020\/02\/tra-giam-can-figura-1.jpg\" alt=\"\" width=\"600\" height=\"375\" srcset=\"https:\/\/vitamin.webmaudep.net\/wp-content\/uploads\/2020\/02\/tra-giam-can-figura-1.jpg 600w, https:\/\/vitamin.webmaudep.net\/wp-content\/uploads\/2020\/02\/tra-giam-can-figura-1-300x188.jpg 300w\" sizes=\"(max-width: 600px) 100vw, 600px\" \/><\/p>\n<h3 style=\"text-align: justify;\"><span style=\"color: #800080;\"><strong>Th\u00e0nh ph\u1ea7n Tr\u00e0 Figura<\/strong><\/span><\/h3>\n<p style=\"text-align: justify;\">Senaleaves ( l\u00e1 c\u00e2y k\u00e9o 30% ).<\/p>\n<p style=\"text-align: justify;\">Hibiscus Flower ( hoa d\u00e2m b\u1ee5t 20% ).<\/p>\n<p style=\"text-align: justify;\">Elder Berries ( qu\u1ea3 m\u1ecdng 20%).<\/p>\n<p style=\"text-align: justify;\">Apple scraps ( t\u00e1o 20%).<\/p>\n<p style=\"text-align: justify;\">Rose hip ( \u0111\u00e0i hoa h\u1ed3ng 10%).<\/p>\n<p><img decoding=\"async\" loading=\"lazy\" class=\"alignnone wp-image-1856 aligncenter\" src=\"http:\/\/vitamin.webmaudep.net\/wp-content\/uploads\/2020\/02\/tr\u00e0-gi\u1ea3m-c\u00e2n-figura-c\u00f3-t\u1ed1t-kh\u00f4ng-266x300.jpg\" alt=\"\" width=\"354\" height=\"399\" srcset=\"https:\/\/vitamin.webmaudep.net\/wp-content\/uploads\/2020\/02\/tr\u00e0-gi\u1ea3m-c\u00e2n-figura-c\u00f3-t\u1ed1t-kh\u00f4ng-266x300.jpg 266w, https:\/\/vitamin.webmaudep.net\/wp-content\/uploads\/2020\/02\/tr\u00e0-gi\u1ea3m-c\u00e2n-figura-c\u00f3-t\u1ed1t-kh\u00f4ng-300x339.jpg 300w, https:\/\/vitamin.webmaudep.net\/wp-content\/uploads\/2020\/02\/tr\u00e0-gi\u1ea3m-c\u00e2n-figura-c\u00f3-t\u1ed1t-kh\u00f4ng.jpg 378w\" sizes=\"(max-width: 354px) 100vw, 354px\" \/><\/p>\n<h3 style=\"text-align: justify;\"><span style=\"color: #800080;\"><strong>C\u00f4ng d\u1ee5ng<\/strong><\/span><\/h3>\n<p style=\"text-align: justify;\">&#8211; Gi\u00fap nhu\u1eadn tr\u00e0ng, ch\u1ed1ng t\u00e1o b\u00f3n, <a href=\"https:\/\/enbac.com\/Ha-Noi\/Y-te-Suc-khoe\/p3317021\/Vien-giam-can-Ao-Dinh-30-vien.html\">t\u0103ng \u0111\u00e0o th\u1ea3i th\u1ee9c \u0103n<\/a>. L\u00e0m gi\u1ea3m h\u1ea5p thu n\u0103ng l\u01b0\u1ee3ng. Gi\u00fap gi\u1ea3m c\u00e2n.<\/p>\n<p style=\"text-align: justify;\">&#8211; T\u0103ng c\u01b0\u1eddng \u0111\u1ed1t ch\u00e1y m\u1ee1 th\u1eeba trong c\u01a1 th\u1ec3.\u00a0 Cho b\u1ea1n qu\u00e1 tr\u00ecnh gi\u1ea3m c\u00e2n hi\u1ec7u qu\u1ea3 nhanh ch\u00f3ng ch\u1ec9 sau th\u1eddi gian ng\u1eafn.<\/p>\n<p><img decoding=\"async\" loading=\"lazy\" class=\"alignnone size-medium wp-image-1857 aligncenter\" src=\"http:\/\/vitamin.webmaudep.net\/wp-content\/uploads\/2020\/02\/tr\u00e0-gi\u1ea3m-c\u00e2n-figura-1-hi\u1ec7u-qu\u1ea3-300x238.jpg\" alt=\"\" width=\"300\" height=\"238\" srcset=\"https:\/\/vitamin.webmaudep.net\/wp-content\/uploads\/2020\/02\/tr\u00e0-gi\u1ea3m-c\u00e2n-figura-1-hi\u1ec7u-qu\u1ea3-300x238.jpg 300w, https:\/\/vitamin.webmaudep.net\/wp-content\/uploads\/2020\/02\/tr\u00e0-gi\u1ea3m-c\u00e2n-figura-1-hi\u1ec7u-qu\u1ea3.jpg 378w\" sizes=\"(max-width: 300px) 100vw, 300px\" \/><\/p>\n<h4 style=\"text-align: justify;\"><strong>\u01afu \u0111i\u1ec3m c\u1ee7a Tr\u00e0 gi\u1ea3m c\u00e2n Figura 1<\/strong><\/h4>\n<p style=\"text-align: justify;\">&#8211; Gi\u00fap b\u1ea1n ng\u1ee7 ngon, s\u00e2u gi\u1ea5c h\u01a1n.<\/p>\n<p style=\"text-align: justify;\">&#8211; T\u0103ng c\u01b0\u1eddng s\u1ee9c \u0111\u1ec1 kh\u00e1ng, h\u1ea1n ch\u1ebf m\u1ec7t m\u1ecfi cho c\u01a1 th\u1ec3.<\/p>\n<p style=\"text-align: justify;\">&#8211; H\u1ed7 tr\u1ee3 ch\u1eefa tr\u1ecb t\u00e1o b\u00f3n.<\/p>\n<h3 style=\"text-align: justify;\"><span style=\"color: #800080;\"><strong>C\u00e1ch d\u00f9ng<\/strong><\/span><\/h3>\n<p style=\"text-align: justify;\">Ng\u00e0y u\u1ed1ng 1 t\u00fai tr\u00e0 khi mu\u1ed1n gi\u1ea3m c\u00e2n. Ho\u00e0 t\u00fai tr\u00e0 v\u1edbi 300ml n\u01b0\u1edbc s\u00f4i \u0111\u1ec3 trong 10 ph\u00fat v\u00e0 u\u1ed1ng sau b\u1eefa t\u1ed1i.<\/p>\n<p style=\"text-align: justify;\">Tr\u00e0 Gi\u1ea3m C\u00e2n Figura 1 d\u00f9ng cho ng\u01b0\u1eddi b\u00ecnh th\u01b0\u1eddng.<\/p>\n<p style=\"text-align: justify;\">Tr\u00e0 Gi\u1ea3m C\u00e2n Figura 2 d\u00f9ng cho ng\u01b0\u1eddi \u0103n \u0111\u1ed3 bi\u1ec3n v\u00e0 th\u01b0\u1eddng b\u1ecb \u0111au b\u1ee5ng (hay b\u1ecb b\u1ec7nh \u0111\u1ea1i tr\u00e0ng).<\/p>\n<h3 style=\"text-align: justify;\"><span style=\"color: #800080;\"><strong>\u0110\u1ed1i t\u01b0\u1ee3ng s\u1eed d\u1ee5ng:<\/strong><\/span><\/h3>\n<p style=\"text-align: justify;\">S\u1ea3n ph\u1ea9m th\u00edch h\u1ee3p cho c\u00e1c \u0111\u1ed1i t\u01b0\u1ee3ng c\u00f3 nhu c\u1ea7u gi\u1ea3m c\u00e2n.<\/p>\n<h3 style=\"text-align: justify;\"><span style=\"color: #800080;\"><strong>\u0110\u1ed1i t\u01b0\u1ee3ng l\u01b0u \u00fd khi s\u1eed d\u1ee5ng<\/strong><\/span><\/h3>\n<p style=\"text-align: justify;\">Kh\u00f4ng d\u00f9ng Tr\u00e0 Gi\u1ea3m C\u00e2n Figura cho ng\u01b0\u1eddi b\u1ecb vi\u00eam ru\u1ed9t th\u1eeba, lo\u00e9t bao t\u1eed, suy th\u1eadn.<\/p>\n<p style=\"text-align: justify;\">Ph\u1ee5 n\u1eef trong ng\u00e0y b\u1ecb h\u00e0nh kinh n\u00ean t\u1ea1m ngh\u1ec9.<\/p>\n<p style=\"text-align: justify;\">Ph\u1ee5 n\u1eef c\u00f3 thai ho\u1eb7c cho con b\u00fa.<\/p>\n<p style=\"text-align: justify;\">Kh\u00f4ng d\u00f9ng cho tr\u1ebb em d\u01b0\u1edbi 16 tu\u1ed5i.<\/p>\n<p style=\"text-align: justify;\">B\u00e0o ch\u1ebf: H\u1ed9p 20 t\u00fai l\u1ecdc.<\/p>\n<h3 style=\"text-align: justify;\"><span style=\"color: #ff6600;\">Ch\u00fang t\u00f4i cam k\u1ebft<\/span><\/h3>\n<p style=\"text-align: justify;\"><em><span style=\"color: #ff6600;\">Vitamintot.com l\u00e0 \u0111\u1ea1i l\u00fd ph\u00e2n ph\u1ed1i h\u00e0ng c\u00f4ng ty, ch\u00ednh h\u00e3ng, n\u01a1i b\u1ea1n ho\u00e0n to\u00e0n tin t\u01b0\u1edfng. Ch\u00fang t\u00f4i cam k\u1ebft ch\u1ea5t l\u01b0\u1ee3ng v\u00e0 d\u1ecbch v\u1ee5.<\/span><\/em><\/p>\n<p style=\"text-align: justify;\"><img decoding=\"async\" loading=\"lazy\" class=\"wp-image-818 size-full aligncenter\" src=\"http:\/\/vitamin.webmaudep.net\/wp-content\/uploads\/2018\/09\/cam-k\u1ebft-web-vitamin.jpg\" alt=\"\" width=\"801\" height=\"450\" srcset=\"https:\/\/vitamin.webmaudep.net\/wp-content\/uploads\/2018\/09\/cam-k\u1ebft-web-vitamin.jpg 801w, https:\/\/vitamin.webmaudep.net\/wp-content\/uploads\/2018\/09\/cam-k\u1ebft-web-vitamin-300x169.jpg 300w, https:\/\/vitamin.webmaudep.net\/wp-content\/uploads\/2018\/09\/cam-k\u1ebft-web-vitamin-600x337.jpg 600w, https:\/\/vitamin.webmaudep.net\/wp-content\/uploads\/2018\/09\/cam-k\u1ebft-web-vitamin-768x431.jpg 768w\" sizes=\"(max-width: 801px) 100vw, 801px\" \/><\/p>\n","protected":false},"excerpt":{"rendered":"<p>T\u0103ng c\u01b0\u1eddng \u0111\u1ed1t ch\u00e1y m\u1ee1 th\u1eeba trong c\u01a1 th\u1ec3.<\/p>\n<p>Gi\u1ea3m c\u00e2n hi\u1ec7u qu\u1ea3 nhanh ch\u00f3ng ch\u1ec9 sau th\u1eddi gian ng\u1eafn.<\/p>\n<p><em>Tr\u00e0 Gi\u1ea3m C\u00e2n Figura 1 d\u00f9ng cho ng\u01b0\u1eddi b\u00ecnh th\u01b0\u1eddng.<\/em><\/p>\n<p><em>Tr\u00e0 Gi\u1ea3m C\u00e2n Figura 2 d\u00f9ng cho ng\u01b0\u1eddi \u0103n \u0111\u1ed3 bi\u1ec3n v\u00e0 th\u01b0\u1eddng b\u1ecb \u0111au b\u1ee5ng (hay b\u1ecb b\u1ec7nh \u0111\u1ea1i tr\u00e0ng).<\/em><\/p>\n","protected":false},"featured_media":1855,"comment_status":"open","ping_status":"closed","template":"","meta":[],"product_cat":[756],"product_tag":[380,384,381,379,382,383],"_links":{"self":[{"href":"https:\/\/vitamin.webmaudep.net\/index.php?rest_route=\/wp\/v2\/product\/1854"}],"collection":[{"href":"https:\/\/vitamin.webmaudep.net\/index.php?rest_route=\/wp\/v2\/product"}],"about":[{"href":"https:\/\/vitamin.webmaudep.net\/index.php?rest_route=\/wp\/v2\/types\/product"}],"replies":[{"embeddable":true,"href":"https:\/\/vitamin.webmaudep.net\/index.php?rest_route=%2Fwp%2Fv2%2Fcomments&post=1854"}],"wp:featuredmedia":[{"embeddable":true,"href":"https:\/\/vitamin.webmaudep.net\/index.php?rest_route=\/wp\/v2\/media\/1855"}],"wp:attachment":[{"href":"https:\/\/vitamin.webmaudep.net\/index.php?rest_route=%2Fwp%2Fv2%2Fmedia&parent=1854"}],"wp:term":[{"taxonomy":"product_cat","embeddable":true,"href":"https:\/\/vitamin.webmaudep.net\/index.php?rest_route=%2Fwp%2Fv2%2Fproduct_cat&post=1854"},{"taxonomy":"product_tag","embeddable":true,"href":"https:\/\/vitamin.webmaudep.net\/index.php?rest_route=%2Fwp%2Fv2%2Fproduct_tag&post=1854"}],"curies":[{"name":"wp","href":"https:\/\/api.w.org\/{rel}","templated":true}]}}