{"id":1737,"date":"2019-08-23T11:01:57","date_gmt":"2019-08-23T04:01:57","guid":{"rendered":"http:\/\/vitamin.demo.xemwebmau.com\/?post_type=product&#038;p=1737"},"modified":"2022-03-12T10:30:17","modified_gmt":"2022-03-12T03:30:17","slug":"vien-giam-can-rich-slim-mau-new-2019","status":"publish","type":"product","link":"https:\/\/vitamin.webmaudep.net\/?product=vien-giam-can-rich-slim-mau-new-2019","title":{"rendered":"Vi\u00ean gi\u1ea3m c\u00e2n Rich Slim (M\u1eabu NEW 2019)"},"content":{"rendered":"<h2 style=\"text-align: center;\"><span style=\"color: #008000;\"><strong>Vi\u00ean gi\u1ea3m c\u00e2n Rich Slim\u00a0(M\u1eabu NEW 2019) \u2013 D\u00e0nh cho ng\u01b0\u1eddi kh\u00f3 gi\u1ea3m c\u00e2n<\/strong><\/span><\/h2>\n<p style=\"text-align: justify;\">T\u00ean s\u1ea3n ph\u1ea9m: Vi\u00ean gi\u1ea3m c\u00e2n Rich slim New 2019.<\/p>\n<p style=\"text-align: justify;\">Xu\u1ea5t x\u1ee9: M\u1ef9 ( T\u1eadp \u0111o\u00e0n H.A. Herbal. LLC -1701- Berkshire Eve. Dr. Duluth. GA.30097 \u2013 United State.<\/p>\n<p style=\"text-align: justify;\">Quy c\u00e1ch: H\u1ed9p g\u1ed3m L\u1ecd 60 vi\u00ean.<\/p>\n<p style=\"text-align: justify;\">Vi\u00ean gi\u1ea3m\u00a0<strong>Rich Slim<\/strong>\u00a0l\u00e0 vi\u00ean gi\u1ea3m c\u00e2n c\u1ee7a M\u1ef9 c\u00f3 ngu\u1ed3n g\u1ed1c ho\u00e0n to\u00e0n th\u1ea3o D\u01b0\u1ee3c. Vi\u00ean gi\u1ea3m c\u00e2n Rich Sim d\u00e0nh cho c\u1ea3 nam gi\u1edbi v\u00e0 n\u1eef gi\u1edbi s\u1eed d\u1ee5ng, l\u00e0 vi\u00ean gi\u1ea3m c\u00e2n h\u00e0ng \u0111\u1ea7u t\u1ea1i M\u1ef9.\u00a0V\u1edbi Rich Slim b\u1ea1n c\u00f3 th\u1ec3 ki\u1ec3m so\u00e1t s\u1ee9c kh\u1ecfe v\u00e0 \u0111\u1ea1t \u0111\u01b0\u1ee3c m\u1ee5c ti\u00eau qu\u1ea3n l\u00fd c\u00e2n n\u1eb7ng c\u1ee7a m\u00ecnh.<\/p>\n<p><img decoding=\"async\" loading=\"lazy\" class=\"aligncenter wp-image-1738 \" src=\"http:\/\/vitamin.webmaudep.net\/wp-content\/uploads\/2019\/08\/gi\u1ea3m-c\u00e2n-rich-slim-usa-300x300.jpg\" alt=\"\" width=\"425\" height=\"425\" srcset=\"https:\/\/vitamin.webmaudep.net\/wp-content\/uploads\/2019\/08\/gi\u1ea3m-c\u00e2n-rich-slim-usa-300x300.jpg 300w, https:\/\/vitamin.webmaudep.net\/wp-content\/uploads\/2019\/08\/gi\u1ea3m-c\u00e2n-rich-slim-usa-100x100.jpg 100w, https:\/\/vitamin.webmaudep.net\/wp-content\/uploads\/2019\/08\/gi\u1ea3m-c\u00e2n-rich-slim-usa-600x600.jpg 600w, https:\/\/vitamin.webmaudep.net\/wp-content\/uploads\/2019\/08\/gi\u1ea3m-c\u00e2n-rich-slim-usa-150x150.jpg 150w, https:\/\/vitamin.webmaudep.net\/wp-content\/uploads\/2019\/08\/gi\u1ea3m-c\u00e2n-rich-slim-usa-768x768.jpg 768w, https:\/\/vitamin.webmaudep.net\/wp-content\/uploads\/2019\/08\/gi\u1ea3m-c\u00e2n-rich-slim-usa.jpg 800w\" sizes=\"(max-width: 425px) 100vw, 425px\" \/><\/p>\n<h3 style=\"text-align: justify;\"><strong>C\u00f4ng d\u1ee5ng<\/strong><\/h3>\n<ul style=\"text-align: justify;\">\n<li>\u0110\u01b0\u1ee3c chi\u1ebft xu\u1ea5t 100% t\u1eeb th\u1ea3o d\u01b0\u1ee3c thi\u00ean nhi\u00ean theo c\u00f4ng ngh\u1ec7 M\u1ef9<\/li>\n<li>H\u1ed7 tr\u1ee3 gi\u1ea3m c\u00e2n nhanh. C\u00f3 th\u1ec3 gi\u1ea3m t\u1eeb 3 &#8211; 8kg ch\u1ec9 sau m\u1ed9t th\u00e1ng t\u00f9y theo c\u01a1 \u0111\u1ecba c\u1ee7a t\u1eebng ng\u01b0\u1eddi.<\/li>\n<li>Gi\u1ea3m l\u01b0\u1ee3ng cholesterol trong m\u00e1u. T\u1ed1t cho ng\u01b0\u1eddi c\u00f3 t\u00ecnh tr\u1ea1ng m\u1ee1 m\u00e1u cao.<\/li>\n<li>Kh\u00f4ng g\u00e2y ra t\u00e1c d\u1ee5ng ph\u1ee5 khi s\u1eed d\u1ee5ng.<\/li>\n<li>Ng\u01b0\u1eddi d\u00f9ng kh\u00f4ng t\u0103ng c\u00e2n tr\u1edf l\u1ea1i khi ng\u01b0ng s\u1eed d\u1ee5ng s\u1ea3n ph\u1ea9m.<\/li>\n<\/ul>\n<h3 style=\"text-align: justify;\"><strong>Th\u00e0nh ph\u1ea7n<\/strong><\/h3>\n<p style=\"text-align: justify;\">&#8211; Chi\u1ebft xu\u1ea5t t\u1eeb tinh ch\u1ea5t tr\u00e0 xanh.<\/p>\n<p style=\"text-align: justify;\">&#8211; Chi\u1ebft xu\u1ea5t Nh\u1ee5y hoa h\u1ed3ng.<\/p>\n<p style=\"text-align: justify;\">&#8211; Chi\u1ebft xu\u1ea5t v\u1ecf cam.<\/p>\n<p style=\"text-align: justify;\">&#8211; Vitamin A IU 4500.<\/p>\n<p style=\"text-align: justify;\">&#8211; Vitamin D 250 IU.<\/p>\n<p style=\"text-align: justify;\">&#8211; Vitamin E 150 IU.<\/p>\n<p style=\"text-align: justify;\">Ngo\u00e0i t\u00e1c d\u1ee5ng gi\u1ea3m c\u00e2n Tinh ch\u1ea5t ICCG trong tr\u00e0 xanh h\u00f2a quy\u1ec7n v\u1edbi \u00a0chi\u1ebft xu\u1ea5t nh\u1ee5y hoa h\u1ed3ng v\u00e0 v\u1ecf cam, vi\u00ean gi\u1ea3m c\u00e2n\u00a0<strong><u>RICH SLIM<\/u>\u00a0<\/strong>c\u00f2n gi\u00fap cho c\u01a1 th\u1ec3 b\u1ea1n ch\u1ed1ng l\u1ea1i qu\u00e1 tr\u00ecnh l\u00e3o h\u00f3a, gi\u00fap da m\u1ecbn m\u00e0ng v\u00e0 t\u01b0\u01a1i tr\u1ebb .<\/p>\n<p><img decoding=\"async\" loading=\"lazy\" class=\"alignnone  wp-image-1739\" src=\"http:\/\/vitamin.webmaudep.net\/wp-content\/uploads\/2019\/08\/m\u00e3-qrc-code-c\u1ee7a-rich-slim-usa-300x300.jpg\" alt=\"\" width=\"389\" height=\"389\" srcset=\"https:\/\/vitamin.webmaudep.net\/wp-content\/uploads\/2019\/08\/m\u00e3-qrc-code-c\u1ee7a-rich-slim-usa-300x300.jpg 300w, https:\/\/vitamin.webmaudep.net\/wp-content\/uploads\/2019\/08\/m\u00e3-qrc-code-c\u1ee7a-rich-slim-usa-100x100.jpg 100w, https:\/\/vitamin.webmaudep.net\/wp-content\/uploads\/2019\/08\/m\u00e3-qrc-code-c\u1ee7a-rich-slim-usa-150x150.jpg 150w, https:\/\/vitamin.webmaudep.net\/wp-content\/uploads\/2019\/08\/m\u00e3-qrc-code-c\u1ee7a-rich-slim-usa.jpg 500w\" sizes=\"(max-width: 389px) 100vw, 389px\" \/><img decoding=\"async\" loading=\"lazy\" class=\"alignnone  wp-image-1740\" src=\"http:\/\/vitamin.webmaudep.net\/wp-content\/uploads\/2019\/08\/rich-slim-300x300.jpg\" alt=\"\" width=\"433\" height=\"433\" srcset=\"https:\/\/vitamin.webmaudep.net\/wp-content\/uploads\/2019\/08\/rich-slim-300x300.jpg 300w, https:\/\/vitamin.webmaudep.net\/wp-content\/uploads\/2019\/08\/rich-slim-100x100.jpg 100w, https:\/\/vitamin.webmaudep.net\/wp-content\/uploads\/2019\/08\/rich-slim-150x150.jpg 150w, https:\/\/vitamin.webmaudep.net\/wp-content\/uploads\/2019\/08\/rich-slim.jpg 450w\" sizes=\"(max-width: 433px) 100vw, 433px\" \/><\/p>\n<p style=\"text-align: center;\"><em>M\u00e3 QRC tra c\u1ee9u s\u1ea3n ph\u1ea9m<\/em><\/p>\n<h3 style=\"text-align: justify;\"><strong>C\u00e1ch d\u00f9ng<\/strong><\/h3>\n<p style=\"text-align: justify;\">&#8211; D\u00f9ng 2 vi\u00ean\/ng\u00e0y. 1 vi\u00ean tr\u01b0\u1edbc b\u1eefa \u0103n s\u00e1ng 30 ph\u00fat v\u00e0 1 vi\u00ean tr\u01b0\u1edbc khi \u0103n tr\u01b0a 30 ph\u00fat.<\/p>\n<p style=\"text-align: justify;\">Ch\u1ebf \u0111\u1ed9 \u0103n u\u1ed1ng, sinh ho\u1ea1t k\u1ebft h\u1ee3p \u0111\u1ec3 <a href=\"http:\/\/thaoduoc24h.com\/S%E1%BA%A3n%20ph%E1%BA%A9m\/slimtosen-giam-can-hieu-qua\/\"><em><strong>t\u0103ng hi\u1ec7u qu\u1ea3 gi\u1ea3m c\u00e2n<\/strong><\/em><\/a>:<\/p>\n<p style=\"text-align: justify;\">&#8211; B\u1ea1n n\u00ean k\u1ebft h\u1ee3p v\u1edbi vi\u1ec7c u\u1ed1ng nhi\u1ec1u n\u01b0\u1edbc l\u1ecdc.\u00a0 Vi\u1ec7c b\u1ed5 sung th\u00eam n\u01b0\u1edbc l\u1ecdc trong qu\u00e1 tr\u00ecnh d\u00f9ng s\u1ea3n ph\u1ea9m s\u1ebd t\u1ea1o m\u00f4i tr\u01b0\u1eddng thu\u1eadn l\u1ee3i cho s\u1ef1 ti\u00eau h\u1ee7y m\u1ee1 b\u00ean trong c\u01a1 th\u1ec3. \u0110\u1ed3ng th\u1eddi h\u1ed7 tr\u1ee3 c\u01a1 th\u1ec3 \u0111\u00e0o th\u1ea3i \u0111\u1ed9c t\u1ed1 qua n\u01b0\u1edbc ti\u1ec3u<\/p>\n<p style=\"text-align: justify;\">&#8211; Tuy\u1ec7t \u0111\u1ed1i kh\u00f4ng s\u1eed d\u1ee5ng \u0111\u1ed3 u\u1ed1ng c\u00f3 gas, \u0111\u01b0\u1eddng nh\u00e2n t\u1ea1o (n\u01b0\u1edbc ng\u1ecdt,n\u01b0\u1edbc qu\u1ea3 \u0111\u00f3ng lon trong th\u1eddi k\u00ec c\u1ea7n gi\u1ea3m c\u00e2n.<\/p>\n<p style=\"text-align: justify;\">&#8211; X\u00e2y d\u1ef1ng ch\u1ebf \u0111\u1ed9 \u0103n u\u1ed1ng l\u00e0nh m\u1ea1nh. T\u0103ng c\u01b0\u1eddng rau xanh, hoa qu\u1ea3 trong b\u1eefa \u0103n. Cung c\u1ea5p c\u01a1 th\u1ec3 nhi\u1ec1u \u0111\u1ea1m \u0111\u1ec3 t\u0103ng \u0111\u1ed9 s\u0103n ch\u1eafc cho c\u01a1.<a href=\"https:\/\/www.5giay.vn\/threads\/giam-can-ao-dinh-giam-3-5-kg-hop.9339688\/#post-1058438857\"><em>H\u1ea1n ch\u1ebf \u0103n nhi\u1ec1u lipid v\u00e0 tinh b\u1ed9t<\/em><\/a>.<\/p>\n<h3 style=\"text-align: justify;\"><strong>\u0110\u1ed1i t\u01b0\u1ee3ng c\u00f3 th\u1ec3 s\u1eed d\u1ee5ng s\u1ea3n ph\u1ea9m n\u00e0y?<\/strong><\/h3>\n<p style=\"text-align: justify;\">&#8211; C\u1ea3 nam v\u00e0 n\u1eef t\u1eeb 25 \u0111\u1ebfn 48 tu\u1ed5i\u00a0n\u1ebfu mu\u1ed1n gi\u1ea3m c\u00e2n c\u00f3 th\u1ec3 s\u1eed d\u1ee5ng\u00a0<strong><u>Rich Slim<\/u>.<\/strong><\/p>\n<p style=\"text-align: justify;\"><strong>\u00a0<\/strong><\/p>\n<h3 style=\"text-align: justify;\"><strong>\u0110\u1ed1i t\u01b0\u1ee3ng kh\u00f4ng n\u00ean s\u1eed d\u1ee5ng s\u1ea3n ph\u1ea9m?<\/strong><\/h3>\n<p style=\"text-align: justify;\">&#8211; Kh\u00f4ng s\u1eed d\u1ee5ng cho ph\u1ee5 n\u1eef mang thai v\u00e0 cho con b\u00fa.<\/p>\n<p style=\"text-align: justify;\">&#8211; Kh\u00f4ng s\u1eed d\u1ee5ng cho ng\u01b0\u1eddi b\u1ecb r\u1ed1i lo\u1ea1n t\u00e2m th\u1ea7n hay nghi\u1ec7n ma t\u00fay, thu\u1ed1c l\u00e1, r\u01b0\u1ee3u.<\/p>\n<p style=\"text-align: justify;\">&#8211; Kh\u00f4ng d\u00f9ng cho ng\u01b0\u1eddi suy gi\u1ea3m ch\u1ee9c n\u0103ng gan, th\u1eadn.<\/p>\n<h3 style=\"text-align: justify;\"><strong>Quy c\u00e1ch \u0111\u00f3ng g\u00f3i<\/strong><\/h3>\n<p style=\"text-align: justify;\">S\u1ea3n ph\u1ea9m\u00a0<strong><u>Rich Slim<\/u><\/strong>\u00a0m\u1eabu m\u1edbi nh\u1ea5t n\u0103m 2019 s\u1ebd c\u00f3 ch\u1eef &#8220;NEW&#8221; \u0111\u01b0\u1ee3c in tr\u00ean logo. H\u00ecnh d\u00e1ng, m\u00e0u s\u1eafc c\u1ee7a vi\u00ean thu\u1ed1c c\u0169ng \u0111\u01b0\u1ee3c thay \u0111\u1ed5i.<\/p>\n<p><img decoding=\"async\" loading=\"lazy\" class=\"wp-image-1741 aligncenter\" src=\"http:\/\/vitamin.webmaudep.net\/wp-content\/uploads\/2019\/08\/phan-biet-rich-slim-usa-2019-300x300.jpg\" alt=\"\" width=\"490\" height=\"490\" srcset=\"https:\/\/vitamin.webmaudep.net\/wp-content\/uploads\/2019\/08\/phan-biet-rich-slim-usa-2019-300x300.jpg 300w, https:\/\/vitamin.webmaudep.net\/wp-content\/uploads\/2019\/08\/phan-biet-rich-slim-usa-2019-100x100.jpg 100w, https:\/\/vitamin.webmaudep.net\/wp-content\/uploads\/2019\/08\/phan-biet-rich-slim-usa-2019-600x600.jpg 600w, https:\/\/vitamin.webmaudep.net\/wp-content\/uploads\/2019\/08\/phan-biet-rich-slim-usa-2019-150x150.jpg 150w, https:\/\/vitamin.webmaudep.net\/wp-content\/uploads\/2019\/08\/phan-biet-rich-slim-usa-2019-768x768.jpg 768w, https:\/\/vitamin.webmaudep.net\/wp-content\/uploads\/2019\/08\/phan-biet-rich-slim-usa-2019.jpg 800w\" sizes=\"(max-width: 490px) 100vw, 490px\" \/><\/p>\n<h3 style=\"text-align: center;\"><span style=\"color: #333399;\"><strong>V\u00ec sao b\u1ea1n y\u00ean t\u00e2m mua h\u00e0ng t\u1ea1i Vitamintot.com<\/strong><\/span><\/h3>\n<p style=\"text-align: justify;\">Vitamintot.com l\u00e0 \u0111\u1ecba ch\u1ec9 cung c\u1ea5p s\u1ea3n ph\u1ea9m gi\u1ea3m c\u00e2n Rich Slim ch\u00ednh h\u00e3ng tr\u00ean to\u00e0n qu\u1ed1c, gi\u00e1 c\u1ea3 c\u1ea1nh tranh. Kh\u00f4ng ch\u1ec9 v\u1eady Vitamintot.com c\u00f2n cung c\u1ea5p cho kh\u00e1ch h\u00e0ng d\u1ecbch v\u1ee5 ch\u0103m s\u00f3c kh\u00e1ch h\u00e0ng chu \u0111\u00e1o, nhi\u1ec7t t\u00ecnh. \u0110\u1ed9i ng\u0169 t\u01b0 v\u1ea5n vi\u00ean l\u00e0 th\u1ea1c s\u0129 d\u01b0\u1ee3c gi\u00e0u ki\u1ebfn th\u1ee9c chuy\u00ean ng\u00e0nh y, d\u01b0\u1ee3c n\u00ean h\u01b0\u1edbng d\u1eabn b\u1ea1n c\u00e1ch t\u1ed1t nh\u1ea5t \u0111\u1ec3 qu\u1ea3n l\u00fd s\u1ee9c kh\u1ecfe c\u1ee7a m\u00ecnh.<\/p>\n<p style=\"text-align: justify;\">N\u1ebfu b\u1ea1n quan t\u00e2m \u0111\u1ebfn s\u1ea3n ph\u1ea9m h\u00e3y li\u00ean h\u1ec7 ngay \u0111\u1ebfn hotline\u00a00961 684 655 \u2013 0243 999 0066\u00a0\u0111\u1ec3 \u0111\u01b0\u1ee3c t\u01b0 v\u1ea5n gi\u1ea3i \u0111\u00e1p m\u1ecdi th\u1eafc m\u1eafc c\u1ee7a b\u1ea1n!<\/p>\n<p style=\"text-align: justify;\">Ho\u1eb7c b\u1ea1n ch\u1ec9 c\u1ea7n \u0111\u1ec3 l\u1ea1i l\u1eddi nh\u1eafn qua hotline, t\u01b0 v\u1ea5n chuy\u00ean m\u00f4n c\u1ee7a ch\u00fang t\u00f4i s\u1ebd li\u00ean h\u1ec7 ngay v\u1edbi b\u1ea1n.<\/p>\n<p style=\"text-align: justify;\"><img decoding=\"async\" loading=\"lazy\" class=\"wp-image-818 size-full aligncenter\" src=\"http:\/\/vitamin.webmaudep.net\/wp-content\/uploads\/2018\/09\/cam-k\u1ebft-web-vitamin.jpg\" alt=\"\" width=\"801\" height=\"450\" srcset=\"https:\/\/vitamin.webmaudep.net\/wp-content\/uploads\/2018\/09\/cam-k\u1ebft-web-vitamin.jpg 801w, https:\/\/vitamin.webmaudep.net\/wp-content\/uploads\/2018\/09\/cam-k\u1ebft-web-vitamin-300x169.jpg 300w, https:\/\/vitamin.webmaudep.net\/wp-content\/uploads\/2018\/09\/cam-k\u1ebft-web-vitamin-600x337.jpg 600w, https:\/\/vitamin.webmaudep.net\/wp-content\/uploads\/2018\/09\/cam-k\u1ebft-web-vitamin-768x431.jpg 768w\" sizes=\"(max-width: 801px) 100vw, 801px\" \/><\/p>\n<h2><\/h2>\n<h2 style=\"text-align: center;\"><strong>C\u00d3 TH\u1ec2 B\u1ea0N QUAN T\u00c2M<\/strong><\/h2>\n<p style=\"text-align: center;\"><a href=\"http:\/\/vitamin.webmaudep.net\/san-pham\/best-slim-collagen-vien-giam-can-usa-mau-moi\/\"><span style=\"font-size: 24px; color: #333399;\"><em><strong>Vi\u00ean gi\u1ea3m c\u00e2n Best slim Collagen USA m\u1eabu m\u1edbi nh\u1ea5t.<\/strong><\/em><\/span><\/a><\/p>\n<p style=\"text-align: center;\"><a href=\"http:\/\/vitamin.webmaudep.net\/san-pham\/thuoc-giam-can-phuc-linh-xanh-new-lishou-24-vien\/\"><span style=\"font-size: 24px; color: #333399;\"><em><strong>Vi\u00ean gi\u1ea3m c\u00e2n Ph\u1ee5c Linh Xanh New Lishou<\/strong><\/em><\/span><\/a><\/p>\n<p style=\"text-align: center;\"><a href=\"http:\/\/vitamin.webmaudep.net\/san-pham\/giam-can-ao-dinh-hop-30-vien\/\"><span style=\"font-size: 24px; color: #333399;\"><em><strong>Vi\u00ean gi\u1ea3m c\u00e2n \u00c1o \u0110\u00ecnh<\/strong><\/em><\/span><\/a><\/p>\n<p style=\"text-align: justify;\"><span style=\"color: #333399;\"><em><strong>\u00a0<\/strong><\/em><\/span><\/p>\n<p style=\"text-align: justify;\"><strong>\u00a0<\/strong><\/p>\n","protected":false},"excerpt":{"rendered":"<p style=\"text-align: center;\"><span style=\"color: #ff6600;\"><strong>CH\u01af\u01a0NG TR\u00ccNH KHUY\u1ebeN M\u00c3I TRONG TH\u00c1NG. CH\u1ec8 850.000 \u0110\/ H\u1ed8P <\/strong><\/span><\/p>\n<p style=\"text-align: center;\"><strong><span style=\"color: #008000;\">MI\u1ec4N PH\u00cd GIAO H\u00c0NG TO\u00c0N QU\u1ed0C.\u00a0<\/span><\/strong><\/p>\n<p style=\"text-align: center;\"><strong><span style=\"color: #008000;\">QU\u00c0 T\u1eb6NG 3 MI\u1ebeNG M\u1eb6T N\u1ea0 D\u01af\u1ee0NG DA H\u1ed2NG S\u00c2M H\u00c0N QU\u1ed0C.<\/span><\/strong><\/p>\n<p style=\"text-align: center;\"><strong>Cam k\u1ebft ch\u1ec9 b\u00e1n h\u00e0ng ch\u00ednh h\u00e3ng<\/strong><\/p>\n<p style=\"text-align: center;\"><strong>Mua s\u1ea3n ph\u1ea9m gi\u1ea3m c\u00e2n t\u1ea1i Vitamintot.com v\u1edbi nhi\u1ec1u \u01b0u \u0111\u00e3i.<\/strong><\/p>\n<p><img decoding=\"async\" loading=\"lazy\" class=\"alignnone size-medium wp-image-1742 aligncenter\" src=\"http:\/\/vitamin.demo.xemwebmau.com\/wp-content\/uploads\/2019\/08\/tem-ch\u1ed1ng-h\u00e0ng-gi\u1ea3-rich-slim-300x278.jpg\" alt=\"\" width=\"300\" height=\"278\" srcset=\"https:\/\/vitamin.webmaudep.net\/wp-content\/uploads\/2019\/08\/tem-ch\u1ed1ng-h\u00e0ng-gi\u1ea3-rich-slim-300x278.jpg 300w, https:\/\/vitamin.webmaudep.net\/wp-content\/uploads\/2019\/08\/tem-ch\u1ed1ng-h\u00e0ng-gi\u1ea3-rich-slim.jpg 400w\" sizes=\"(max-width: 300px) 100vw, 300px\" \/><\/p>\n","protected":false},"featured_media":1738,"comment_status":"open","ping_status":"closed","template":"","meta":[],"product_cat":[756],"product_tag":[325,326,327,328,329],"_links":{"self":[{"href":"https:\/\/vitamin.webmaudep.net\/index.php?rest_route=\/wp\/v2\/product\/1737"}],"collection":[{"href":"https:\/\/vitamin.webmaudep.net\/index.php?rest_route=\/wp\/v2\/product"}],"about":[{"href":"https:\/\/vitamin.webmaudep.net\/index.php?rest_route=\/wp\/v2\/types\/product"}],"replies":[{"embeddable":true,"href":"https:\/\/vitamin.webmaudep.net\/index.php?rest_route=%2Fwp%2Fv2%2Fcomments&post=1737"}],"wp:featuredmedia":[{"embeddable":true,"href":"https:\/\/vitamin.webmaudep.net\/index.php?rest_route=\/wp\/v2\/media\/1738"}],"wp:attachment":[{"href":"https:\/\/vitamin.webmaudep.net\/index.php?rest_route=%2Fwp%2Fv2%2Fmedia&parent=1737"}],"wp:term":[{"taxonomy":"product_cat","embeddable":true,"href":"https:\/\/vitamin.webmaudep.net\/index.php?rest_route=%2Fwp%2Fv2%2Fproduct_cat&post=1737"},{"taxonomy":"product_tag","embeddable":true,"href":"https:\/\/vitamin.webmaudep.net\/index.php?rest_route=%2Fwp%2Fv2%2Fproduct_tag&post=1737"}],"curies":[{"name":"wp","href":"https:\/\/api.w.org\/{rel}","templated":true}]}}