{"id":2,"date":"2017-06-15T04:20:37","date_gmt":"2017-06-14T21:20:37","guid":{"rendered":"http:\/\/raothue.ddns.net\/demo\/rt-core\/?page_id=2"},"modified":"2022-05-26T14:57:07","modified_gmt":"2022-05-26T07:57:07","slug":"gioi-thieu","status":"publish","type":"page","link":"https:\/\/vitamin.webmaudep.net\/?page_id=2","title":{"rendered":"Gi\u1edbi thi\u1ec7u"},"content":{"rendered":"<h2 style=\"text-align: justify;\"><span style=\"color: #008000;\"><strong>GI\u1edaI THI\u1ec6U<\/strong><\/span><\/h2>\n<p style=\"text-align: center;\"><em><span style=\"color: #000000;\">&#8220;S\u1ee9c kh\u1ecfe l\u00e0 v\u1ed1n qu\u00fd gi\u00e1 nh\u1ea5t c\u1ee7a con ng\u01b0\u1eddi. C\u00f3 s\u1ee9c kh\u1ecfe l?c\u00f3 t\u1ea5t c\u1ea3&#8221;<\/span><\/em><\/p>\n<p>\u00a0<\/p>\n<p style=\"text-align: justify;\"><span style=\"color: #000000;\">Hi\u1ec3u \u0111\u01b0\u1ee3c nhu c\u1ea7u ch\u0103m s\u00f3c s\u1ee9c kh\u1ecfe ng\u00e0y c\u00e0ng cao c\u1ee7a ng\u01b0\u1eddi d\u00e2n website Vitamintot.com ch\u00ednh th\u1ee9c ra m\u1eaft t\u1eeb th\u00e1ng 1 n\u0103m 2016, l?trang web b\u00e1n s\u1ea3n ph\u1ea9m ch\u0103m s\u00f3c s\u1ee9c kh\u1ecfe tr\u1ef1c tuy\u1ebfn h\u00e0ng \u0111\u1ea7u t\u1ea1i Vi\u1ec7t Nam. Ch\u00fang t\u00f4i chuy\u00ean cung c\u1ea5p c\u00e1c s\u1ea3n ph\u1ea9m t\u1eeb c\u00e1c th\u01b0\u01a1ng hi\u1ec7u n\u1ed5i ti\u1ebfng v\u1edbi m\u1ee9c gi\u00e1 c\u1ea1nh tranh nh\u1ea5t.<\/span><\/p>\n<p style=\"text-align: justify;\"><span style=\"color: #000000;\">Lu\u00f4n \u0111\u1eb7t l\u1ee3i \u00edch c\u1ee7a kh\u00e1ch h\u00e0ng l\u00ean h\u00e0ng \u0111\u1ea7u v\u1edbi kh\u1ea9u hi\u1ec7u &#8220;V\u00ec s\u1ee9c kh\u1ecfe ng\u01b0\u1eddi Vi\u1ec7t&#8221;, \u00a0Vitamintot.com \u00e1p d\u1ee5ng ch\u00ednh s\u00e1ch \u01b0u \u0111\u00e3i, qu?t\u1eb7ng cho t\u1ea5t c\u1ea3 c\u00e1c \u0111\u01a1n h\u00e0ng tr\u00ean 500,000 VND. Ch\u00fang t\u00f4i th\u1ef1c hi\u1ec7n d\u1ecbch v\u1ee5 giao h\u00e0ng tr\u00ean to\u00e0n qu\u1ed1c trong kh\u00f4ng qu\u00e1 7 ng\u00e0y v?ch\u00ednh s\u00e1ch \u0111\u1ed5i tr\u1ea3 h\u00e0ng trong v\u00f2ng 30 ng\u00e0y. V\u1edbi ch\u00fang t\u00f4i, s\u1ef1 h\u00e0i l\u00f2ng v?tho\u1ea3i m\u00e1i c\u1ee7a qu\u00fd kh\u00e1ch lu\u00f4n l?\u01b0u ti\u00ean h\u00e0ng \u0111\u1ea7u trong ti\u00eau ch\u00ed ph\u1ee5c v\u1ee5 c\u0169ng nh\u01b0 ho\u1ea1t \u0111\u1ed9ng t\u1ea1i \u00a0Vitamintot.com.<\/span><\/p>\n<p style=\"text-align: justify;\"><span style=\"color: #000000;\">Kh\u00f4ng ch\u1ec9 l?k\u00eanh b\u00e1n l\u1ebb tr\u1ef1c tuy\u1ebfn h\u00e0ng \u0111\u1ea7u m?c\u00f2n l?m\u1ed9t m\u00f4i tr\u01b0\u1eddng l\u00e0m vi\u1ec7c \u0111a v\u0103n ho\u00e1 v?chuy\u00ean nghi\u1ec7p. Hi\u1ec7n t\u1ea1i, Vitamintot.com \u0111\u00e3 th\u1ec3 hi\u1ec7n s\u1ee9c v\u01b0\u01a1n m\u1ea1nh m\u1ebd v\u1edbi h\u01a1n \u0111\u1ed9i ng\u0169 nh\u00e2n vi\u00ean, b\u00e1c s\u0129, d\u01b0\u1ee3c s\u0129, tr\u00ecnh d\u01b0\u1ee3c vi\u00ean n\u0103ng \u0111\u1ed9ng v?\u0111\u1ea7y nhi\u1ec7t huy\u1ebft. Cung c\u1ea5p cho kh\u00e1ch h\u00e0ng kh\u00f4ng ch\u1ec9 nh\u1eefng s\u1ea3n ph\u1ea9m t\u1ed1t nh\u1ea5t m?c\u00f2n lu\u00f4n s\u1eb5n s\u00e0ng l\u1eafng nghe, h\u1ed7 tr\u1ee3 gi\u1ea3i \u0111\u00e1p v?t\u01b0 v\u1ea5n cho kh\u00e1ch nh\u1eefng th\u1eafc m\u1eafc, b\u0103n kho\u0103n trong vi\u1ec7c s\u1eed d\u1ee5ng s\u1ea3n ph\u1ea9m c\u0169ng nh\u01b0 ch\u0103m s\u00f3c s\u1ee9c kh\u1ecfe.<\/span><\/p>\n<hr \/>\n<h2 style=\"text-align: justify;\"><span style=\"color: #008000;\"><strong>T\u1ea6M NH\u00ccN<\/strong><\/span><\/h2>\n<p style=\"text-align: justify;\"><span style=\"color: #000000;\">Gi\u00fap kh\u00e1ch h\u00e0ng kh\u1eafp n\u01a1i c\u00f3 c\u01a1 h\u1ed9i s\u1eed d\u1ee5ng c\u00e1c s\u1ea3n ph\u1ea9m ch\u0103m s\u00f3c s\u1ee9c kh\u1ecfe t\u1ed1t nh\u1ea5t v\u1edbi chi ph\u00ed h\u1ee3p l\u00fd nh\u1ea5t.<\/span><\/p>\n<hr \/>\n<p style=\"text-align: justify;\">\u00a0<\/p>\n<h2 style=\"text-align: justify;\"><span style=\"color: #008000;\"><strong>S\u1ee8 M\u1ec6NH<\/strong><\/span><\/h2>\n<p style=\"text-align: center;\"><em><strong><span style=\"color: #000000;\">\u201cD\u1ed1c h\u1ebft tr\u00e1i tim ch\u0103m s\u00f3c s\u1ee9c kh\u1ecfe c\u1ed9ng \u0111\u1ed3ng\u201d.<\/span><\/strong><\/em><\/p>\n<p style=\"text-align: justify;\"><span style=\"color: #000000;\">\u0110\u1ec3 Ph\u00e1t Tri\u1ec3n \u0111\u01b0\u1ee3c trong h\u01a1n 4 n\u0103m qua, t\u1ea5t c\u1ea3 \u0111\u1ed9i ng\u0169 c\u1ee7a ch\u00fang t\u00f4i \u0111\u1ec1u th\u1ea5m nhu\u1ea7n quan \u0111i\u1ec3m \u201cM\u1ed7i Kh\u00e1ch H\u00e0ng L?M\u1ed9t \u00c2n Nh\u00e2n\u201d, n\u1ebfu kh\u00f4ng c\u00f3 s\u1ef1 \u1ee7ng h\u1ed9 c\u1ee7a Qu\u00fd kh\u00e1ch th\u00ec ch\u00fang t\u00f4i kh\u00f4ng th\u1ec3 t\u1ed3n t\u1ea1i \u0111\u01b0\u1ee3c! \u0110\u00f3 c\u0169ng l?t\u00f4n ch\u1ec9 ho\u1ea1t \u0111\u1ed9ng m?ch\u00fang t\u00f4i theo \u0111u\u1ed5i v?kh\u00f4ng ng\u1eebng n\u1ed7 l\u1ef1c mang \u0111\u1ebfn cho Qu\u00fd kh\u00e1ch nh\u1eefng tr\u1ea3i nghi\u1ec7m t\u1ed1t nh\u1ea5t khi mua s\u1ea3n ph\u1ea9m t\u1ea1i Vitamintot.com<\/span><\/p>\n<hr \/>\n<p style=\"text-align: justify;\">\u00a0<\/p>\n<h2 style=\"text-align: justify;\"><span style=\"color: #008000;\">\u0110I\u1ec2M M\u1ea0NH C\u1ee6A CH\u00daNG T\u00d4I<\/span><\/h2>\n<p>\u00a0<\/p>\n<h4 style=\"text-align: justify;\"><span style=\"color: #339966;\"><strong><img decoding=\"async\" loading=\"lazy\" class=\"alignnonewp-image-1900\" src=\"http:\/\/vitamin.webmaudep.net\/wp-content\/uploads\/2020\/04\/incon-d\u1ea5u-t\u00edch.jpg\" alt=\"\" width=\"30\" height=\"33\" \/>\u00a0Kinh nghi\u1ec7m t\u01b0 v\u1ea5n l\u00e2u n\u0103m<\/strong><\/span><\/h4>\n<p style=\"text-align: justify;\"><span style=\"color: #000000;\">Ch\u00fang t\u00f4i h\u1ee3p t\u00e1c v\u1edbi c\u00e1c chuy\u00ean gia l?Th\u1ea1c s\u0129 D\u01b0\u1ee3c s\u0129, Th\u1ea1c s\u0129 B\u00e1c s\u0129 l?c\u00e1c gi\u1ea3ng vi\u00ean t\u1ea1i c\u00e1c tr\u01b0\u1eddng \u0110\u1ea1i h\u1ecdc Y D\u01b0\u1ee3c l\u1edbn t\u1ea1i H?N\u1ed9i. V\u1edbi kinh nghi\u1ec7m chuy\u00ean m\u00f4n cao, Qu\u00fd v\u1ecb s\u1ebd \u0111\u01b0\u1ee3c t\u01b0 v\u1ea5n ph\u01b0\u01a1ng ph\u00e1p \u0111i\u1ec1u tr\u1ecb b\u1ec7nh, ph\u01b0\u01a1ng ph\u00e1p sinh ho\u1ea1t, duy tr\u00ec l\u1ed1i s\u1ed1ng h\u1ee3p l\u00fd. C\u0169ng nh\u01b0 c\u00e1c tr\u01b0\u1eddng h\u1ee3p n\u00e0o c\u1ea7n ph\u1ea3i \u0111\u1ebfn c\u00e1c c\u01a1 s\u1edf y t\u1ebf ngay l\u1eadp t\u1ee9c, c\u00e1c c\u01a1 s\u1edf y t\u1ebf ph\u00f9 h\u1ee3p v\u1edbi t\u1eebng lo\u1ea1i b\u1ec7nh.<\/span><\/p>\n<p style=\"text-align: justify;\">\u00a0<\/p>\n<p>\u00a0<\/p>\n<h4 style=\"text-align: justify;\"><span style=\"color: #339966;\"><strong><img decoding=\"async\" loading=\"lazy\" class=\"alignnonewp-image-1900\" src=\"http:\/\/vitamin.webmaudep.net\/wp-content\/uploads\/2020\/04\/incon-d\u1ea5u-t\u00edch.jpg\" alt=\"\" width=\"30\" height=\"33\" \/><\/strong><\/span><span style=\"color: #339966;\">S\u1ea3n ph\u1ea9m phong ph\u00fa, gi\u00e1 c\u1ea3 h\u1ee3p l\u00fd<\/span><\/h4>\n<p style=\"text-align: justify;\"><span style=\"color: #000000;\">\u2013 V\u1edbi l\u1ecbch s\u1eed ho\u1ea1t \u0111\u1ed9ng h\u01a1n 4 n\u0103m n\u00ean ch\u00fang t\u00f4i c\u00f3 m\u1ed1i quan h\u1ec7 th\u00e2n thi\u1ebft v\u1edbi c\u00e1c nh?cung c\u1ea5p, do v\u1eady ch\u00fang t\u00f4i \u0111\u00e3:<\/span><\/p>\n<p style=\"text-align: justify;\"><span style=\"color: #000000;\">\u2013 S\u1edf h\u1eefu danh m\u1ee5c s\u1ea3n ph\u1ea9m Th\u1ef1c ph\u1ea9m b\u1ea3o v\u1ec7 s\u1ee9c kh\u1ecfe r\u1ea5t phong ph\u00fa.<\/span><\/p>\n<p style=\"text-align: justify;\"><span style=\"color: #000000;\">\u2013 \u0110\u01b0\u1ee3c \u01b0u ti\u00ean gi\u00e1 t\u1ed1t nh\u1ea5t nh\u1eb1m mang \u0111\u1ebfn cho kh\u00e1ch h\u00e0ng nh\u1eefng s\u1ea3n ph\u1ea9m t\u1ed1t nh\u1ea5t v\u1edbi gi\u00e1 c\u1ea3 h\u1ee3p l\u00fd nh\u1ea5t.<\/span><\/p>\n<hr \/>\n<h3 style=\"text-align: justify;\"><span style=\"color: #008000;\"><strong>KINH NGHI\u1ec6M TRONG B\u00c1N H\u00c0NG TR\u1ef0C TUY\u1ebeN<\/strong><\/span><\/h3>\n<p style=\"text-align: justify;\"><span style=\"color: #000000;\">C\u00e1c ho\u1ea1t \u0111\u1ed9ng b\u00e1n h\u00e0ng tr\u1ef1c tuy\u1ebfn t\u1eeb n\u0103m 2016 n\u00ean ch\u00fang t\u00f4i \u0111\u00e3 x\u00e2y d\u1ef1ng \u0111\u01b0\u1ee3c m\u00f4 h\u00ecnh b\u00e1n h\u00e0ng tr\u1ef1c tuy\u1ebfn hi\u1ec7n \u0111\u1ea1i, nh\u1eb1m mang \u0111\u1ebfn cho kh\u00e1ch h\u00e0ng tr\u1ea3i nghi\u1ec7m mua s\u1eafm online thu\u1eadn ti\u1ec7n, nhanh ch\u00f3ng nh\u1ea5t.<\/span><\/p>\n<p style=\"text-align: justify;\"><span style=\"color: #000000;\">Giao h\u00e0ng to\u00e0n qu\u1ed1c: Ch\u00fang t\u00f4i \u0111\u00e3 k\u1ebft h\u1ee3p v\u1edbi c\u00e1c \u0111\u01a1n v\u1ecb chuy\u1ec3n ph\u00e1t nhanh uy t\u00edn nh\u1ea5t Vi\u1ec7t Nam nh\u01b0 VNPost, ViettelPost, Giaohangnhanh,\u2026 n\u00ean c\u00f3 th\u1ec3 giao h\u00e0ng to\u00e0n qu\u1ed1c. Qu\u00fd kh\u00e1ch c\u00f3 th\u1ec3 nh\u1eadn h\u00e0ng t\u1ea1i nh\u00e0, ki\u1ec3m tra s\u1ea3n ph\u1ea9m tho\u1ea3i m\u00e1i tr\u01b0\u1edbc khi thanh to\u00e1n cho nh\u00e2n vi\u00ean giao h\u00e0ng.<\/span><\/p>\n<hr \/>\n<p style=\"text-align: justify;\">\u00a0<\/p>\n<p style=\"text-align: center;\"><span style=\"color: #000000;\">Th\u00f4ng Tin Li\u00ean H\u1ec7<\/span><\/p>\n<p style=\"text-align: center;\"><span style=\"color: #000000;\">Qu\u00fd kh\u00e1ch c\u00f3 nhu c\u1ea7u li\u00ean l\u1ea1c, trao \u0111\u1ed5i ho\u1eb7c \u0111\u00f3ng g\u00f3p \u00fd ki\u1ebfn, vui l\u00f2ng tham kh\u1ea3o c\u00e1c th\u00f4ng tin sau:<\/span><\/p>\n<p style=\"text-align: center;\"><span style=\"color: #000000;\">Li\u00ean l\u1ea1c qua \u0111i\u1ec7n tho\u1ea1i: 0961 684 655 \/ 0243 999 0066<\/span><\/p>\n<p style=\"text-align: center;\"><span style=\"color: #000000;\">Li\u00ean l\u1ea1c qua email: vitamintot.vn@gmail.com<\/span><\/p>\n<p style=\"text-align: center;\"><span style=\"color: #000000;\">Fanpage c\u1ee7a ch\u00fang t\u00f4i: <a style=\"color: #000000;\" href=\"https:\/\/www.facebook.com\/Vitaminetot\/\">https:\/\/www.facebook.com\/Vitaminetot\/<\/a><\/span><\/p>\n<p style=\"text-align: center;\"><span style=\"color: #000000;\">\u0110\u1ed1i t\u00e1c c\u00f3 nhu c\u1ea7u h\u1ee3p t\u00e1c qu\u1ea3ng c\u00e1o ho\u1eb7c kinh doanh: vitamintot.vn@gmail.com<\/span><\/p>\n","protected":false},"excerpt":{"rendered":"<p>GI\u1edaI THI\u1ec6U &#8220;S\u1ee9c kh\u1ecfe l\u00e0 v\u1ed1n qu\u00fd gi\u00e1 nh\u1ea5t c\u1ee7a con ng\u01b0\u1eddi. C\u00f3 s\u1ee9c kh\u1ecfe l?c\u00f3 t\u1ea5t c\u1ea3&#8221; \u00a0 Hi\u1ec3u \u0111\u01b0\u1ee3c nhu c\u1ea7u ch\u0103m s\u00f3c s\u1ee9c kh\u1ecfe ng\u00e0y c\u00e0ng cao c\u1ee7a ng\u01b0\u1eddi d\u00e2n website Vitamintot.com ch\u00ednh th\u1ee9c ra m\u1eaft t\u1eeb th\u00e1ng 1 n\u0103m 2016, l?trang web b\u00e1n s\u1ea3n ph\u1ea9m ch\u0103m s\u00f3c s\u1ee9c kh\u1ecfe tr\u1ef1c tuy\u1ebfn [&#8230;]\n","protected":false},"author":45,"featured_media":0,"parent":0,"menu_order":7,"comment_status":"closed","ping_status":"closed","template":"","meta":[],"_links":{"self":[{"href":"https:\/\/vitamin.webmaudep.net\/index.php?rest_route=\/wp\/v2\/pages\/2"}],"collection":[{"href":"https:\/\/vitamin.webmaudep.net\/index.php?rest_route=\/wp\/v2\/pages"}],"about":[{"href":"https:\/\/vitamin.webmaudep.net\/index.php?rest_route=\/wp\/v2\/types\/page"}],"author":[{"embeddable":true,"href":"https:\/\/vitamin.webmaudep.net\/index.php?rest_route=\/wp\/v2\/users\/45"}],"replies":[{"embeddable":true,"href":"https:\/\/vitamin.webmaudep.net\/index.php?rest_route=%2Fwp%2Fv2%2Fcomments&post=2"}],"version-history":[{"count":6,"href":"https:\/\/vitamin.webmaudep.net\/index.php?rest_route=\/wp\/v2\/pages\/2\/revisions"}],"predecessor-version":[{"id":3422,"href":"https:\/\/vitamin.webmaudep.net\/index.php?rest_route=\/wp\/v2\/pages\/2\/revisions\/3422"}],"wp:attachment":[{"href":"https:\/\/vitamin.webmaudep.net\/index.php?rest_route=%2Fwp%2Fv2%2Fmedia&parent=2"}],"curies":[{"name":"wp","href":"https:\/\/api.w.org\/{rel}","templated":true}]}}