{"id":15,"date":"2017-06-15T06:35:55","date_gmt":"2017-06-15T06:35:55","guid":{"rendered":"http:\/\/raothue.ddns.net\/demo\/rt-core\/?page_id=15"},"modified":"2022-02-22T16:33:43","modified_gmt":"2022-02-22T09:33:43","slug":"lien-he","status":"publish","type":"page","link":"https:\/\/vitamin.webmaudep.net\/?page_id=15","title":{"rendered":"Li\u00ean h\u1ec7"},"content":{"rendered":"<div class=\"row page_lh\"  id=\"row-1189047186\">\n\n\t<div id=\"col-1629969886\" class=\"col medium-6 small-12 large-6\"  >\n\t\t\t\t<div class=\"col-inner\"  >\n\t\t\t\n\t\t\t\n<h2>Th\u00f4ng Tin Li\u00ean H\u1ec7<\/h2>\n<p>Qu\u00fd kh\u00e1ch c\u00f3 nhu c\u1ea7u li\u00ean l\u1ea1c, trao \u0111\u1ed5i ho\u1eb7c \u0111\u00f3ng g\u00f3p \u00fd ki\u1ebfn, vui l\u00f2ng tham kh\u1ea3o c\u00e1c th\u00f4ng tin sau:<\/p>\n<p>Li\u00ean l\u1ea1c qua \u0111i\u1ec7n tho\u1ea1i: 0961 684 655 \/ 0243 999 0066<\/p>\n<p>Li\u00ean l\u1ea1c qua email: vitamintot.vn@gmail.com<\/p>\n<p>Fanpage:\u00a0<a href=\"https:\/\/www.facebook.com\/Vitaminetot\/\">https:\/\/www.fb.com\/Vitaminetot<\/a><\/p>\n<p>\u0110\u1ed1i t\u00e1c c\u00f3 nhu c\u1ea7u h\u1ee3p t\u00e1c qu\u1ea3ng c\u00e1o ho\u1eb7c kinh doanh: vitamintot.vn@gmail.com<\/p>\n<h2>\u0110\u1ec3 l\u1ea1i tin nh\u1eafn cho ch\u00fang t\u00f4i<\/h2>\n\n<div class=\"wpcf7 no-js\" id=\"wpcf7-f3207-o1\" lang=\"vi\" dir=\"ltr\">\n<div class=\"screen-reader-response\"><p role=\"status\" aria-live=\"polite\" aria-atomic=\"true\"><\/p> <ul><\/ul><\/div>\n<form action=\"\/index.php?rest_route=%2Fwp%2Fv2%2Fpages%2F15#wpcf7-f3207-o1\" method=\"post\" class=\"wpcf7-form init\" aria-label=\"Form li\u00ean h\u1ec7\" novalidate=\"novalidate\" data-status=\"init\">\n<div style=\"display: none;\">\n<input type=\"hidden\" name=\"_wpcf7\" value=\"3207\" \/>\n<input type=\"hidden\" name=\"_wpcf7_version\" value=\"5.7.6\" \/>\n<input type=\"hidden\" name=\"_wpcf7_locale\" value=\"vi\" \/>\n<input type=\"hidden\" name=\"_wpcf7_unit_tag\" value=\"wpcf7-f3207-o1\" \/>\n<input type=\"hidden\" name=\"_wpcf7_container_post\" value=\"0\" \/>\n<input type=\"hidden\" name=\"_wpcf7_posted_data_hash\" value=\"\" \/>\n<\/div>\n<div class=\"dltn\">\n\t<p><span class=\"wpcf7-form-control-wrap\" data-name=\"text-273\"><input size=\"40\" class=\"wpcf7-form-control wpcf7-text wpcf7-validates-as-required\" aria-required=\"true\" aria-invalid=\"false\" placeholder=\"T\u00ean c\u1ee7a b\u1ea1n\" value=\"\" type=\"text\" name=\"text-273\" \/><\/span><span class=\"wpcf7-form-control-wrap\" data-name=\"email-658\"><input size=\"40\" class=\"wpcf7-form-control wpcf7-text wpcf7-email wpcf7-validates-as-required wpcf7-validates-as-email\" aria-required=\"true\" aria-invalid=\"false\" placeholder=\"E-mail\" value=\"\" type=\"email\" name=\"email-658\" \/><\/span><span class=\"wpcf7-form-control-wrap\" data-name=\"text-274\"><input size=\"40\" class=\"wpcf7-form-control wpcf7-text\" aria-invalid=\"false\" placeholder=\"M\u00f4n h\u1ecdc\" value=\"\" type=\"text\" name=\"text-274\" \/><\/span><span class=\"wpcf7-form-control-wrap\" data-name=\"textarea-416\"><textarea cols=\"40\" rows=\"10\" class=\"wpcf7-form-control wpcf7-textarea\" aria-invalid=\"false\" placeholder=\"Tin nh\u1eafn\" name=\"textarea-416\"><\/textarea><\/span><input class=\"wpcf7-form-control has-spinner wpcf7-submit\" type=\"submit\" value=\"G\u1eedi\" \/>\n\t<\/p>\n<\/div><div class=\"wpcf7-response-output\" aria-hidden=\"true\"><\/div>\n<\/form>\n<\/div>\n\n\t\t<\/div>\n\t\t\t\t\t<\/div>\n\n\t\n\n\t<div id=\"col-1783052081\" class=\"col medium-6 small-12 large-6\"  >\n\t\t\t\t<div class=\"col-inner\"  >\n\t\t\t\n\t\t\t\n<p><iframe src=\"https:\/\/www.google.com\/maps\/embed?pb=!1m18!1m12!1m3!1d3724.825360409256!2d105.82126551531343!3d20.99963649414689!2m3!1f0!2f0!3f0!3m2!1i1024!2i768!4f13.1!3m3!1m2!1s0x3135ac88ae7cea91%3A0xe01b5f33acd8b1ac!2zMzQgUC4gQ8O5IENow61uaCBMYW4sIEtoxrDGoW5nIE1haSwgVGhhbmggWHXDom4sIEjDoCBO4buZaSwgVmnhu4d0IE5hbQ!5e0!3m2!1svi!2s!4v1645521635839!5m2!1svi!2s\" width=\"100%\" height=\"750px\" style=\"border:0;\" allowfullscreen=\"\" loading=\"lazy\"><\/iframe><\/p>\n\t\t<\/div>\n\t\t\t\t\t<\/div>\n\n\t\n<\/div>\n","protected":false},"excerpt":{"rendered":"","protected":false},"author":45,"featured_media":0,"parent":0,"menu_order":10,"comment_status":"closed","ping_status":"closed","template":"page-blank.php","meta":[],"_links":{"self":[{"href":"https:\/\/vitamin.webmaudep.net\/index.php?rest_route=\/wp\/v2\/pages\/15"}],"collection":[{"href":"https:\/\/vitamin.webmaudep.net\/index.php?rest_route=\/wp\/v2\/pages"}],"about":[{"href":"https:\/\/vitamin.webmaudep.net\/index.php?rest_route=\/wp\/v2\/types\/page"}],"author":[{"embeddable":true,"href":"https:\/\/vitamin.webmaudep.net\/index.php?rest_route=\/wp\/v2\/users\/45"}],"replies":[{"embeddable":true,"href":"https:\/\/vitamin.webmaudep.net\/index.php?rest_route=%2Fwp%2Fv2%2Fcomments&post=15"}],"version-history":[{"count":15,"href":"https:\/\/vitamin.webmaudep.net\/index.php?rest_route=\/wp\/v2\/pages\/15\/revisions"}],"predecessor-version":[{"id":3211,"href":"https:\/\/vitamin.webmaudep.net\/index.php?rest_route=\/wp\/v2\/pages\/15\/revisions\/3211"}],"wp:attachment":[{"href":"https:\/\/vitamin.webmaudep.net\/index.php?rest_route=%2Fwp%2Fv2%2Fmedia&parent=15"}],"curies":[{"name":"wp","href":"https:\/\/api.w.org\/{rel}","templated":true}]}}